{"id":1099,"date":"2022-06-30T16:07:01","date_gmt":"2022-06-30T14:07:01","guid":{"rendered":"https:\/\/www.infomedia42.com\/orion\/?page_id=1099"},"modified":"2024-02-01T12:39:55","modified_gmt":"2024-02-01T11:39:55","slug":"offre-demploi","status":"publish","type":"page","link":"https:\/\/www.infomedia42.com\/orion\/qui-sommes-nous\/offre-demploi\/","title":{"rendered":"Offre d&#8217;emploi"},"content":{"rendered":"\n<p><\/p>\n\n\n\n<h2 class=\"wp-block-heading\">Infomedia recherche des animatrices et des animateurs.<\/h2>\n\n\n\n<p>L&rsquo;Association InfoMedia organise sur ses sites d&rsquo;ANDREZIEUX-BOUTHEON, SAINT JUST-SAINT RAMBERT et SAINT MARCELLIN des ateliers d&rsquo;initiation \u00e0 la micro-informatique et au Multim\u00e9dia.<\/p>\n\n\n\n<p>Pour faire face \u00e0 son succ\u00e8s et pour r\u00e9pondre \u00e0 une demande qui ne faiblit pas, et qui touche sans cesse de nouveaux domaines, elle est en recherche permanente de nouvelles comp\u00e9tences.<\/p>\n\n\n\n<h4 class=\"wp-block-heading\">Profil recherch\u00e9 :<\/h4>\n\n\n\n<p>Vous avez quelques notions d&rsquo;informatique, vous avez du temps pour les partager avec d&rsquo;autres, vous \u00eates curieux et pr\u00eat \u00e0 sortir de votre zone de confort, vous aimez l&rsquo;animation, la vie en association, vous \u00eates convaincu de la force et de l&rsquo;utilit\u00e9 du b\u00e9n\u00e9volat, vous n&rsquo;avez pas la grosse t\u00eate, mais vous cherchez un nouveau challenge, InfoMedia a ce qu&rsquo;il vous faut : un \u00abposte\u00bb d&rsquo;animateur b\u00e9n\u00e9vole !<\/p>\n\n\n\n<h4 class=\"wp-block-heading\">Plusieurs missions vous attendent (au choix, quand m\u00eame !) :<\/h4>\n\n\n\n<ul class=\"wp-block-list\">\n<li>Un jour par semaine, animer un atelier (un groupe d&rsquo;une dizaine de personnes avec qui vous allez essayer de partager ce que vous croyez avoir d\u00e9j\u00e0 d\u00e9couvert sur l&rsquo;informatique).<br>Vous pouvez bien s\u00fbr cr\u00e9er un atelier sur une activit\u00e9 nouvelle, l&rsquo;informatique \u00e9volue chaque jour !<br><\/li>\n\n\n\n<li>Organiser \u00e0 votre convenance ou une plusieurs soir\u00e9es th\u00e9matiques sur un sujet qui vous passionne<br><\/li>\n\n\n\n<li>Participer \u00e0 la maintenance et \u00e0 l&rsquo;am\u00e9lioration du mat\u00e9riel (des PC, des imprimantes 3D, des machines de num\u00e9risation, des outils de d\u00e9pannage au r\u00e9par&rsquo;CAF\u00c9)<br><\/li>\n\n\n\n<li>Animer des r\u00e9par&rsquo;CAF\u00c9<\/li>\n<\/ul>\n\n\n\n<h4 class=\"wp-block-heading\">L&rsquo;ambiance :<\/h4>\n\n\n\n<p>si vous avez un peu d&rsquo;humour, vous verrez que le travail en \u00e9quipe est compatible avec une certaine convivialit\u00e9 (A InfoMedia, c&rsquo;est m\u00eame une convivialit\u00e9 certaine !)&#8230;<\/p>\n\n\n\n<h4 class=\"wp-block-heading\"><strong>Les moyens :<\/strong><\/h4>\n\n\n\n<p>InfoMedia fournit les PC, les logiciels, la salle (5 salles \u00e9quip\u00e9es de PC performants et vid\u00e9o-projecteurs, plus 3 salles \u00e0 vocation d&rsquo;atelier (avec m\u00eame des PC !) , un co-animateur si vous le souhaitez, quelques conseils si nous le pouvons.<\/p>\n\n\n\n<h4 class=\"wp-block-heading\">Votre r\u00e9mun\u00e9ration :<\/h4>\n\n\n\n<p>Quand vous aurez la chance de travailler avec le pr\u00e9sident, il ne manquera pas de vous offrir \u00e0 boire (sans alcool, bien s\u00fbr), mais il vous faudra payer quand m\u00eame payer votre cotisation comme les autres adh\u00e9rents !.<\/p>\n\n\n\n<h4 class=\"wp-block-heading\">Perspectives d&rsquo;\u00e9volution :<\/h4>\n\n\n\n<p>\u00e0 InfoMedia , la promotion est rapide, on pourra m\u00eame vous confier tr\u00e8s vite de nouvelles responsabilit\u00e9s si vous le souhaitez (am\u00e9liorer les locaux, cr\u00e9er un nouvel atelier, vous faire \u00e9lire au conseil d&rsquo;administration, et m\u00eame participer aux t\u00e2ches m\u00e9nag\u00e8res ! ).<\/p>\n\n\n\n<h4 class=\"wp-block-heading\">Si vous \u00eates int\u00e9ress\u00e9(e) :<\/h4>\n\n\n\n<p>N&rsquo;h\u00e9sitez pas \u00e0 prendre rendez vous avec nous par mail \u00e0<a href=\"mailto:secretaire@infomedia42.com\"> secretaire@infomedia42.com<\/a> ou <a href=\"mailto:president@infomedia42.com\">president@infomedia42.com<\/a> Vous pouvez aussi t\u00e9l\u00e9phoner au Pr\u00e9sident, Jacques, au 04 77 52 43 46<\/p>\n\n\n\n<table id=\"tablepress-12\" class=\"tablepress tablepress-id-12\">\n<thead>\n<tr class=\"row-1\">\n\t<th class=\"column-1\">Qui sommes nous ?<\/th><th class=\"column-2\"><a href=\"https:\/\/www.infomedia42.com\/orion\/qui-sommes-nous\/presentation\">Pr\u00e9sentation de l'association<\/a><br \/>\n<a href=\"https:\/\/www.infomedia42.com\/orion\/qui-sommes-nous\/offre-demploi\/\">Offre d'emploi<\/a><br \/>\n<a href=\"https:\/\/www.infomedia42.com\/orion\/qui-sommes-nous\/notre-conseil-d-administration\/\">Le conseil d'administration<\/a><br \/>\n<a href=\"https:\/\/www.infomedia42.com\/orion\/qui-sommes-nous\/satuts-et-reglement-interieur\/\">Statuts et r\u00e8glement int\u00e9rieur<\/a><br \/>\n<a href=\"https:\/\/www.infomedia42.com\/orion\/qui-sommes-nous\/contact\/\">Nous contacter<\/a><br \/>\n<br \/>\n<\/th>\n<\/tr>\n<\/thead>\n<tbody class=\"row-striping row-hover\">\n<\/tbody>\n<\/table>\n<!-- #tablepress-12 from cache -->\n\n\n\n<p><\/p>\n\n\n\n<p class=\"has-white-color has-text-color has-link-color wp-elements-28ff4bd27c13c5b86325fec54bb3b3c2\">Infomedia42.com &#8211; l&rsquo;informatique pour tous \u00e0 Andr\u00e9zieux-Bouth\u00e9on, Saint Just-Saint Rambert, Saint Marcellin en Forez<br>InfoMedia, votre association, votre club, pour l&rsquo;initiation \u00e0 l&rsquo;informatique et au multimedia :<br>Bureautique, Internet, facebook, Conception et impression 3D, num\u00e9risation, montage vid\u00e9o, retouche photo, club photo, MAC, Raspberry, r\u00e9par caf\u00e9<\/p>\n","protected":false},"excerpt":{"rendered":"<p>Infomedia recherche des animatrices et des animateurs. L&rsquo;Association InfoMedia organise sur ses sites d&rsquo;ANDREZIEUX-BOUTHEON, SAINT JUST-SAINT RAMBERT et SAINT MARCELLIN des ateliers d&rsquo;initiation \u00e0 la micro-informatique et au Multim\u00e9dia. Pour faire face \u00e0 son succ\u00e8s et pour r\u00e9pondre \u00e0 une demande qui ne faiblit pas, et qui touche sans cesse de nouveaux domaines, elle est [&hellip;]<\/p>\n","protected":false},"author":1,"featured_media":0,"parent":122,"menu_order":0,"comment_status":"closed","ping_status":"closed","template":"","meta":{"footnotes":"","_links_to":"","_links_to_target":""},"class_list":["post-1099","page","type-page","status-publish","czr-hentry"],"yoast_head":"<!-- This site is optimized with the Yoast SEO plugin v27.5 - https:\/\/yoast.com\/product\/yoast-seo-wordpress\/ -->\n<title>Offre d&#039;emploi - InfoMedia-L&#039;informatique pour tous<\/title>\n<meta name=\"robots\" content=\"index, follow, max-snippet:-1, max-image-preview:large, max-video-preview:-1\" \/>\n<link rel=\"canonical\" href=\"https:\/\/www.infomedia42.com\/orion\/qui-sommes-nous\/offre-demploi\/\" \/>\n<meta property=\"og:locale\" content=\"fr_FR\" \/>\n<meta property=\"og:type\" content=\"article\" \/>\n<meta property=\"og:title\" content=\"Offre d&#039;emploi - InfoMedia-L&#039;informatique pour tous\" \/>\n<meta property=\"og:description\" content=\"Infomedia recherche des animatrices et des animateurs. L&rsquo;Association InfoMedia organise sur ses sites d&rsquo;ANDREZIEUX-BOUTHEON, SAINT JUST-SAINT RAMBERT et SAINT MARCELLIN des ateliers d&rsquo;initiation \u00e0 la micro-informatique et au Multim\u00e9dia. Pour faire face \u00e0 son succ\u00e8s et pour r\u00e9pondre \u00e0 une demande qui ne faiblit pas, et qui touche sans cesse de nouveaux domaines, elle est [&hellip;]\" \/>\n<meta property=\"og:url\" content=\"https:\/\/www.infomedia42.com\/orion\/qui-sommes-nous\/offre-demploi\/\" \/>\n<meta property=\"og:site_name\" content=\"InfoMedia-L&#039;informatique pour tous\" \/>\n<meta property=\"article:modified_time\" content=\"2024-02-01T11:39:55+00:00\" \/>\n<meta name=\"twitter:card\" content=\"summary_large_image\" \/>\n<meta name=\"twitter:label1\" content=\"Dur\u00e9e de lecture estim\u00e9e\" \/>\n\t<meta name=\"twitter:data1\" content=\"3 minutes\" \/>\n<script type=\"application\/ld+json\" class=\"yoast-schema-graph\">{\"@context\":\"https:\\\/\\\/schema.org\",\"@graph\":[{\"@type\":\"WebPage\",\"@id\":\"https:\\\/\\\/www.infomedia42.com\\\/orion\\\/qui-sommes-nous\\\/offre-demploi\\\/\",\"url\":\"https:\\\/\\\/www.infomedia42.com\\\/orion\\\/qui-sommes-nous\\\/offre-demploi\\\/\",\"name\":\"Offre d'emploi - InfoMedia-L&#039;informatique pour tous\",\"isPartOf\":{\"@id\":\"https:\\\/\\\/www.infomedia42.com\\\/orion\\\/#website\"},\"datePublished\":\"2022-06-30T14:07:01+00:00\",\"dateModified\":\"2024-02-01T11:39:55+00:00\",\"breadcrumb\":{\"@id\":\"https:\\\/\\\/www.infomedia42.com\\\/orion\\\/qui-sommes-nous\\\/offre-demploi\\\/#breadcrumb\"},\"inLanguage\":\"fr-FR\",\"potentialAction\":[{\"@type\":\"ReadAction\",\"target\":[\"https:\\\/\\\/www.infomedia42.com\\\/orion\\\/qui-sommes-nous\\\/offre-demploi\\\/\"]}]},{\"@type\":\"BreadcrumbList\",\"@id\":\"https:\\\/\\\/www.infomedia42.com\\\/orion\\\/qui-sommes-nous\\\/offre-demploi\\\/#breadcrumb\",\"itemListElement\":[{\"@type\":\"ListItem\",\"position\":1,\"name\":\"Accueil\",\"item\":\"https:\\\/\\\/www.infomedia42.com\\\/orion\\\/\"},{\"@type\":\"ListItem\",\"position\":2,\"name\":\"Qui sommes nous\",\"item\":\"https:\\\/\\\/www.infomedia42.com\\\/orion\\\/qui-sommes-nous\\\/\"},{\"@type\":\"ListItem\",\"position\":3,\"name\":\"Offre d&#8217;emploi\"}]},{\"@type\":\"WebSite\",\"@id\":\"https:\\\/\\\/www.infomedia42.com\\\/orion\\\/#website\",\"url\":\"https:\\\/\\\/www.infomedia42.com\\\/orion\\\/\",\"name\":\"InfoMedia-L&#039;informatique pour tous\",\"description\":\"Site de l&#039;association InfoMedia\",\"publisher\":{\"@id\":\"https:\\\/\\\/www.infomedia42.com\\\/orion\\\/#organization\"},\"potentialAction\":[{\"@type\":\"SearchAction\",\"target\":{\"@type\":\"EntryPoint\",\"urlTemplate\":\"https:\\\/\\\/www.infomedia42.com\\\/orion\\\/?s={search_term_string}\"},\"query-input\":{\"@type\":\"PropertyValueSpecification\",\"valueRequired\":true,\"valueName\":\"search_term_string\"}}],\"inLanguage\":\"fr-FR\"},{\"@type\":\"Organization\",\"@id\":\"https:\\\/\\\/www.infomedia42.com\\\/orion\\\/#organization\",\"name\":\"InfoMedia-L&#039;informatique pour tous\",\"url\":\"https:\\\/\\\/www.infomedia42.com\\\/orion\\\/\",\"logo\":{\"@type\":\"ImageObject\",\"inLanguage\":\"fr-FR\",\"@id\":\"https:\\\/\\\/www.infomedia42.com\\\/orion\\\/#\\\/schema\\\/logo\\\/image\\\/\",\"url\":\"https:\\\/\\\/www.infomedia42.com\\\/orion\\\/wp-content\\\/uploads\\\/2024\\\/01\\\/cropped-Logodyn3secondes.gif\",\"contentUrl\":\"https:\\\/\\\/www.infomedia42.com\\\/orion\\\/wp-content\\\/uploads\\\/2024\\\/01\\\/cropped-Logodyn3secondes.gif\",\"width\":290,\"height\":290,\"caption\":\"InfoMedia-L&#039;informatique pour tous\"},\"image\":{\"@id\":\"https:\\\/\\\/www.infomedia42.com\\\/orion\\\/#\\\/schema\\\/logo\\\/image\\\/\"}}]}<\/script>\n<!-- \/ Yoast SEO plugin. -->","yoast_head_json":{"title":"Offre d'emploi - InfoMedia-L&#039;informatique pour tous","robots":{"index":"index","follow":"follow","max-snippet":"max-snippet:-1","max-image-preview":"max-image-preview:large","max-video-preview":"max-video-preview:-1"},"canonical":"https:\/\/www.infomedia42.com\/orion\/qui-sommes-nous\/offre-demploi\/","og_locale":"fr_FR","og_type":"article","og_title":"Offre d'emploi - InfoMedia-L&#039;informatique pour tous","og_description":"Infomedia recherche des animatrices et des animateurs. L&rsquo;Association InfoMedia organise sur ses sites d&rsquo;ANDREZIEUX-BOUTHEON, SAINT JUST-SAINT RAMBERT et SAINT MARCELLIN des ateliers d&rsquo;initiation \u00e0 la micro-informatique et au Multim\u00e9dia. Pour faire face \u00e0 son succ\u00e8s et pour r\u00e9pondre \u00e0 une demande qui ne faiblit pas, et qui touche sans cesse de nouveaux domaines, elle est [&hellip;]","og_url":"https:\/\/www.infomedia42.com\/orion\/qui-sommes-nous\/offre-demploi\/","og_site_name":"InfoMedia-L&#039;informatique pour tous","article_modified_time":"2024-02-01T11:39:55+00:00","twitter_card":"summary_large_image","twitter_misc":{"Dur\u00e9e de lecture estim\u00e9e":"3 minutes"},"schema":{"@context":"https:\/\/schema.org","@graph":[{"@type":"WebPage","@id":"https:\/\/www.infomedia42.com\/orion\/qui-sommes-nous\/offre-demploi\/","url":"https:\/\/www.infomedia42.com\/orion\/qui-sommes-nous\/offre-demploi\/","name":"Offre d'emploi - InfoMedia-L&#039;informatique pour tous","isPartOf":{"@id":"https:\/\/www.infomedia42.com\/orion\/#website"},"datePublished":"2022-06-30T14:07:01+00:00","dateModified":"2024-02-01T11:39:55+00:00","breadcrumb":{"@id":"https:\/\/www.infomedia42.com\/orion\/qui-sommes-nous\/offre-demploi\/#breadcrumb"},"inLanguage":"fr-FR","potentialAction":[{"@type":"ReadAction","target":["https:\/\/www.infomedia42.com\/orion\/qui-sommes-nous\/offre-demploi\/"]}]},{"@type":"BreadcrumbList","@id":"https:\/\/www.infomedia42.com\/orion\/qui-sommes-nous\/offre-demploi\/#breadcrumb","itemListElement":[{"@type":"ListItem","position":1,"name":"Accueil","item":"https:\/\/www.infomedia42.com\/orion\/"},{"@type":"ListItem","position":2,"name":"Qui sommes nous","item":"https:\/\/www.infomedia42.com\/orion\/qui-sommes-nous\/"},{"@type":"ListItem","position":3,"name":"Offre d&#8217;emploi"}]},{"@type":"WebSite","@id":"https:\/\/www.infomedia42.com\/orion\/#website","url":"https:\/\/www.infomedia42.com\/orion\/","name":"InfoMedia-L&#039;informatique pour tous","description":"Site de l&#039;association InfoMedia","publisher":{"@id":"https:\/\/www.infomedia42.com\/orion\/#organization"},"potentialAction":[{"@type":"SearchAction","target":{"@type":"EntryPoint","urlTemplate":"https:\/\/www.infomedia42.com\/orion\/?s={search_term_string}"},"query-input":{"@type":"PropertyValueSpecification","valueRequired":true,"valueName":"search_term_string"}}],"inLanguage":"fr-FR"},{"@type":"Organization","@id":"https:\/\/www.infomedia42.com\/orion\/#organization","name":"InfoMedia-L&#039;informatique pour tous","url":"https:\/\/www.infomedia42.com\/orion\/","logo":{"@type":"ImageObject","inLanguage":"fr-FR","@id":"https:\/\/www.infomedia42.com\/orion\/#\/schema\/logo\/image\/","url":"https:\/\/www.infomedia42.com\/orion\/wp-content\/uploads\/2024\/01\/cropped-Logodyn3secondes.gif","contentUrl":"https:\/\/www.infomedia42.com\/orion\/wp-content\/uploads\/2024\/01\/cropped-Logodyn3secondes.gif","width":290,"height":290,"caption":"InfoMedia-L&#039;informatique pour tous"},"image":{"@id":"https:\/\/www.infomedia42.com\/orion\/#\/schema\/logo\/image\/"}}]}},"_links":{"self":[{"href":"https:\/\/www.infomedia42.com\/orion\/wp-json\/wp\/v2\/pages\/1099","targetHints":{"allow":["GET"]}}],"collection":[{"href":"https:\/\/www.infomedia42.com\/orion\/wp-json\/wp\/v2\/pages"}],"about":[{"href":"https:\/\/www.infomedia42.com\/orion\/wp-json\/wp\/v2\/types\/page"}],"author":[{"embeddable":true,"href":"https:\/\/www.infomedia42.com\/orion\/wp-json\/wp\/v2\/users\/1"}],"replies":[{"embeddable":true,"href":"https:\/\/www.infomedia42.com\/orion\/wp-json\/wp\/v2\/comments?post=1099"}],"version-history":[{"count":5,"href":"https:\/\/www.infomedia42.com\/orion\/wp-json\/wp\/v2\/pages\/1099\/revisions"}],"predecessor-version":[{"id":3146,"href":"https:\/\/www.infomedia42.com\/orion\/wp-json\/wp\/v2\/pages\/1099\/revisions\/3146"}],"up":[{"embeddable":true,"href":"https:\/\/www.infomedia42.com\/orion\/wp-json\/wp\/v2\/pages\/122"}],"wp:attachment":[{"href":"https:\/\/www.infomedia42.com\/orion\/wp-json\/wp\/v2\/media?parent=1099"}],"curies":[{"name":"wp","href":"https:\/\/api.w.org\/{rel}","templated":true}]}}