{"id":1519,"date":"2022-11-29T19:25:37","date_gmt":"2022-11-29T18:25:37","guid":{"rendered":"https:\/\/www.infomedia42.com\/orion\/?page_id=1519"},"modified":"2022-12-12T21:33:44","modified_gmt":"2022-12-12T20:33:44","slug":"connexion-deconnexion","status":"publish","type":"page","link":"https:\/\/www.infomedia42.com\/orion\/connexion-deconnexion\/","title":{"rendered":"Connexion-Deconnexion"},"content":{"rendered":"\n<p>Certains menus, pages ou articles de ce site sont r\u00e9serv\u00e9s aux utilisateurs connect\u00e9s.<br>Dans cette page, nous expliquons \u00e0 ceux qui ont re\u00e7u un identifiant et un mot de passe comment en profiter !<\/p>\n\n\n\n<p class=\"has-medium-font-size\">Si c&rsquo;est votre cas, voici quelques explications<\/p>\n\n\n\n<hr class=\"wp-block-separator has-alpha-channel-opacity\"\/>\n\n\n\n<h3 class=\"wp-block-heading\">Le lien de connexion se trouve \u00e0 la fin du menu principal (ou du menu t\u00e9l\u00e9phone) :<\/h3>\n\n\n\n<figure class=\"wp-block-image size-large\"><img loading=\"lazy\" decoding=\"async\" width=\"1024\" height=\"146\" src=\"https:\/\/www.infomedia42.com\/orion\/wp-content\/uploads\/2022\/12\/PC-Bandeau-non-connecte-Lien-se-connecter-1024x146.jpg\" alt=\"\" class=\"wp-image-1790\" srcset=\"https:\/\/www.infomedia42.com\/orion\/wp-content\/uploads\/2022\/12\/PC-Bandeau-non-connecte-Lien-se-connecter-1024x146.jpg 1024w, https:\/\/www.infomedia42.com\/orion\/wp-content\/uploads\/2022\/12\/PC-Bandeau-non-connecte-Lien-se-connecter-300x43.jpg 300w, https:\/\/www.infomedia42.com\/orion\/wp-content\/uploads\/2022\/12\/PC-Bandeau-non-connecte-Lien-se-connecter-768x110.jpg 768w, https:\/\/www.infomedia42.com\/orion\/wp-content\/uploads\/2022\/12\/PC-Bandeau-non-connecte-Lien-se-connecter.jpg 1412w\" sizes=\"auto, (max-width: 1024px) 100vw, 1024px\" \/><\/figure>\n\n\n\n<p><\/p>\n\n\n\n<figure class=\"wp-block-image size-large\"><img loading=\"lazy\" decoding=\"async\" width=\"473\" height=\"1024\" src=\"https:\/\/www.infomedia42.com\/orion\/wp-content\/uploads\/2022\/12\/Telephone-Menu-non-connecte-Lien-Se-connecter-473x1024.jpg\" alt=\"\" class=\"wp-image-1792\" srcset=\"https:\/\/www.infomedia42.com\/orion\/wp-content\/uploads\/2022\/12\/Telephone-Menu-non-connecte-Lien-Se-connecter-473x1024.jpg 473w, https:\/\/www.infomedia42.com\/orion\/wp-content\/uploads\/2022\/12\/Telephone-Menu-non-connecte-Lien-Se-connecter-138x300.jpg 138w, https:\/\/www.infomedia42.com\/orion\/wp-content\/uploads\/2022\/12\/Telephone-Menu-non-connecte-Lien-Se-connecter-768x1664.jpg 768w, https:\/\/www.infomedia42.com\/orion\/wp-content\/uploads\/2022\/12\/Telephone-Menu-non-connecte-Lien-Se-connecter-709x1536.jpg 709w, https:\/\/www.infomedia42.com\/orion\/wp-content\/uploads\/2022\/12\/Telephone-Menu-non-connecte-Lien-Se-connecter-945x2048.jpg 945w, https:\/\/www.infomedia42.com\/orion\/wp-content\/uploads\/2022\/12\/Telephone-Menu-non-connecte-Lien-Se-connecter.jpg 1080w\" sizes=\"auto, (max-width: 473px) 100vw, 473px\" \/><\/figure>\n\n\n\n<h2 class=\"wp-block-heading\">Ce lien appelle une page de connexion  :<\/h2>\n\n\n\n<figure class=\"wp-block-image size-full\"><img loading=\"lazy\" decoding=\"async\" width=\"457\" height=\"618\" src=\"https:\/\/www.infomedia42.com\/orion\/wp-content\/uploads\/2022\/12\/Screenshot-PC-login-1.jpg\" alt=\"\" class=\"wp-image-1810\" srcset=\"https:\/\/www.infomedia42.com\/orion\/wp-content\/uploads\/2022\/12\/Screenshot-PC-login-1.jpg 457w, https:\/\/www.infomedia42.com\/orion\/wp-content\/uploads\/2022\/12\/Screenshot-PC-login-1-222x300.jpg 222w\" sizes=\"auto, (max-width: 457px) 100vw, 457px\" \/><\/figure>\n\n\n\n<p>Notez bien en bas de ce formulaire :<\/p>\n\n\n\n<ul class=\"wp-block-list\">\n<li>Le lien \u00ab\u00a0Aller sur InfoMedia-L&rsquo;informatique pour tous\u00a0\u00bb vous ram\u00e8nera sur la page d&rsquo;accueil \n<ul class=\"wp-block-list\">\n<li><\/li>\n<\/ul>\n<\/li>\n\n\n\n<li>Note : vous pouvez aussi cliquer sur le logo InfoMedia pour obtenir le m\u00eame r\u00e9sultat<\/li>\n<\/ul>\n\n\n\n<figure class=\"wp-block-image size-full\"><img loading=\"lazy\" decoding=\"async\" width=\"457\" height=\"618\" src=\"https:\/\/www.infomedia42.com\/orion\/wp-content\/uploads\/2022\/12\/PC-Aller-sur-InfoMedia-1.png\" alt=\"\" class=\"wp-image-1806\" srcset=\"https:\/\/www.infomedia42.com\/orion\/wp-content\/uploads\/2022\/12\/PC-Aller-sur-InfoMedia-1.png 457w, https:\/\/www.infomedia42.com\/orion\/wp-content\/uploads\/2022\/12\/PC-Aller-sur-InfoMedia-1-222x300.png 222w\" sizes=\"auto, (max-width: 457px) 100vw, 457px\" \/><\/figure>\n\n\n\n<ul class=\"wp-block-list\">\n<li>Le lien \u00ab\u00a0Mot de passe oubli\u00e9\u00a0\u00bb qui enverra \u00e0 l&rsquo;adresse mail annonc\u00e9e sur www.infomedia42.com un lien pour vous reconnecter et changer votre mot de passe (Dans la fen\u00eatre Mot de passe\u00a0\u00bb du formulaire qui vous sera propos\u00e9, \u00e9crivez un mot de passe que vous soyez capable de retenir dans la fen\u00eatre, en lieu et place de celui qui est propos\u00e9 par le syst\u00e8me, tr\u00e8s long et tr\u00e8s s\u00fbr, mais impossible \u00e0 retenir)\n<ul class=\"wp-block-list\">\n<li><\/li>\n<\/ul>\n<\/li>\n<\/ul>\n\n\n\n<figure class=\"wp-block-image size-full\"><img loading=\"lazy\" decoding=\"async\" width=\"457\" height=\"618\" src=\"https:\/\/www.infomedia42.com\/orion\/wp-content\/uploads\/2022\/12\/PC-Mot-de-passe-oublie-1.png\" alt=\"\" class=\"wp-image-1807\" srcset=\"https:\/\/www.infomedia42.com\/orion\/wp-content\/uploads\/2022\/12\/PC-Mot-de-passe-oublie-1.png 457w, https:\/\/www.infomedia42.com\/orion\/wp-content\/uploads\/2022\/12\/PC-Mot-de-passe-oublie-1-222x300.png 222w\" sizes=\"auto, (max-width: 457px) 100vw, 457px\" \/><\/figure>\n\n\n\n<hr class=\"wp-block-separator has-alpha-channel-opacity\"\/>\n\n\n\n<h2 class=\"wp-block-heading\">Sur un ordinateur, la connexion met \u00e0 votre disposition de nouveaux \u00e9l\u00e9ments dans le bandeau en haut de la page ) :<\/h2>\n\n\n\n<figure class=\"wp-block-image size-large\"><img loading=\"lazy\" decoding=\"async\" width=\"1024\" height=\"162\" src=\"https:\/\/www.infomedia42.com\/orion\/wp-content\/uploads\/2022\/12\/PC-Bandeau-connecte-1024x162.jpg\" alt=\"\" class=\"wp-image-1789\" srcset=\"https:\/\/www.infomedia42.com\/orion\/wp-content\/uploads\/2022\/12\/PC-Bandeau-connecte-1024x162.jpg 1024w, https:\/\/www.infomedia42.com\/orion\/wp-content\/uploads\/2022\/12\/PC-Bandeau-connecte-300x47.jpg 300w, https:\/\/www.infomedia42.com\/orion\/wp-content\/uploads\/2022\/12\/PC-Bandeau-connecte-768x121.jpg 768w, https:\/\/www.infomedia42.com\/orion\/wp-content\/uploads\/2022\/12\/PC-Bandeau-connecte.jpg 1265w\" sizes=\"auto, (max-width: 1024px) 100vw, 1024px\" \/><\/figure>\n\n\n\n<p>1 : Un nouvel \u00e9l\u00e9ment dans le menu principal (ici, \u00ab\u00a0ENTR\u00c9E DES ARTISTES\u00a0\u00bb, peut \u00eatre d&rsquo;autres \u00e9l\u00e9ments en fonction du r\u00f4le de chacun sur le site dans les semaines \u00e0 venir)<\/p>\n\n\n\n<p>2: En fin du menu, le lien \u00ab\u00a0SE CONNECTER\u00a0\u00bb est remplac\u00e9 par \u00ab\u00a0D\u00c9CONNECTER\u00a0\u00bb suivi du nom de l&rsquo;utilisateur connect\u00e9<\/p>\n\n\n\n<p>3: Dans le menu \u00ab\u00a0du haut\u00a0\u00bb appara\u00eet un lien de \u00ab\u00a0D\u00e9connexion rapide\u00a0\u00bb<br>(disponible uniquement sur ordinateur, les t\u00e9l\u00e9phones n&rsquo;ont que le menu principal)<br>Ce lien est plus rapide car il ne demande pas de confirmation et ex\u00e9cute directement l&rsquo;ordre de d\u00e9connexion.<\/p>\n\n\n\n<hr class=\"wp-block-separator has-alpha-channel-opacity\"\/>\n\n\n\n<h2 class=\"wp-block-heading\">Sur un t\u00e9l\u00e9phone :<\/h2>\n\n\n\n<figure class=\"wp-block-image size-medium\"><img loading=\"lazy\" decoding=\"async\" width=\"138\" height=\"300\" src=\"https:\/\/www.infomedia42.com\/orion\/wp-content\/uploads\/2022\/12\/Telephone-Menu-connecte-nouveaux-liens-138x300.jpg\" alt=\"\" class=\"wp-image-1791\" srcset=\"https:\/\/www.infomedia42.com\/orion\/wp-content\/uploads\/2022\/12\/Telephone-Menu-connecte-nouveaux-liens-138x300.jpg 138w, https:\/\/www.infomedia42.com\/orion\/wp-content\/uploads\/2022\/12\/Telephone-Menu-connecte-nouveaux-liens-473x1024.jpg 473w, https:\/\/www.infomedia42.com\/orion\/wp-content\/uploads\/2022\/12\/Telephone-Menu-connecte-nouveaux-liens-768x1664.jpg 768w, https:\/\/www.infomedia42.com\/orion\/wp-content\/uploads\/2022\/12\/Telephone-Menu-connecte-nouveaux-liens-709x1536.jpg 709w, https:\/\/www.infomedia42.com\/orion\/wp-content\/uploads\/2022\/12\/Telephone-Menu-connecte-nouveaux-liens-945x2048.jpg 945w, https:\/\/www.infomedia42.com\/orion\/wp-content\/uploads\/2022\/12\/Telephone-Menu-connecte-nouveaux-liens.jpg 1080w\" sizes=\"auto, (max-width: 138px) 100vw, 138px\" \/><\/figure>\n\n\n\n<hr class=\"wp-block-separator has-alpha-channel-opacity\"\/>\n\n\n\n<h2 class=\"wp-block-heading\">Pourquoi se d\u00e9connecter ?<\/h2>\n\n\n\n<p>Si je ne me d\u00e9connecte pas, toute personne qui utiliserait ma machine (ordinateur, tablette ou t\u00e9l\u00e9phone) pourra entrer dans les zones priv\u00e9es du site sans passer par un formulaire de connexion, m\u00eame apr\u00e8s un arr\u00eat (normal) d&rsquo;ordinateur.<br>Cette personne pourra faire \u00e0 ma place des choses qui ne lui sont peut \u00eatre pas autoris\u00e9es <\/p>\n\n\n\n<h3 class=\"wp-block-heading\">Conclusion : quelques pr\u00e9cautions  : <\/h3>\n\n\n\n<p>Dans tous les cas, n&rsquo;utilisez pas sur le site un mot de passe qui vous servirait sur des sites plus sensibles (banque, sites de commerce, sites de l&rsquo;administration, etc&#8230;)<\/p>\n\n\n\n<p>Ne cochez la case \u00ab\u00a0Se Souvenir de moi\u00a0\u00bb  que sur une machine (ordinateur, tablette ou t\u00e9l\u00e9phone) o\u00f9 vous \u00eates le seul \u00e0 utiliser www.infomedia42.com (gardez un oeil sur votre PC portable !)<\/p>\n\n\n\n<p>D\u00e9connectez vous en sortant du site si vous n&rsquo;\u00eates pas le seul utilisateur sur votre machine.<\/p>\n","protected":false},"excerpt":{"rendered":"<p>Certains menus, pages ou articles de ce site sont r\u00e9serv\u00e9s aux utilisateurs connect\u00e9s.Dans cette page, nous expliquons \u00e0 ceux qui ont re\u00e7u un identifiant et un mot de passe comment en profiter ! Si c&rsquo;est votre cas, voici quelques explications Le lien de connexion se trouve \u00e0 la fin du menu principal (ou du menu [&hellip;]<\/p>\n","protected":false},"author":1,"featured_media":0,"parent":0,"menu_order":0,"comment_status":"closed","ping_status":"closed","template":"","meta":{"footnotes":"","_links_to":"","_links_to_target":""},"class_list":["post-1519","page","type-page","status-publish","czr-hentry"],"yoast_head":"<!-- This site is optimized with the Yoast SEO plugin v27.5 - https:\/\/yoast.com\/product\/yoast-seo-wordpress\/ -->\n<title>Connexion-Deconnexion - InfoMedia-L&#039;informatique pour tous<\/title>\n<meta name=\"robots\" content=\"index, follow, max-snippet:-1, max-image-preview:large, max-video-preview:-1\" \/>\n<link rel=\"canonical\" href=\"https:\/\/www.infomedia42.com\/orion\/connexion-deconnexion\/\" \/>\n<meta property=\"og:locale\" content=\"fr_FR\" \/>\n<meta property=\"og:type\" content=\"article\" \/>\n<meta property=\"og:title\" content=\"Connexion-Deconnexion - InfoMedia-L&#039;informatique pour tous\" \/>\n<meta property=\"og:description\" content=\"Certains menus, pages ou articles de ce site sont r\u00e9serv\u00e9s aux utilisateurs connect\u00e9s.Dans cette page, nous expliquons \u00e0 ceux qui ont re\u00e7u un identifiant et un mot de passe comment en profiter ! Si c&rsquo;est votre cas, voici quelques explications Le lien de connexion se trouve \u00e0 la fin du menu principal (ou du menu [&hellip;]\" \/>\n<meta property=\"og:url\" content=\"https:\/\/www.infomedia42.com\/orion\/connexion-deconnexion\/\" \/>\n<meta property=\"og:site_name\" content=\"InfoMedia-L&#039;informatique pour tous\" \/>\n<meta property=\"article:modified_time\" content=\"2022-12-12T20:33:44+00:00\" \/>\n<meta property=\"og:image\" content=\"https:\/\/www.infomedia42.com\/orion\/wp-content\/uploads\/2022\/12\/PC-Bandeau-non-connecte-Lien-se-connecter-1024x146.jpg\" \/>\n<meta name=\"twitter:card\" content=\"summary_large_image\" \/>\n<meta name=\"twitter:label1\" content=\"Dur\u00e9e de lecture estim\u00e9e\" \/>\n\t<meta name=\"twitter:data1\" content=\"4 minutes\" \/>\n<script type=\"application\/ld+json\" class=\"yoast-schema-graph\">{\"@context\":\"https:\\\/\\\/schema.org\",\"@graph\":[{\"@type\":\"WebPage\",\"@id\":\"https:\\\/\\\/www.infomedia42.com\\\/orion\\\/connexion-deconnexion\\\/\",\"url\":\"https:\\\/\\\/www.infomedia42.com\\\/orion\\\/connexion-deconnexion\\\/\",\"name\":\"Connexion-Deconnexion - InfoMedia-L&#039;informatique pour tous\",\"isPartOf\":{\"@id\":\"https:\\\/\\\/www.infomedia42.com\\\/orion\\\/#website\"},\"primaryImageOfPage\":{\"@id\":\"https:\\\/\\\/www.infomedia42.com\\\/orion\\\/connexion-deconnexion\\\/#primaryimage\"},\"image\":{\"@id\":\"https:\\\/\\\/www.infomedia42.com\\\/orion\\\/connexion-deconnexion\\\/#primaryimage\"},\"thumbnailUrl\":\"https:\\\/\\\/www.infomedia42.com\\\/orion\\\/wp-content\\\/uploads\\\/2022\\\/12\\\/PC-Bandeau-non-connecte-Lien-se-connecter-1024x146.jpg\",\"datePublished\":\"2022-11-29T18:25:37+00:00\",\"dateModified\":\"2022-12-12T20:33:44+00:00\",\"breadcrumb\":{\"@id\":\"https:\\\/\\\/www.infomedia42.com\\\/orion\\\/connexion-deconnexion\\\/#breadcrumb\"},\"inLanguage\":\"fr-FR\",\"potentialAction\":[{\"@type\":\"ReadAction\",\"target\":[\"https:\\\/\\\/www.infomedia42.com\\\/orion\\\/connexion-deconnexion\\\/\"]}]},{\"@type\":\"ImageObject\",\"inLanguage\":\"fr-FR\",\"@id\":\"https:\\\/\\\/www.infomedia42.com\\\/orion\\\/connexion-deconnexion\\\/#primaryimage\",\"url\":\"https:\\\/\\\/www.infomedia42.com\\\/orion\\\/wp-content\\\/uploads\\\/2022\\\/12\\\/PC-Bandeau-non-connecte-Lien-se-connecter.jpg\",\"contentUrl\":\"https:\\\/\\\/www.infomedia42.com\\\/orion\\\/wp-content\\\/uploads\\\/2022\\\/12\\\/PC-Bandeau-non-connecte-Lien-se-connecter.jpg\",\"width\":1412,\"height\":202},{\"@type\":\"BreadcrumbList\",\"@id\":\"https:\\\/\\\/www.infomedia42.com\\\/orion\\\/connexion-deconnexion\\\/#breadcrumb\",\"itemListElement\":[{\"@type\":\"ListItem\",\"position\":1,\"name\":\"Accueil\",\"item\":\"https:\\\/\\\/www.infomedia42.com\\\/orion\\\/\"},{\"@type\":\"ListItem\",\"position\":2,\"name\":\"Connexion-Deconnexion\"}]},{\"@type\":\"WebSite\",\"@id\":\"https:\\\/\\\/www.infomedia42.com\\\/orion\\\/#website\",\"url\":\"https:\\\/\\\/www.infomedia42.com\\\/orion\\\/\",\"name\":\"InfoMedia-L&#039;informatique pour tous\",\"description\":\"Site de l&#039;association InfoMedia\",\"publisher\":{\"@id\":\"https:\\\/\\\/www.infomedia42.com\\\/orion\\\/#organization\"},\"potentialAction\":[{\"@type\":\"SearchAction\",\"target\":{\"@type\":\"EntryPoint\",\"urlTemplate\":\"https:\\\/\\\/www.infomedia42.com\\\/orion\\\/?s={search_term_string}\"},\"query-input\":{\"@type\":\"PropertyValueSpecification\",\"valueRequired\":true,\"valueName\":\"search_term_string\"}}],\"inLanguage\":\"fr-FR\"},{\"@type\":\"Organization\",\"@id\":\"https:\\\/\\\/www.infomedia42.com\\\/orion\\\/#organization\",\"name\":\"InfoMedia-L&#039;informatique pour tous\",\"url\":\"https:\\\/\\\/www.infomedia42.com\\\/orion\\\/\",\"logo\":{\"@type\":\"ImageObject\",\"inLanguage\":\"fr-FR\",\"@id\":\"https:\\\/\\\/www.infomedia42.com\\\/orion\\\/#\\\/schema\\\/logo\\\/image\\\/\",\"url\":\"https:\\\/\\\/www.infomedia42.com\\\/orion\\\/wp-content\\\/uploads\\\/2024\\\/01\\\/cropped-Logodyn3secondes.gif\",\"contentUrl\":\"https:\\\/\\\/www.infomedia42.com\\\/orion\\\/wp-content\\\/uploads\\\/2024\\\/01\\\/cropped-Logodyn3secondes.gif\",\"width\":290,\"height\":290,\"caption\":\"InfoMedia-L&#039;informatique pour tous\"},\"image\":{\"@id\":\"https:\\\/\\\/www.infomedia42.com\\\/orion\\\/#\\\/schema\\\/logo\\\/image\\\/\"}}]}<\/script>\n<!-- \/ Yoast SEO plugin. -->","yoast_head_json":{"title":"Connexion-Deconnexion - InfoMedia-L&#039;informatique pour tous","robots":{"index":"index","follow":"follow","max-snippet":"max-snippet:-1","max-image-preview":"max-image-preview:large","max-video-preview":"max-video-preview:-1"},"canonical":"https:\/\/www.infomedia42.com\/orion\/connexion-deconnexion\/","og_locale":"fr_FR","og_type":"article","og_title":"Connexion-Deconnexion - InfoMedia-L&#039;informatique pour tous","og_description":"Certains menus, pages ou articles de ce site sont r\u00e9serv\u00e9s aux utilisateurs connect\u00e9s.Dans cette page, nous expliquons \u00e0 ceux qui ont re\u00e7u un identifiant et un mot de passe comment en profiter ! Si c&rsquo;est votre cas, voici quelques explications Le lien de connexion se trouve \u00e0 la fin du menu principal (ou du menu [&hellip;]","og_url":"https:\/\/www.infomedia42.com\/orion\/connexion-deconnexion\/","og_site_name":"InfoMedia-L&#039;informatique pour tous","article_modified_time":"2022-12-12T20:33:44+00:00","og_image":[{"url":"https:\/\/www.infomedia42.com\/orion\/wp-content\/uploads\/2022\/12\/PC-Bandeau-non-connecte-Lien-se-connecter-1024x146.jpg","type":"","width":"","height":""}],"twitter_card":"summary_large_image","twitter_misc":{"Dur\u00e9e de lecture estim\u00e9e":"4 minutes"},"schema":{"@context":"https:\/\/schema.org","@graph":[{"@type":"WebPage","@id":"https:\/\/www.infomedia42.com\/orion\/connexion-deconnexion\/","url":"https:\/\/www.infomedia42.com\/orion\/connexion-deconnexion\/","name":"Connexion-Deconnexion - InfoMedia-L&#039;informatique pour tous","isPartOf":{"@id":"https:\/\/www.infomedia42.com\/orion\/#website"},"primaryImageOfPage":{"@id":"https:\/\/www.infomedia42.com\/orion\/connexion-deconnexion\/#primaryimage"},"image":{"@id":"https:\/\/www.infomedia42.com\/orion\/connexion-deconnexion\/#primaryimage"},"thumbnailUrl":"https:\/\/www.infomedia42.com\/orion\/wp-content\/uploads\/2022\/12\/PC-Bandeau-non-connecte-Lien-se-connecter-1024x146.jpg","datePublished":"2022-11-29T18:25:37+00:00","dateModified":"2022-12-12T20:33:44+00:00","breadcrumb":{"@id":"https:\/\/www.infomedia42.com\/orion\/connexion-deconnexion\/#breadcrumb"},"inLanguage":"fr-FR","potentialAction":[{"@type":"ReadAction","target":["https:\/\/www.infomedia42.com\/orion\/connexion-deconnexion\/"]}]},{"@type":"ImageObject","inLanguage":"fr-FR","@id":"https:\/\/www.infomedia42.com\/orion\/connexion-deconnexion\/#primaryimage","url":"https:\/\/www.infomedia42.com\/orion\/wp-content\/uploads\/2022\/12\/PC-Bandeau-non-connecte-Lien-se-connecter.jpg","contentUrl":"https:\/\/www.infomedia42.com\/orion\/wp-content\/uploads\/2022\/12\/PC-Bandeau-non-connecte-Lien-se-connecter.jpg","width":1412,"height":202},{"@type":"BreadcrumbList","@id":"https:\/\/www.infomedia42.com\/orion\/connexion-deconnexion\/#breadcrumb","itemListElement":[{"@type":"ListItem","position":1,"name":"Accueil","item":"https:\/\/www.infomedia42.com\/orion\/"},{"@type":"ListItem","position":2,"name":"Connexion-Deconnexion"}]},{"@type":"WebSite","@id":"https:\/\/www.infomedia42.com\/orion\/#website","url":"https:\/\/www.infomedia42.com\/orion\/","name":"InfoMedia-L&#039;informatique pour tous","description":"Site de l&#039;association InfoMedia","publisher":{"@id":"https:\/\/www.infomedia42.com\/orion\/#organization"},"potentialAction":[{"@type":"SearchAction","target":{"@type":"EntryPoint","urlTemplate":"https:\/\/www.infomedia42.com\/orion\/?s={search_term_string}"},"query-input":{"@type":"PropertyValueSpecification","valueRequired":true,"valueName":"search_term_string"}}],"inLanguage":"fr-FR"},{"@type":"Organization","@id":"https:\/\/www.infomedia42.com\/orion\/#organization","name":"InfoMedia-L&#039;informatique pour tous","url":"https:\/\/www.infomedia42.com\/orion\/","logo":{"@type":"ImageObject","inLanguage":"fr-FR","@id":"https:\/\/www.infomedia42.com\/orion\/#\/schema\/logo\/image\/","url":"https:\/\/www.infomedia42.com\/orion\/wp-content\/uploads\/2024\/01\/cropped-Logodyn3secondes.gif","contentUrl":"https:\/\/www.infomedia42.com\/orion\/wp-content\/uploads\/2024\/01\/cropped-Logodyn3secondes.gif","width":290,"height":290,"caption":"InfoMedia-L&#039;informatique pour tous"},"image":{"@id":"https:\/\/www.infomedia42.com\/orion\/#\/schema\/logo\/image\/"}}]}},"_links":{"self":[{"href":"https:\/\/www.infomedia42.com\/orion\/wp-json\/wp\/v2\/pages\/1519","targetHints":{"allow":["GET"]}}],"collection":[{"href":"https:\/\/www.infomedia42.com\/orion\/wp-json\/wp\/v2\/pages"}],"about":[{"href":"https:\/\/www.infomedia42.com\/orion\/wp-json\/wp\/v2\/types\/page"}],"author":[{"embeddable":true,"href":"https:\/\/www.infomedia42.com\/orion\/wp-json\/wp\/v2\/users\/1"}],"replies":[{"embeddable":true,"href":"https:\/\/www.infomedia42.com\/orion\/wp-json\/wp\/v2\/comments?post=1519"}],"version-history":[{"count":34,"href":"https:\/\/www.infomedia42.com\/orion\/wp-json\/wp\/v2\/pages\/1519\/revisions"}],"predecessor-version":[{"id":1813,"href":"https:\/\/www.infomedia42.com\/orion\/wp-json\/wp\/v2\/pages\/1519\/revisions\/1813"}],"wp:attachment":[{"href":"https:\/\/www.infomedia42.com\/orion\/wp-json\/wp\/v2\/media?parent=1519"}],"curies":[{"name":"wp","href":"https:\/\/api.w.org\/{rel}","templated":true}]}}