{"id":1538,"date":"2022-11-29T20:23:17","date_gmt":"2022-11-29T19:23:17","guid":{"rendered":"https:\/\/www.infomedia42.com\/orion\/?page_id=1538"},"modified":"2022-11-29T20:38:44","modified_gmt":"2022-11-29T19:38:44","slug":"suivi-rss","status":"publish","type":"page","link":"https:\/\/www.infomedia42.com\/orion\/suivi-rss\/","title":{"rendered":"Suivi RSS"},"content":{"rendered":"\n<p><\/p>\n\n\n\n<p><\/p>\n\n\n\n<p>Si vous souhaitez \u00eatre pr\u00e9venus en temps r\u00e9el de l&rsquo;arriv\u00e9e d&rsquo;un nouvel article (c&rsquo;est \u00e0 dire quelque chose qui est visible par tous sur la page d&rsquo;accueil) sur www.infomedia42.com , <\/p>\n\n\n\n<p>il vous suffit de renseigner dans la rubrique \u00ab\u00a0Flux RSS\u00a0\u00bb de votre logiciel de messagerie l&rsquo;adresse du flux RSS de notre site :<\/p>\n\n\n\n<p>https:\/\/www.infomedia42.com\/orion\/feed\/<\/p>\n\n\n\n<p><\/p>\n\n\n\n<p>RSS (sigle\u00a0venant de l&rsquo;anglais\u00a0<em>really simple syndication<\/em>,\u00a0litt\u00e9ralement \u00a0\u00ab\u00a0syndication vraiment simple\u00a0\u00bb)\u00a0est en fait un moyen par lequel on peut suivre l&rsquo;actualit\u00e9 d&rsquo;un ou plusieurs sites internet sans avoir \u00e0 les consulter \u00e0 intervalle r\u00e9gulier : vous recevez le d\u00e9but de l&rsquo;article, et vous cliquez uniquement si vous voulez voir tout l&rsquo;article.<\/p>\n\n\n\n<p><\/p>\n\n\n\n<p>Si vous \u00eates int\u00e9ress\u00e9s, nous mettrons ici un peu plus d&rsquo;explications sous quelques jours.<\/p>\n\n\n\n<p><\/p>\n","protected":false},"excerpt":{"rendered":"<p>Si vous souhaitez \u00eatre pr\u00e9venus en temps r\u00e9el de l&rsquo;arriv\u00e9e d&rsquo;un nouvel article (c&rsquo;est \u00e0 dire quelque chose qui est visible par tous sur la page d&rsquo;accueil) sur www.infomedia42.com , il vous suffit de renseigner dans la rubrique \u00ab\u00a0Flux RSS\u00a0\u00bb de votre logiciel de messagerie l&rsquo;adresse du flux RSS de notre site : https:\/\/www.infomedia42.com\/orion\/feed\/ RSS [&hellip;]<\/p>\n","protected":false},"author":1,"featured_media":0,"parent":0,"menu_order":0,"comment_status":"closed","ping_status":"closed","template":"","meta":{"footnotes":"","_links_to":"","_links_to_target":""},"class_list":["post-1538","page","type-page","status-publish","czr-hentry"],"yoast_head":"<!-- This site is optimized with the Yoast SEO plugin v27.4 - https:\/\/yoast.com\/product\/yoast-seo-wordpress\/ -->\n<title>Suivi RSS - InfoMedia-L&#039;informatique pour tous<\/title>\n<meta name=\"robots\" content=\"index, follow, max-snippet:-1, max-image-preview:large, max-video-preview:-1\" \/>\n<link rel=\"canonical\" href=\"https:\/\/www.infomedia42.com\/orion\/suivi-rss\/\" \/>\n<meta property=\"og:locale\" content=\"fr_FR\" \/>\n<meta property=\"og:type\" content=\"article\" \/>\n<meta property=\"og:title\" content=\"Suivi RSS - InfoMedia-L&#039;informatique pour tous\" \/>\n<meta property=\"og:description\" content=\"Si vous souhaitez \u00eatre pr\u00e9venus en temps r\u00e9el de l&rsquo;arriv\u00e9e d&rsquo;un nouvel article (c&rsquo;est \u00e0 dire quelque chose qui est visible par tous sur la page d&rsquo;accueil) sur www.infomedia42.com , il vous suffit de renseigner dans la rubrique \u00ab\u00a0Flux RSS\u00a0\u00bb de votre logiciel de messagerie l&rsquo;adresse du flux RSS de notre site : https:\/\/www.infomedia42.com\/orion\/feed\/ RSS [&hellip;]\" \/>\n<meta property=\"og:url\" content=\"https:\/\/www.infomedia42.com\/orion\/suivi-rss\/\" \/>\n<meta property=\"og:site_name\" content=\"InfoMedia-L&#039;informatique pour tous\" \/>\n<meta property=\"article:modified_time\" content=\"2022-11-29T19:38:44+00:00\" \/>\n<meta name=\"twitter:card\" content=\"summary_large_image\" \/>\n<meta name=\"twitter:label1\" content=\"Dur\u00e9e de lecture estim\u00e9e\" \/>\n\t<meta name=\"twitter:data1\" content=\"1 minute\" \/>\n<script type=\"application\/ld+json\" class=\"yoast-schema-graph\">{\"@context\":\"https:\\\/\\\/schema.org\",\"@graph\":[{\"@type\":\"WebPage\",\"@id\":\"https:\\\/\\\/www.infomedia42.com\\\/orion\\\/suivi-rss\\\/\",\"url\":\"https:\\\/\\\/www.infomedia42.com\\\/orion\\\/suivi-rss\\\/\",\"name\":\"Suivi RSS - InfoMedia-L&#039;informatique pour tous\",\"isPartOf\":{\"@id\":\"https:\\\/\\\/www.infomedia42.com\\\/orion\\\/#website\"},\"datePublished\":\"2022-11-29T19:23:17+00:00\",\"dateModified\":\"2022-11-29T19:38:44+00:00\",\"breadcrumb\":{\"@id\":\"https:\\\/\\\/www.infomedia42.com\\\/orion\\\/suivi-rss\\\/#breadcrumb\"},\"inLanguage\":\"fr-FR\",\"potentialAction\":[{\"@type\":\"ReadAction\",\"target\":[\"https:\\\/\\\/www.infomedia42.com\\\/orion\\\/suivi-rss\\\/\"]}]},{\"@type\":\"BreadcrumbList\",\"@id\":\"https:\\\/\\\/www.infomedia42.com\\\/orion\\\/suivi-rss\\\/#breadcrumb\",\"itemListElement\":[{\"@type\":\"ListItem\",\"position\":1,\"name\":\"Accueil\",\"item\":\"https:\\\/\\\/www.infomedia42.com\\\/orion\\\/\"},{\"@type\":\"ListItem\",\"position\":2,\"name\":\"Suivi RSS\"}]},{\"@type\":\"WebSite\",\"@id\":\"https:\\\/\\\/www.infomedia42.com\\\/orion\\\/#website\",\"url\":\"https:\\\/\\\/www.infomedia42.com\\\/orion\\\/\",\"name\":\"InfoMedia-L&#039;informatique pour tous\",\"description\":\"Site de l&#039;association InfoMedia\",\"publisher\":{\"@id\":\"https:\\\/\\\/www.infomedia42.com\\\/orion\\\/#organization\"},\"potentialAction\":[{\"@type\":\"SearchAction\",\"target\":{\"@type\":\"EntryPoint\",\"urlTemplate\":\"https:\\\/\\\/www.infomedia42.com\\\/orion\\\/?s={search_term_string}\"},\"query-input\":{\"@type\":\"PropertyValueSpecification\",\"valueRequired\":true,\"valueName\":\"search_term_string\"}}],\"inLanguage\":\"fr-FR\"},{\"@type\":\"Organization\",\"@id\":\"https:\\\/\\\/www.infomedia42.com\\\/orion\\\/#organization\",\"name\":\"InfoMedia-L&#039;informatique pour tous\",\"url\":\"https:\\\/\\\/www.infomedia42.com\\\/orion\\\/\",\"logo\":{\"@type\":\"ImageObject\",\"inLanguage\":\"fr-FR\",\"@id\":\"https:\\\/\\\/www.infomedia42.com\\\/orion\\\/#\\\/schema\\\/logo\\\/image\\\/\",\"url\":\"https:\\\/\\\/www.infomedia42.com\\\/orion\\\/wp-content\\\/uploads\\\/2024\\\/01\\\/cropped-Logodyn3secondes.gif\",\"contentUrl\":\"https:\\\/\\\/www.infomedia42.com\\\/orion\\\/wp-content\\\/uploads\\\/2024\\\/01\\\/cropped-Logodyn3secondes.gif\",\"width\":290,\"height\":290,\"caption\":\"InfoMedia-L&#039;informatique pour tous\"},\"image\":{\"@id\":\"https:\\\/\\\/www.infomedia42.com\\\/orion\\\/#\\\/schema\\\/logo\\\/image\\\/\"}}]}<\/script>\n<!-- \/ Yoast SEO plugin. -->","yoast_head_json":{"title":"Suivi RSS - InfoMedia-L&#039;informatique pour tous","robots":{"index":"index","follow":"follow","max-snippet":"max-snippet:-1","max-image-preview":"max-image-preview:large","max-video-preview":"max-video-preview:-1"},"canonical":"https:\/\/www.infomedia42.com\/orion\/suivi-rss\/","og_locale":"fr_FR","og_type":"article","og_title":"Suivi RSS - InfoMedia-L&#039;informatique pour tous","og_description":"Si vous souhaitez \u00eatre pr\u00e9venus en temps r\u00e9el de l&rsquo;arriv\u00e9e d&rsquo;un nouvel article (c&rsquo;est \u00e0 dire quelque chose qui est visible par tous sur la page d&rsquo;accueil) sur www.infomedia42.com , il vous suffit de renseigner dans la rubrique \u00ab\u00a0Flux RSS\u00a0\u00bb de votre logiciel de messagerie l&rsquo;adresse du flux RSS de notre site : https:\/\/www.infomedia42.com\/orion\/feed\/ RSS [&hellip;]","og_url":"https:\/\/www.infomedia42.com\/orion\/suivi-rss\/","og_site_name":"InfoMedia-L&#039;informatique pour tous","article_modified_time":"2022-11-29T19:38:44+00:00","twitter_card":"summary_large_image","twitter_misc":{"Dur\u00e9e de lecture estim\u00e9e":"1 minute"},"schema":{"@context":"https:\/\/schema.org","@graph":[{"@type":"WebPage","@id":"https:\/\/www.infomedia42.com\/orion\/suivi-rss\/","url":"https:\/\/www.infomedia42.com\/orion\/suivi-rss\/","name":"Suivi RSS - InfoMedia-L&#039;informatique pour tous","isPartOf":{"@id":"https:\/\/www.infomedia42.com\/orion\/#website"},"datePublished":"2022-11-29T19:23:17+00:00","dateModified":"2022-11-29T19:38:44+00:00","breadcrumb":{"@id":"https:\/\/www.infomedia42.com\/orion\/suivi-rss\/#breadcrumb"},"inLanguage":"fr-FR","potentialAction":[{"@type":"ReadAction","target":["https:\/\/www.infomedia42.com\/orion\/suivi-rss\/"]}]},{"@type":"BreadcrumbList","@id":"https:\/\/www.infomedia42.com\/orion\/suivi-rss\/#breadcrumb","itemListElement":[{"@type":"ListItem","position":1,"name":"Accueil","item":"https:\/\/www.infomedia42.com\/orion\/"},{"@type":"ListItem","position":2,"name":"Suivi RSS"}]},{"@type":"WebSite","@id":"https:\/\/www.infomedia42.com\/orion\/#website","url":"https:\/\/www.infomedia42.com\/orion\/","name":"InfoMedia-L&#039;informatique pour tous","description":"Site de l&#039;association InfoMedia","publisher":{"@id":"https:\/\/www.infomedia42.com\/orion\/#organization"},"potentialAction":[{"@type":"SearchAction","target":{"@type":"EntryPoint","urlTemplate":"https:\/\/www.infomedia42.com\/orion\/?s={search_term_string}"},"query-input":{"@type":"PropertyValueSpecification","valueRequired":true,"valueName":"search_term_string"}}],"inLanguage":"fr-FR"},{"@type":"Organization","@id":"https:\/\/www.infomedia42.com\/orion\/#organization","name":"InfoMedia-L&#039;informatique pour tous","url":"https:\/\/www.infomedia42.com\/orion\/","logo":{"@type":"ImageObject","inLanguage":"fr-FR","@id":"https:\/\/www.infomedia42.com\/orion\/#\/schema\/logo\/image\/","url":"https:\/\/www.infomedia42.com\/orion\/wp-content\/uploads\/2024\/01\/cropped-Logodyn3secondes.gif","contentUrl":"https:\/\/www.infomedia42.com\/orion\/wp-content\/uploads\/2024\/01\/cropped-Logodyn3secondes.gif","width":290,"height":290,"caption":"InfoMedia-L&#039;informatique pour tous"},"image":{"@id":"https:\/\/www.infomedia42.com\/orion\/#\/schema\/logo\/image\/"}}]}},"_links":{"self":[{"href":"https:\/\/www.infomedia42.com\/orion\/wp-json\/wp\/v2\/pages\/1538","targetHints":{"allow":["GET"]}}],"collection":[{"href":"https:\/\/www.infomedia42.com\/orion\/wp-json\/wp\/v2\/pages"}],"about":[{"href":"https:\/\/www.infomedia42.com\/orion\/wp-json\/wp\/v2\/types\/page"}],"author":[{"embeddable":true,"href":"https:\/\/www.infomedia42.com\/orion\/wp-json\/wp\/v2\/users\/1"}],"replies":[{"embeddable":true,"href":"https:\/\/www.infomedia42.com\/orion\/wp-json\/wp\/v2\/comments?post=1538"}],"version-history":[{"count":2,"href":"https:\/\/www.infomedia42.com\/orion\/wp-json\/wp\/v2\/pages\/1538\/revisions"}],"predecessor-version":[{"id":1542,"href":"https:\/\/www.infomedia42.com\/orion\/wp-json\/wp\/v2\/pages\/1538\/revisions\/1542"}],"wp:attachment":[{"href":"https:\/\/www.infomedia42.com\/orion\/wp-json\/wp\/v2\/media?parent=1538"}],"curies":[{"name":"wp","href":"https:\/\/api.w.org\/{rel}","templated":true}]}}