{"id":154,"date":"2022-02-13T10:45:14","date_gmt":"2022-02-13T09:45:14","guid":{"rendered":"http:\/\/www.infomedia42.com\/orion\/?page_id=154"},"modified":"2024-02-01T12:35:30","modified_gmt":"2024-02-01T11:35:30","slug":"ce-qu-on-peut-reparer-au-repar-cafe","status":"publish","type":"page","link":"https:\/\/www.infomedia42.com\/orion\/reparcafe\/ce-qu-on-peut-reparer-au-repar-cafe\/","title":{"rendered":"Ce qu&rsquo;on peut (essayer de) r\u00e9parer au r\u00e9par&rsquo;CAFE"},"content":{"rendered":"\n<p><\/p>\n\n\n\n<p>Voici une liste des articles que nous pouvons tenter de d\u00e9panner ensemble au r\u00e9par&rsquo;CAF\u00c9.<\/p>\n\n\n\n<p>Pour un article qui ne serait pas dans cette liste, vous pouvez toujours poser la question \u00e0&nbsp;<a href=\"mailto:reparcafe@infomedia42.com\">reparcafe@infomedia42.com<\/a>&nbsp;.<\/p>\n\n\n\n<p>Notez toutefois que nous ne pouvons pas traiter les objets trop lourds ou trop encombrants, ni ceux dont le d\u00e9pannage par des non-professionnels pr\u00e9senterait des risques (notamment, ceux dont le fonctionnement est bas\u00e9 sur des hautes tensions (par exemple, \u00e9crans \u00e0 tube cathodique)).<\/p>\n\n\n\n<figure class=\"wp-block-table\"><table><tbody><tr><td><strong>Petit M\u00e9nager<\/strong><\/td><td>&nbsp;<\/td><td><strong>Aides m\u00e9nag\u00e8res<\/strong><\/td><\/tr><tr><td>couteau \u00e9lectrique<\/td><td>&nbsp;<\/td><td>aspirateur sans fil<\/td><\/tr><tr><td>robot de cuisine<\/td><td>&nbsp;<\/td><td>aspirateur<\/td><\/tr><tr><td>cook\u00e9o<\/td><td>&nbsp;<\/td><td>centrale vapeur<\/td><\/tr><tr><td>robot cuiseur<\/td><td>&nbsp;<\/td><td>nettoyeur vapeur<\/td><\/tr><tr><td>robot p\u00e2tissier<\/td><td>&nbsp;<\/td><td>fer \u00e0 repasser<\/td><\/tr><tr><td>cafeti\u00e8re<\/td><td>&nbsp;<\/td><td>&nbsp;<\/td><\/tr><tr><td>bouilloire<\/td><td>&nbsp;<\/td><td>&nbsp;<\/td><\/tr><tr><td>cr\u00eapi\u00e8re<\/td><td>&nbsp;<\/td><td><strong>Salle de bain<\/strong><\/td><\/tr><tr><td>sorbeti\u00e8re<\/td><td>&nbsp;<\/td><td>radiateur<\/td><\/tr><tr><td>yaourti\u00e8re<\/td><td>&nbsp;<\/td><td>balance<\/td><\/tr><tr><td>blender<\/td><td>&nbsp;<\/td><td>s\u00e8che-cheveux<\/td><\/tr><tr><td>mixeur<\/td><td>&nbsp;<\/td><td>lisseur<\/td><\/tr><tr><td>mixeur plongeant<\/td><td>&nbsp;<\/td><td>boucleur<\/td><\/tr><tr><td>batteur<\/td><td>&nbsp;<\/td><td>&nbsp;<\/td><\/tr><tr><td>hachoir<\/td><td>&nbsp;<\/td><td>&nbsp;<\/td><\/tr><tr><td>extracteur de jus<\/td><td>&nbsp;<\/td><td><strong>Salon<\/strong><\/td><\/tr><tr><td>trancheuse<\/td><td>&nbsp;<\/td><td>t\u00e9l\u00e9commande<\/td><\/tr><tr><td>cuiseur vapeur<\/td><td>&nbsp;<\/td><td>&nbsp;lecteur Blu-Ray<\/td><\/tr><tr><td>machine \u00e0 pain<\/td><td>&nbsp;<\/td><td>mini cha\u00eene<\/td><\/tr><tr><td>machine \u00e0 pizza<\/td><td>&nbsp;<\/td><td>magn\u00e9toscope<\/td><\/tr><tr><td>toaster<\/td><td>&nbsp;<\/td><td>cam\u00e9scope<\/td><\/tr><tr><td>grill<\/td><td>&nbsp;<\/td><td>lecteur CD<\/td><\/tr><tr><td>plancha<\/td><td>&nbsp;<\/td><td>lecteur DVD<\/td><\/tr><tr><td>barbecue \u00e9lectrique<\/td><td>&nbsp;<\/td><td>lecteur cassettes<\/td><\/tr><tr><td>Mini four<\/td><td>&nbsp;<\/td><td>Home cinema<\/td><\/tr><tr><td>&nbsp;<\/td><td>&nbsp;<\/td><td>t\u00e9l\u00e9 \u00e9cran plat (petit mod\u00e8le)<\/td><\/tr><tr><td>&nbsp;<\/td><td>&nbsp;<\/td><td>platine vinyle<\/td><\/tr><tr><td><strong>Jeux<\/strong><\/td><td>&nbsp;<\/td><td>&nbsp;<\/td><\/tr><tr><td>console de salon<\/td><td>&nbsp;<\/td><td>&nbsp;<\/td><\/tr><tr><td>console portable<\/td><td>&nbsp;<\/td><td><strong>Pro audio<\/strong><\/td><\/tr><tr><td>manette<\/td><td>&nbsp;<\/td><td>table de mixage<\/td><\/tr><tr><td>jouet<\/td><td>&nbsp;<\/td><td>contr\u00f4leur son<\/td><\/tr><tr><td>voiture radiocommand\u00e9e<\/td><td>&nbsp;<\/td><td>contr\u00f4leur lumi\u00e8re<\/td><\/tr><tr><td>&nbsp;<\/td><td>&nbsp;<\/td><td>carte son<\/td><\/tr><tr><td>&nbsp;<\/td><td>&nbsp;<\/td><td>p\u00e9riph\u00e9rique<\/td><\/tr><tr><td><strong>Hi-tech<\/strong><\/td><td>&nbsp;<\/td><td>ampli sono<\/td><\/tr><tr><td>enceinte connect\u00e9e<\/td><td>&nbsp;<\/td><td>ampli instrument<\/td><\/tr><tr><td>t\u00e9l\u00e9phone<\/td><td>&nbsp;<\/td><td>jeu de lumi\u00e8re<\/td><\/tr><tr><td>autoradio<\/td><td>&nbsp;<\/td><td>machine \u00e0 fum\u00e9e<\/td><\/tr><tr><td>baladeur CD<\/td><td>&nbsp;<\/td><td>piano<\/td><\/tr><tr><td>baladeur K7<\/td><td>&nbsp;<\/td><td>orgue<\/td><\/tr><tr><td>baladeur MP3<\/td><td>&nbsp;<\/td><td>guitare<\/td><\/tr><tr><td>reveil<\/td><td>&nbsp;<\/td><td>instruments divers<\/td><\/tr><tr><td>radio reveil<\/td><td>&nbsp;<\/td><td>micro filaire<\/td><\/tr><tr><td>radio<\/td><td>&nbsp;<\/td><td>micro HF<\/td><\/tr><tr><td>radio K7<\/td><td>&nbsp;<\/td><td>&nbsp;<\/td><\/tr><tr><td>radio K7 CD<\/td><td>&nbsp;<\/td><td>&nbsp;<\/td><\/tr><tr><td>TV portable<\/td><td>&nbsp;<\/td><td><strong>Divers<\/strong><\/td><\/tr><tr><td>appareil photo<\/td><td>&nbsp;<\/td><td>chargeur<\/td><\/tr><tr><td>&nbsp;<\/td><td>&nbsp;<\/td><td>alimentation \u00e9lectrique<\/td><\/tr><tr><td>&nbsp;<\/td><td>&nbsp;<\/td><td>v\u00eatement<\/td><\/tr><tr><td><strong>Informatique<\/strong><\/td><td>&nbsp;<\/td><td>&nbsp;ameublement<\/td><\/tr><tr><td>unit\u00e9 centrale<\/td><td>&nbsp;<\/td><td>lampadaire<\/td><\/tr><tr><td>ordinateur portable<\/td><td>&nbsp;<\/td><td>lampe (chevet d\u00e9coratif)<\/td><\/tr><tr><td>\u00e9cran<\/td><td>&nbsp;<\/td><td>pendule<\/td><\/tr><tr><td>clavier<\/td><td><\/td><td>montre<\/td><\/tr><tr><td>souris<\/td><td>&nbsp;<\/td><td>&nbsp;<\/td><\/tr><tr><td>imprimante<\/td><td>&nbsp;<\/td><td>&nbsp;<\/td><\/tr><tr><td>scanner<\/td><td>&nbsp;<\/td><td>&nbsp;<\/td><\/tr><tr><td>cl\u00e9 USB<\/td><td>&nbsp;<\/td><td><strong>Mobilit\u00e9<\/strong><\/td><\/tr><tr><td>autre p\u00e9riph\u00e9rique<\/td><td>&nbsp;<\/td><td>v\u00e9lo \u00e9lectrique<\/td><\/tr><tr><td>r\u00e9troprojecteur<\/td><td>&nbsp;<\/td><td>overboard<\/td><\/tr><tr><td>vid\u00e9oprojecteur<\/td><td>&nbsp;<\/td><td>trottinette \u00e9lectrique<\/td><\/tr><tr><td>&nbsp;<\/td><td>&nbsp;<\/td><td>&nbsp;<\/td><\/tr><tr><td>&nbsp;<\/td><td>&nbsp;<\/td><td>&nbsp;<\/td><\/tr><tr><td><strong>Outillage<\/strong><\/td><td>&nbsp;<\/td><td>&nbsp;<\/td><\/tr><tr><td>scie sauteuse<\/td><td>&nbsp;<\/td><td>&nbsp;<\/td><\/tr><tr><td>ponceuse<\/td><td>&nbsp;<\/td><td>&nbsp;<\/td><\/tr><tr><td>compresseur<\/td><td>&nbsp;<\/td><td>&nbsp;<\/td><\/tr><tr><td>pompe<\/td><td>&nbsp;<\/td><td>&nbsp;<\/td><\/tr><tr><td>disqueuse<\/td><td>&nbsp;<\/td><td>&nbsp;<\/td><\/tr><tr><td>baladeuse<\/td><td>&nbsp;<\/td><td>&nbsp;<\/td><\/tr><tr><td>lampe de poche<\/td><td>&nbsp;<\/td><td>&nbsp;<\/td><\/tr><tr><td>perceuse<\/td><td>&nbsp;<\/td><td>&nbsp;<\/td><\/tr><tr><td>visseuse<\/td><td>&nbsp;<\/td><td>&nbsp;<\/td><\/tr><\/tbody><\/table><\/figure>\n\n\n\n<ul class=\"wp-block-list\">\n<li><\/li>\n<\/ul>\n\n\n\n<hr class=\"wp-block-separator has-text-color has-vivid-cyan-blue-color has-css-opacity has-vivid-cyan-blue-background-color has-background is-style-wide\"\/>\n\n\n\n<p class=\"has-white-color has-text-color has-link-color wp-elements-28ff4bd27c13c5b86325fec54bb3b3c2\">Infomedia42.com &#8211; l&rsquo;informatique pour tous \u00e0 Andr\u00e9zieux-Bouth\u00e9on, Saint Just-Saint Rambert, Saint Marcellin en Forez<br>InfoMedia, votre association, votre club, pour l&rsquo;initiation \u00e0 l&rsquo;informatique et au multimedia :<br>Bureautique, Internet, facebook, Conception et impression 3D, num\u00e9risation, montage vid\u00e9o, retouche photo, club photo, MAC, Raspberry, r\u00e9par caf\u00e9<\/p>\n","protected":false},"excerpt":{"rendered":"<p>Voici une liste des articles que nous pouvons tenter de d\u00e9panner ensemble au r\u00e9par&rsquo;CAF\u00c9. Pour un article qui ne serait pas dans cette liste, vous pouvez toujours poser la question \u00e0&nbsp;reparcafe@infomedia42.com&nbsp;. Notez toutefois que nous ne pouvons pas traiter les objets trop lourds ou trop encombrants, ni ceux dont le d\u00e9pannage par des non-professionnels pr\u00e9senterait [&hellip;]<\/p>\n","protected":false},"author":1,"featured_media":0,"parent":158,"menu_order":0,"comment_status":"closed","ping_status":"closed","template":"","meta":{"footnotes":"","_links_to":"","_links_to_target":""},"class_list":["post-154","page","type-page","status-publish","czr-hentry"],"yoast_head":"<!-- This site is optimized with the Yoast SEO plugin v27.4 - https:\/\/yoast.com\/product\/yoast-seo-wordpress\/ -->\n<title>Ce qu&#039;on peut (essayer de) r\u00e9parer au r\u00e9par&#039;CAFE - InfoMedia-L&#039;informatique pour tous<\/title>\n<meta name=\"robots\" content=\"index, follow, max-snippet:-1, max-image-preview:large, max-video-preview:-1\" \/>\n<link rel=\"canonical\" href=\"https:\/\/www.infomedia42.com\/orion\/reparcafe\/ce-qu-on-peut-reparer-au-repar-cafe\/\" \/>\n<meta property=\"og:locale\" content=\"fr_FR\" \/>\n<meta property=\"og:type\" content=\"article\" \/>\n<meta property=\"og:title\" content=\"Ce qu&#039;on peut (essayer de) r\u00e9parer au r\u00e9par&#039;CAFE - InfoMedia-L&#039;informatique pour tous\" \/>\n<meta property=\"og:description\" content=\"Voici une liste des articles que nous pouvons tenter de d\u00e9panner ensemble au r\u00e9par&rsquo;CAF\u00c9. Pour un article qui ne serait pas dans cette liste, vous pouvez toujours poser la question \u00e0&nbsp;reparcafe@infomedia42.com&nbsp;. Notez toutefois que nous ne pouvons pas traiter les objets trop lourds ou trop encombrants, ni ceux dont le d\u00e9pannage par des non-professionnels pr\u00e9senterait [&hellip;]\" \/>\n<meta property=\"og:url\" content=\"https:\/\/www.infomedia42.com\/orion\/reparcafe\/ce-qu-on-peut-reparer-au-repar-cafe\/\" \/>\n<meta property=\"og:site_name\" content=\"InfoMedia-L&#039;informatique pour tous\" \/>\n<meta property=\"article:modified_time\" content=\"2024-02-01T11:35:30+00:00\" \/>\n<meta name=\"twitter:card\" content=\"summary_large_image\" \/>\n<meta name=\"twitter:label1\" content=\"Dur\u00e9e de lecture estim\u00e9e\" \/>\n\t<meta name=\"twitter:data1\" content=\"2 minutes\" \/>\n<script type=\"application\/ld+json\" class=\"yoast-schema-graph\">{\"@context\":\"https:\\\/\\\/schema.org\",\"@graph\":[{\"@type\":\"WebPage\",\"@id\":\"https:\\\/\\\/www.infomedia42.com\\\/orion\\\/reparcafe\\\/ce-qu-on-peut-reparer-au-repar-cafe\\\/\",\"url\":\"https:\\\/\\\/www.infomedia42.com\\\/orion\\\/reparcafe\\\/ce-qu-on-peut-reparer-au-repar-cafe\\\/\",\"name\":\"Ce qu'on peut (essayer de) r\u00e9parer au r\u00e9par'CAFE - InfoMedia-L&#039;informatique pour tous\",\"isPartOf\":{\"@id\":\"https:\\\/\\\/www.infomedia42.com\\\/orion\\\/#website\"},\"datePublished\":\"2022-02-13T09:45:14+00:00\",\"dateModified\":\"2024-02-01T11:35:30+00:00\",\"breadcrumb\":{\"@id\":\"https:\\\/\\\/www.infomedia42.com\\\/orion\\\/reparcafe\\\/ce-qu-on-peut-reparer-au-repar-cafe\\\/#breadcrumb\"},\"inLanguage\":\"fr-FR\",\"potentialAction\":[{\"@type\":\"ReadAction\",\"target\":[\"https:\\\/\\\/www.infomedia42.com\\\/orion\\\/reparcafe\\\/ce-qu-on-peut-reparer-au-repar-cafe\\\/\"]}]},{\"@type\":\"BreadcrumbList\",\"@id\":\"https:\\\/\\\/www.infomedia42.com\\\/orion\\\/reparcafe\\\/ce-qu-on-peut-reparer-au-repar-cafe\\\/#breadcrumb\",\"itemListElement\":[{\"@type\":\"ListItem\",\"position\":1,\"name\":\"Accueil\",\"item\":\"https:\\\/\\\/www.infomedia42.com\\\/orion\\\/\"},{\"@type\":\"ListItem\",\"position\":2,\"name\":\"r\u00e9par&rsquo;CAF\u00c9\",\"item\":\"https:\\\/\\\/www.infomedia42.com\\\/orion\\\/reparcafe\\\/\"},{\"@type\":\"ListItem\",\"position\":3,\"name\":\"Ce qu&rsquo;on peut (essayer de) r\u00e9parer au r\u00e9par&rsquo;CAFE\"}]},{\"@type\":\"WebSite\",\"@id\":\"https:\\\/\\\/www.infomedia42.com\\\/orion\\\/#website\",\"url\":\"https:\\\/\\\/www.infomedia42.com\\\/orion\\\/\",\"name\":\"InfoMedia-L&#039;informatique pour tous\",\"description\":\"Site de l&#039;association InfoMedia\",\"publisher\":{\"@id\":\"https:\\\/\\\/www.infomedia42.com\\\/orion\\\/#organization\"},\"potentialAction\":[{\"@type\":\"SearchAction\",\"target\":{\"@type\":\"EntryPoint\",\"urlTemplate\":\"https:\\\/\\\/www.infomedia42.com\\\/orion\\\/?s={search_term_string}\"},\"query-input\":{\"@type\":\"PropertyValueSpecification\",\"valueRequired\":true,\"valueName\":\"search_term_string\"}}],\"inLanguage\":\"fr-FR\"},{\"@type\":\"Organization\",\"@id\":\"https:\\\/\\\/www.infomedia42.com\\\/orion\\\/#organization\",\"name\":\"InfoMedia-L&#039;informatique pour tous\",\"url\":\"https:\\\/\\\/www.infomedia42.com\\\/orion\\\/\",\"logo\":{\"@type\":\"ImageObject\",\"inLanguage\":\"fr-FR\",\"@id\":\"https:\\\/\\\/www.infomedia42.com\\\/orion\\\/#\\\/schema\\\/logo\\\/image\\\/\",\"url\":\"https:\\\/\\\/www.infomedia42.com\\\/orion\\\/wp-content\\\/uploads\\\/2024\\\/01\\\/cropped-Logodyn3secondes.gif\",\"contentUrl\":\"https:\\\/\\\/www.infomedia42.com\\\/orion\\\/wp-content\\\/uploads\\\/2024\\\/01\\\/cropped-Logodyn3secondes.gif\",\"width\":290,\"height\":290,\"caption\":\"InfoMedia-L&#039;informatique pour tous\"},\"image\":{\"@id\":\"https:\\\/\\\/www.infomedia42.com\\\/orion\\\/#\\\/schema\\\/logo\\\/image\\\/\"}}]}<\/script>\n<!-- \/ Yoast SEO plugin. -->","yoast_head_json":{"title":"Ce qu'on peut (essayer de) r\u00e9parer au r\u00e9par'CAFE - InfoMedia-L&#039;informatique pour tous","robots":{"index":"index","follow":"follow","max-snippet":"max-snippet:-1","max-image-preview":"max-image-preview:large","max-video-preview":"max-video-preview:-1"},"canonical":"https:\/\/www.infomedia42.com\/orion\/reparcafe\/ce-qu-on-peut-reparer-au-repar-cafe\/","og_locale":"fr_FR","og_type":"article","og_title":"Ce qu'on peut (essayer de) r\u00e9parer au r\u00e9par'CAFE - InfoMedia-L&#039;informatique pour tous","og_description":"Voici une liste des articles que nous pouvons tenter de d\u00e9panner ensemble au r\u00e9par&rsquo;CAF\u00c9. Pour un article qui ne serait pas dans cette liste, vous pouvez toujours poser la question \u00e0&nbsp;reparcafe@infomedia42.com&nbsp;. Notez toutefois que nous ne pouvons pas traiter les objets trop lourds ou trop encombrants, ni ceux dont le d\u00e9pannage par des non-professionnels pr\u00e9senterait [&hellip;]","og_url":"https:\/\/www.infomedia42.com\/orion\/reparcafe\/ce-qu-on-peut-reparer-au-repar-cafe\/","og_site_name":"InfoMedia-L&#039;informatique pour tous","article_modified_time":"2024-02-01T11:35:30+00:00","twitter_card":"summary_large_image","twitter_misc":{"Dur\u00e9e de lecture estim\u00e9e":"2 minutes"},"schema":{"@context":"https:\/\/schema.org","@graph":[{"@type":"WebPage","@id":"https:\/\/www.infomedia42.com\/orion\/reparcafe\/ce-qu-on-peut-reparer-au-repar-cafe\/","url":"https:\/\/www.infomedia42.com\/orion\/reparcafe\/ce-qu-on-peut-reparer-au-repar-cafe\/","name":"Ce qu'on peut (essayer de) r\u00e9parer au r\u00e9par'CAFE - InfoMedia-L&#039;informatique pour tous","isPartOf":{"@id":"https:\/\/www.infomedia42.com\/orion\/#website"},"datePublished":"2022-02-13T09:45:14+00:00","dateModified":"2024-02-01T11:35:30+00:00","breadcrumb":{"@id":"https:\/\/www.infomedia42.com\/orion\/reparcafe\/ce-qu-on-peut-reparer-au-repar-cafe\/#breadcrumb"},"inLanguage":"fr-FR","potentialAction":[{"@type":"ReadAction","target":["https:\/\/www.infomedia42.com\/orion\/reparcafe\/ce-qu-on-peut-reparer-au-repar-cafe\/"]}]},{"@type":"BreadcrumbList","@id":"https:\/\/www.infomedia42.com\/orion\/reparcafe\/ce-qu-on-peut-reparer-au-repar-cafe\/#breadcrumb","itemListElement":[{"@type":"ListItem","position":1,"name":"Accueil","item":"https:\/\/www.infomedia42.com\/orion\/"},{"@type":"ListItem","position":2,"name":"r\u00e9par&rsquo;CAF\u00c9","item":"https:\/\/www.infomedia42.com\/orion\/reparcafe\/"},{"@type":"ListItem","position":3,"name":"Ce qu&rsquo;on peut (essayer de) r\u00e9parer au r\u00e9par&rsquo;CAFE"}]},{"@type":"WebSite","@id":"https:\/\/www.infomedia42.com\/orion\/#website","url":"https:\/\/www.infomedia42.com\/orion\/","name":"InfoMedia-L&#039;informatique pour tous","description":"Site de l&#039;association InfoMedia","publisher":{"@id":"https:\/\/www.infomedia42.com\/orion\/#organization"},"potentialAction":[{"@type":"SearchAction","target":{"@type":"EntryPoint","urlTemplate":"https:\/\/www.infomedia42.com\/orion\/?s={search_term_string}"},"query-input":{"@type":"PropertyValueSpecification","valueRequired":true,"valueName":"search_term_string"}}],"inLanguage":"fr-FR"},{"@type":"Organization","@id":"https:\/\/www.infomedia42.com\/orion\/#organization","name":"InfoMedia-L&#039;informatique pour tous","url":"https:\/\/www.infomedia42.com\/orion\/","logo":{"@type":"ImageObject","inLanguage":"fr-FR","@id":"https:\/\/www.infomedia42.com\/orion\/#\/schema\/logo\/image\/","url":"https:\/\/www.infomedia42.com\/orion\/wp-content\/uploads\/2024\/01\/cropped-Logodyn3secondes.gif","contentUrl":"https:\/\/www.infomedia42.com\/orion\/wp-content\/uploads\/2024\/01\/cropped-Logodyn3secondes.gif","width":290,"height":290,"caption":"InfoMedia-L&#039;informatique pour tous"},"image":{"@id":"https:\/\/www.infomedia42.com\/orion\/#\/schema\/logo\/image\/"}}]}},"_links":{"self":[{"href":"https:\/\/www.infomedia42.com\/orion\/wp-json\/wp\/v2\/pages\/154","targetHints":{"allow":["GET"]}}],"collection":[{"href":"https:\/\/www.infomedia42.com\/orion\/wp-json\/wp\/v2\/pages"}],"about":[{"href":"https:\/\/www.infomedia42.com\/orion\/wp-json\/wp\/v2\/types\/page"}],"author":[{"embeddable":true,"href":"https:\/\/www.infomedia42.com\/orion\/wp-json\/wp\/v2\/users\/1"}],"replies":[{"embeddable":true,"href":"https:\/\/www.infomedia42.com\/orion\/wp-json\/wp\/v2\/comments?post=154"}],"version-history":[{"count":12,"href":"https:\/\/www.infomedia42.com\/orion\/wp-json\/wp\/v2\/pages\/154\/revisions"}],"predecessor-version":[{"id":3141,"href":"https:\/\/www.infomedia42.com\/orion\/wp-json\/wp\/v2\/pages\/154\/revisions\/3141"}],"up":[{"embeddable":true,"href":"https:\/\/www.infomedia42.com\/orion\/wp-json\/wp\/v2\/pages\/158"}],"wp:attachment":[{"href":"https:\/\/www.infomedia42.com\/orion\/wp-json\/wp\/v2\/media?parent=154"}],"curies":[{"name":"wp","href":"https:\/\/api.w.org\/{rel}","templated":true}]}}