{"id":1773,"date":"2022-12-11T07:58:20","date_gmt":"2022-12-11T06:58:20","guid":{"rendered":"https:\/\/www.infomedia42.com\/orion\/?page_id=1773"},"modified":"2022-12-11T17:28:28","modified_gmt":"2022-12-11T16:28:28","slug":"reinitialisation-mot-de-passe","status":"publish","type":"page","link":"https:\/\/www.infomedia42.com\/orion\/reinitialisation-mot-de-passe\/","title":{"rendered":"R\u00e9initialisation mot de passe"},"content":{"rendered":"\n<p class=\"has-large-font-size\">Cette page ne sera utile qu&rsquo;\u00e0 ceux \u00e0 qui on a attribu\u00e9 un identifiant <\/p>\n\n\n\n<p class=\"has-large-font-size\">(\u00e0 ce jour, les animateurs seulement)<\/p>\n\n\n\n<p><\/p>\n\n\n\n<p>Pour ceux qui ont compris le principe mais n&rsquo;ont rien compris au formulaire de r\u00e9initialisation du mot de passe :<\/p>\n\n\n\n<figure class=\"wp-block-embed is-type-video is-provider-youtube wp-block-embed-youtube wp-embed-aspect-16-9 wp-has-aspect-ratio\"><div class=\"wp-block-embed__wrapper\">\n<iframe loading=\"lazy\" title=\"Le formulaire de r\u00e9initialisation mot de passe\" width=\"1140\" height=\"641\" src=\"https:\/\/www.youtube.com\/embed\/sI4uarcAwys?feature=oembed\" frameborder=\"0\" allow=\"accelerometer; autoplay; clipboard-write; encrypted-media; gyroscope; picture-in-picture\" allowfullscreen><\/iframe>\n<\/div><\/figure>\n\n\n\n<p><\/p>\n\n\n\n<p><\/p>\n\n\n\n<p><\/p>\n\n\n\n<p>Pour ceux qui veulent comprendre du processus de r\u00e9initialisation du mot de passe et ont un peu plus de temps :<\/p>\n\n\n\n<figure class=\"wp-block-embed is-type-video is-provider-youtube wp-block-embed-youtube wp-embed-aspect-16-9 wp-has-aspect-ratio\"><div class=\"wp-block-embed__wrapper\">\n<iframe loading=\"lazy\" title=\"Gestion du mot de passe infomedia42.com\" width=\"1140\" height=\"641\" src=\"https:\/\/www.youtube.com\/embed\/UKC3_PAQmII?feature=oembed\" frameborder=\"0\" allow=\"accelerometer; autoplay; clipboard-write; encrypted-media; gyroscope; picture-in-picture\" allowfullscreen><\/iframe>\n<\/div><\/figure>\n","protected":false},"excerpt":{"rendered":"<p>Cette page ne sera utile qu&rsquo;\u00e0 ceux \u00e0 qui on a attribu\u00e9 un identifiant (\u00e0 ce jour, les animateurs seulement) Pour ceux qui ont compris le principe mais n&rsquo;ont rien compris au formulaire de r\u00e9initialisation du mot de passe : Pour ceux qui veulent comprendre du processus de r\u00e9initialisation du mot de passe et ont [&hellip;]<\/p>\n","protected":false},"author":1,"featured_media":0,"parent":0,"menu_order":0,"comment_status":"closed","ping_status":"closed","template":"","meta":{"footnotes":"","_links_to":"","_links_to_target":""},"class_list":["post-1773","page","type-page","status-publish","czr-hentry"],"yoast_head":"<!-- This site is optimized with the Yoast SEO plugin v27.4 - https:\/\/yoast.com\/product\/yoast-seo-wordpress\/ -->\n<title>R\u00e9initialisation mot de passe - InfoMedia-L&#039;informatique pour tous<\/title>\n<meta name=\"robots\" content=\"index, follow, max-snippet:-1, max-image-preview:large, max-video-preview:-1\" \/>\n<link rel=\"canonical\" href=\"https:\/\/www.infomedia42.com\/orion\/reinitialisation-mot-de-passe\/\" \/>\n<meta property=\"og:locale\" content=\"fr_FR\" \/>\n<meta property=\"og:type\" content=\"article\" \/>\n<meta property=\"og:title\" content=\"R\u00e9initialisation mot de passe - InfoMedia-L&#039;informatique pour tous\" \/>\n<meta property=\"og:description\" content=\"Cette page ne sera utile qu&rsquo;\u00e0 ceux \u00e0 qui on a attribu\u00e9 un identifiant (\u00e0 ce jour, les animateurs seulement) Pour ceux qui ont compris le principe mais n&rsquo;ont rien compris au formulaire de r\u00e9initialisation du mot de passe : Pour ceux qui veulent comprendre du processus de r\u00e9initialisation du mot de passe et ont [&hellip;]\" \/>\n<meta property=\"og:url\" content=\"https:\/\/www.infomedia42.com\/orion\/reinitialisation-mot-de-passe\/\" \/>\n<meta property=\"og:site_name\" content=\"InfoMedia-L&#039;informatique pour tous\" \/>\n<meta property=\"article:modified_time\" content=\"2022-12-11T16:28:28+00:00\" \/>\n<meta name=\"twitter:card\" content=\"summary_large_image\" \/>\n<meta name=\"twitter:label1\" content=\"Dur\u00e9e de lecture estim\u00e9e\" \/>\n\t<meta name=\"twitter:data1\" content=\"1 minute\" \/>\n<script type=\"application\/ld+json\" class=\"yoast-schema-graph\">{\"@context\":\"https:\\\/\\\/schema.org\",\"@graph\":[{\"@type\":\"WebPage\",\"@id\":\"https:\\\/\\\/www.infomedia42.com\\\/orion\\\/reinitialisation-mot-de-passe\\\/\",\"url\":\"https:\\\/\\\/www.infomedia42.com\\\/orion\\\/reinitialisation-mot-de-passe\\\/\",\"name\":\"R\u00e9initialisation mot de passe - InfoMedia-L&#039;informatique pour tous\",\"isPartOf\":{\"@id\":\"https:\\\/\\\/www.infomedia42.com\\\/orion\\\/#website\"},\"datePublished\":\"2022-12-11T06:58:20+00:00\",\"dateModified\":\"2022-12-11T16:28:28+00:00\",\"breadcrumb\":{\"@id\":\"https:\\\/\\\/www.infomedia42.com\\\/orion\\\/reinitialisation-mot-de-passe\\\/#breadcrumb\"},\"inLanguage\":\"fr-FR\",\"potentialAction\":[{\"@type\":\"ReadAction\",\"target\":[\"https:\\\/\\\/www.infomedia42.com\\\/orion\\\/reinitialisation-mot-de-passe\\\/\"]}]},{\"@type\":\"BreadcrumbList\",\"@id\":\"https:\\\/\\\/www.infomedia42.com\\\/orion\\\/reinitialisation-mot-de-passe\\\/#breadcrumb\",\"itemListElement\":[{\"@type\":\"ListItem\",\"position\":1,\"name\":\"Accueil\",\"item\":\"https:\\\/\\\/www.infomedia42.com\\\/orion\\\/\"},{\"@type\":\"ListItem\",\"position\":2,\"name\":\"R\u00e9initialisation mot de passe\"}]},{\"@type\":\"WebSite\",\"@id\":\"https:\\\/\\\/www.infomedia42.com\\\/orion\\\/#website\",\"url\":\"https:\\\/\\\/www.infomedia42.com\\\/orion\\\/\",\"name\":\"InfoMedia-L&#039;informatique pour tous\",\"description\":\"Site de l&#039;association InfoMedia\",\"publisher\":{\"@id\":\"https:\\\/\\\/www.infomedia42.com\\\/orion\\\/#organization\"},\"potentialAction\":[{\"@type\":\"SearchAction\",\"target\":{\"@type\":\"EntryPoint\",\"urlTemplate\":\"https:\\\/\\\/www.infomedia42.com\\\/orion\\\/?s={search_term_string}\"},\"query-input\":{\"@type\":\"PropertyValueSpecification\",\"valueRequired\":true,\"valueName\":\"search_term_string\"}}],\"inLanguage\":\"fr-FR\"},{\"@type\":\"Organization\",\"@id\":\"https:\\\/\\\/www.infomedia42.com\\\/orion\\\/#organization\",\"name\":\"InfoMedia-L&#039;informatique pour tous\",\"url\":\"https:\\\/\\\/www.infomedia42.com\\\/orion\\\/\",\"logo\":{\"@type\":\"ImageObject\",\"inLanguage\":\"fr-FR\",\"@id\":\"https:\\\/\\\/www.infomedia42.com\\\/orion\\\/#\\\/schema\\\/logo\\\/image\\\/\",\"url\":\"https:\\\/\\\/www.infomedia42.com\\\/orion\\\/wp-content\\\/uploads\\\/2024\\\/01\\\/cropped-Logodyn3secondes.gif\",\"contentUrl\":\"https:\\\/\\\/www.infomedia42.com\\\/orion\\\/wp-content\\\/uploads\\\/2024\\\/01\\\/cropped-Logodyn3secondes.gif\",\"width\":290,\"height\":290,\"caption\":\"InfoMedia-L&#039;informatique pour tous\"},\"image\":{\"@id\":\"https:\\\/\\\/www.infomedia42.com\\\/orion\\\/#\\\/schema\\\/logo\\\/image\\\/\"}}]}<\/script>\n<!-- \/ Yoast SEO plugin. -->","yoast_head_json":{"title":"R\u00e9initialisation mot de passe - InfoMedia-L&#039;informatique pour tous","robots":{"index":"index","follow":"follow","max-snippet":"max-snippet:-1","max-image-preview":"max-image-preview:large","max-video-preview":"max-video-preview:-1"},"canonical":"https:\/\/www.infomedia42.com\/orion\/reinitialisation-mot-de-passe\/","og_locale":"fr_FR","og_type":"article","og_title":"R\u00e9initialisation mot de passe - InfoMedia-L&#039;informatique pour tous","og_description":"Cette page ne sera utile qu&rsquo;\u00e0 ceux \u00e0 qui on a attribu\u00e9 un identifiant (\u00e0 ce jour, les animateurs seulement) Pour ceux qui ont compris le principe mais n&rsquo;ont rien compris au formulaire de r\u00e9initialisation du mot de passe : Pour ceux qui veulent comprendre du processus de r\u00e9initialisation du mot de passe et ont [&hellip;]","og_url":"https:\/\/www.infomedia42.com\/orion\/reinitialisation-mot-de-passe\/","og_site_name":"InfoMedia-L&#039;informatique pour tous","article_modified_time":"2022-12-11T16:28:28+00:00","twitter_card":"summary_large_image","twitter_misc":{"Dur\u00e9e de lecture estim\u00e9e":"1 minute"},"schema":{"@context":"https:\/\/schema.org","@graph":[{"@type":"WebPage","@id":"https:\/\/www.infomedia42.com\/orion\/reinitialisation-mot-de-passe\/","url":"https:\/\/www.infomedia42.com\/orion\/reinitialisation-mot-de-passe\/","name":"R\u00e9initialisation mot de passe - InfoMedia-L&#039;informatique pour tous","isPartOf":{"@id":"https:\/\/www.infomedia42.com\/orion\/#website"},"datePublished":"2022-12-11T06:58:20+00:00","dateModified":"2022-12-11T16:28:28+00:00","breadcrumb":{"@id":"https:\/\/www.infomedia42.com\/orion\/reinitialisation-mot-de-passe\/#breadcrumb"},"inLanguage":"fr-FR","potentialAction":[{"@type":"ReadAction","target":["https:\/\/www.infomedia42.com\/orion\/reinitialisation-mot-de-passe\/"]}]},{"@type":"BreadcrumbList","@id":"https:\/\/www.infomedia42.com\/orion\/reinitialisation-mot-de-passe\/#breadcrumb","itemListElement":[{"@type":"ListItem","position":1,"name":"Accueil","item":"https:\/\/www.infomedia42.com\/orion\/"},{"@type":"ListItem","position":2,"name":"R\u00e9initialisation mot de passe"}]},{"@type":"WebSite","@id":"https:\/\/www.infomedia42.com\/orion\/#website","url":"https:\/\/www.infomedia42.com\/orion\/","name":"InfoMedia-L&#039;informatique pour tous","description":"Site de l&#039;association InfoMedia","publisher":{"@id":"https:\/\/www.infomedia42.com\/orion\/#organization"},"potentialAction":[{"@type":"SearchAction","target":{"@type":"EntryPoint","urlTemplate":"https:\/\/www.infomedia42.com\/orion\/?s={search_term_string}"},"query-input":{"@type":"PropertyValueSpecification","valueRequired":true,"valueName":"search_term_string"}}],"inLanguage":"fr-FR"},{"@type":"Organization","@id":"https:\/\/www.infomedia42.com\/orion\/#organization","name":"InfoMedia-L&#039;informatique pour tous","url":"https:\/\/www.infomedia42.com\/orion\/","logo":{"@type":"ImageObject","inLanguage":"fr-FR","@id":"https:\/\/www.infomedia42.com\/orion\/#\/schema\/logo\/image\/","url":"https:\/\/www.infomedia42.com\/orion\/wp-content\/uploads\/2024\/01\/cropped-Logodyn3secondes.gif","contentUrl":"https:\/\/www.infomedia42.com\/orion\/wp-content\/uploads\/2024\/01\/cropped-Logodyn3secondes.gif","width":290,"height":290,"caption":"InfoMedia-L&#039;informatique pour tous"},"image":{"@id":"https:\/\/www.infomedia42.com\/orion\/#\/schema\/logo\/image\/"}}]}},"_links":{"self":[{"href":"https:\/\/www.infomedia42.com\/orion\/wp-json\/wp\/v2\/pages\/1773","targetHints":{"allow":["GET"]}}],"collection":[{"href":"https:\/\/www.infomedia42.com\/orion\/wp-json\/wp\/v2\/pages"}],"about":[{"href":"https:\/\/www.infomedia42.com\/orion\/wp-json\/wp\/v2\/types\/page"}],"author":[{"embeddable":true,"href":"https:\/\/www.infomedia42.com\/orion\/wp-json\/wp\/v2\/users\/1"}],"replies":[{"embeddable":true,"href":"https:\/\/www.infomedia42.com\/orion\/wp-json\/wp\/v2\/comments?post=1773"}],"version-history":[{"count":5,"href":"https:\/\/www.infomedia42.com\/orion\/wp-json\/wp\/v2\/pages\/1773\/revisions"}],"predecessor-version":[{"id":1783,"href":"https:\/\/www.infomedia42.com\/orion\/wp-json\/wp\/v2\/pages\/1773\/revisions\/1783"}],"wp:attachment":[{"href":"https:\/\/www.infomedia42.com\/orion\/wp-json\/wp\/v2\/media?parent=1773"}],"curies":[{"name":"wp","href":"https:\/\/api.w.org\/{rel}","templated":true}]}}