{"id":1999,"date":"2023-01-27T14:51:03","date_gmt":"2023-01-27T13:51:03","guid":{"rendered":"https:\/\/www.infomedia42.com\/orion\/?page_id=1999"},"modified":"2023-01-27T16:03:21","modified_gmt":"2023-01-27T15:03:21","slug":"apprendre-encore","status":"publish","type":"page","link":"https:\/\/www.infomedia42.com\/orion\/apprendre-encore\/","title":{"rendered":"Apprendre encore"},"content":{"rendered":"\n<p>Internet regorge de ressources int\u00e9ressantes pour ceux qui souhaitent d\u00e9couvrir et apprendre,<br> nous pr\u00e9senterons ici quelques liens qui pourraient vous int\u00e9resser, et certains proviennent m\u00eame d&rsquo;initiatives qui nous sont tr\u00e8s proches et auxquelles on ne pense pas toujours &#8230;.<\/p>\n\n\n\n<p><\/p>\n\n\n\n<p><\/p>\n\n\n\n<h3 class=\"wp-block-heading\">La M\u00e9diath\u00e8que.<\/h3>\n\n\n\n<p>D\u00e9couvrez ou re-d\u00e9couvrez la M\u00e9diath\u00e8que Loire Forez ici :    <a href=\"https:\/\/copernic.loireforez.fr\/accueil\">https:\/\/copernic.loireforez.fr\/accueil<\/a><\/p>\n\n\n\n<p>Et appr\u00e9ciez l&rsquo;offre d&rsquo;autoformation de la m\u00e9diath\u00e8que Loire ici :   <a href=\"https:\/\/mediatheque-numerique.loire.fr\/Default\/autoformation.aspx\">https:\/\/mediatheque-numerique.loire.fr\/Default\/autoformation.aspx<\/a><br>D\u00e8s la page d&rsquo;accueil, vous y trouverez des autoformations Bureautique et MultiMedia <br>et vous pourrez aussi vous connecter \u00e0 l&rsquo;appli mobile \u00ab\u00a0Tout apprendre\u00a0\u00bb (identifiant et mot de passe vous seront fournis en page d&rsquo;accueil).<\/p>\n\n\n\n<p><\/p>\n\n\n\n<p><\/p>\n\n\n\n<p><\/p>\n\n\n\n<p><\/p>\n\n\n\n<p><\/p>\n\n\n\n<p><\/p>\n\n\n\n<p><\/p>\n\n\n\n<p><\/p>\n\n\n\n<p><\/p>\n","protected":false},"excerpt":{"rendered":"<p>Internet regorge de ressources int\u00e9ressantes pour ceux qui souhaitent d\u00e9couvrir et apprendre, nous pr\u00e9senterons ici quelques liens qui pourraient vous int\u00e9resser, et certains proviennent m\u00eame d&rsquo;initiatives qui nous sont tr\u00e8s proches et auxquelles on ne pense pas toujours &#8230;. La M\u00e9diath\u00e8que. D\u00e9couvrez ou re-d\u00e9couvrez la M\u00e9diath\u00e8que Loire Forez ici : https:\/\/copernic.loireforez.fr\/accueil Et appr\u00e9ciez l&rsquo;offre d&rsquo;autoformation [&hellip;]<\/p>\n","protected":false},"author":1,"featured_media":0,"parent":0,"menu_order":0,"comment_status":"closed","ping_status":"closed","template":"","meta":{"footnotes":"","_links_to":"","_links_to_target":""},"class_list":["post-1999","page","type-page","status-publish","czr-hentry"],"yoast_head":"<!-- This site is optimized with the Yoast SEO plugin v27.5 - https:\/\/yoast.com\/product\/yoast-seo-wordpress\/ -->\n<title>Apprendre encore - InfoMedia-L&#039;informatique pour tous<\/title>\n<meta name=\"robots\" content=\"index, follow, max-snippet:-1, max-image-preview:large, max-video-preview:-1\" \/>\n<link rel=\"canonical\" href=\"https:\/\/www.infomedia42.com\/orion\/apprendre-encore\/\" \/>\n<meta property=\"og:locale\" content=\"fr_FR\" \/>\n<meta property=\"og:type\" content=\"article\" \/>\n<meta property=\"og:title\" content=\"Apprendre encore - InfoMedia-L&#039;informatique pour tous\" \/>\n<meta property=\"og:description\" content=\"Internet regorge de ressources int\u00e9ressantes pour ceux qui souhaitent d\u00e9couvrir et apprendre, nous pr\u00e9senterons ici quelques liens qui pourraient vous int\u00e9resser, et certains proviennent m\u00eame d&rsquo;initiatives qui nous sont tr\u00e8s proches et auxquelles on ne pense pas toujours &#8230;. La M\u00e9diath\u00e8que. D\u00e9couvrez ou re-d\u00e9couvrez la M\u00e9diath\u00e8que Loire Forez ici : https:\/\/copernic.loireforez.fr\/accueil Et appr\u00e9ciez l&rsquo;offre d&rsquo;autoformation [&hellip;]\" \/>\n<meta property=\"og:url\" content=\"https:\/\/www.infomedia42.com\/orion\/apprendre-encore\/\" \/>\n<meta property=\"og:site_name\" content=\"InfoMedia-L&#039;informatique pour tous\" \/>\n<meta property=\"article:modified_time\" content=\"2023-01-27T15:03:21+00:00\" \/>\n<meta name=\"twitter:card\" content=\"summary_large_image\" \/>\n<meta name=\"twitter:label1\" content=\"Dur\u00e9e de lecture estim\u00e9e\" \/>\n\t<meta name=\"twitter:data1\" content=\"1 minute\" \/>\n<script type=\"application\/ld+json\" class=\"yoast-schema-graph\">{\"@context\":\"https:\\\/\\\/schema.org\",\"@graph\":[{\"@type\":\"WebPage\",\"@id\":\"https:\\\/\\\/www.infomedia42.com\\\/orion\\\/apprendre-encore\\\/\",\"url\":\"https:\\\/\\\/www.infomedia42.com\\\/orion\\\/apprendre-encore\\\/\",\"name\":\"Apprendre encore - InfoMedia-L&#039;informatique pour tous\",\"isPartOf\":{\"@id\":\"https:\\\/\\\/www.infomedia42.com\\\/orion\\\/#website\"},\"datePublished\":\"2023-01-27T13:51:03+00:00\",\"dateModified\":\"2023-01-27T15:03:21+00:00\",\"breadcrumb\":{\"@id\":\"https:\\\/\\\/www.infomedia42.com\\\/orion\\\/apprendre-encore\\\/#breadcrumb\"},\"inLanguage\":\"fr-FR\",\"potentialAction\":[{\"@type\":\"ReadAction\",\"target\":[\"https:\\\/\\\/www.infomedia42.com\\\/orion\\\/apprendre-encore\\\/\"]}]},{\"@type\":\"BreadcrumbList\",\"@id\":\"https:\\\/\\\/www.infomedia42.com\\\/orion\\\/apprendre-encore\\\/#breadcrumb\",\"itemListElement\":[{\"@type\":\"ListItem\",\"position\":1,\"name\":\"Accueil\",\"item\":\"https:\\\/\\\/www.infomedia42.com\\\/orion\\\/\"},{\"@type\":\"ListItem\",\"position\":2,\"name\":\"Apprendre encore\"}]},{\"@type\":\"WebSite\",\"@id\":\"https:\\\/\\\/www.infomedia42.com\\\/orion\\\/#website\",\"url\":\"https:\\\/\\\/www.infomedia42.com\\\/orion\\\/\",\"name\":\"InfoMedia-L&#039;informatique pour tous\",\"description\":\"Site de l&#039;association InfoMedia\",\"publisher\":{\"@id\":\"https:\\\/\\\/www.infomedia42.com\\\/orion\\\/#organization\"},\"potentialAction\":[{\"@type\":\"SearchAction\",\"target\":{\"@type\":\"EntryPoint\",\"urlTemplate\":\"https:\\\/\\\/www.infomedia42.com\\\/orion\\\/?s={search_term_string}\"},\"query-input\":{\"@type\":\"PropertyValueSpecification\",\"valueRequired\":true,\"valueName\":\"search_term_string\"}}],\"inLanguage\":\"fr-FR\"},{\"@type\":\"Organization\",\"@id\":\"https:\\\/\\\/www.infomedia42.com\\\/orion\\\/#organization\",\"name\":\"InfoMedia-L&#039;informatique pour tous\",\"url\":\"https:\\\/\\\/www.infomedia42.com\\\/orion\\\/\",\"logo\":{\"@type\":\"ImageObject\",\"inLanguage\":\"fr-FR\",\"@id\":\"https:\\\/\\\/www.infomedia42.com\\\/orion\\\/#\\\/schema\\\/logo\\\/image\\\/\",\"url\":\"https:\\\/\\\/www.infomedia42.com\\\/orion\\\/wp-content\\\/uploads\\\/2024\\\/01\\\/cropped-Logodyn3secondes.gif\",\"contentUrl\":\"https:\\\/\\\/www.infomedia42.com\\\/orion\\\/wp-content\\\/uploads\\\/2024\\\/01\\\/cropped-Logodyn3secondes.gif\",\"width\":290,\"height\":290,\"caption\":\"InfoMedia-L&#039;informatique pour tous\"},\"image\":{\"@id\":\"https:\\\/\\\/www.infomedia42.com\\\/orion\\\/#\\\/schema\\\/logo\\\/image\\\/\"}}]}<\/script>\n<!-- \/ Yoast SEO plugin. -->","yoast_head_json":{"title":"Apprendre encore - InfoMedia-L&#039;informatique pour tous","robots":{"index":"index","follow":"follow","max-snippet":"max-snippet:-1","max-image-preview":"max-image-preview:large","max-video-preview":"max-video-preview:-1"},"canonical":"https:\/\/www.infomedia42.com\/orion\/apprendre-encore\/","og_locale":"fr_FR","og_type":"article","og_title":"Apprendre encore - InfoMedia-L&#039;informatique pour tous","og_description":"Internet regorge de ressources int\u00e9ressantes pour ceux qui souhaitent d\u00e9couvrir et apprendre, nous pr\u00e9senterons ici quelques liens qui pourraient vous int\u00e9resser, et certains proviennent m\u00eame d&rsquo;initiatives qui nous sont tr\u00e8s proches et auxquelles on ne pense pas toujours &#8230;. La M\u00e9diath\u00e8que. D\u00e9couvrez ou re-d\u00e9couvrez la M\u00e9diath\u00e8que Loire Forez ici : https:\/\/copernic.loireforez.fr\/accueil Et appr\u00e9ciez l&rsquo;offre d&rsquo;autoformation [&hellip;]","og_url":"https:\/\/www.infomedia42.com\/orion\/apprendre-encore\/","og_site_name":"InfoMedia-L&#039;informatique pour tous","article_modified_time":"2023-01-27T15:03:21+00:00","twitter_card":"summary_large_image","twitter_misc":{"Dur\u00e9e de lecture estim\u00e9e":"1 minute"},"schema":{"@context":"https:\/\/schema.org","@graph":[{"@type":"WebPage","@id":"https:\/\/www.infomedia42.com\/orion\/apprendre-encore\/","url":"https:\/\/www.infomedia42.com\/orion\/apprendre-encore\/","name":"Apprendre encore - InfoMedia-L&#039;informatique pour tous","isPartOf":{"@id":"https:\/\/www.infomedia42.com\/orion\/#website"},"datePublished":"2023-01-27T13:51:03+00:00","dateModified":"2023-01-27T15:03:21+00:00","breadcrumb":{"@id":"https:\/\/www.infomedia42.com\/orion\/apprendre-encore\/#breadcrumb"},"inLanguage":"fr-FR","potentialAction":[{"@type":"ReadAction","target":["https:\/\/www.infomedia42.com\/orion\/apprendre-encore\/"]}]},{"@type":"BreadcrumbList","@id":"https:\/\/www.infomedia42.com\/orion\/apprendre-encore\/#breadcrumb","itemListElement":[{"@type":"ListItem","position":1,"name":"Accueil","item":"https:\/\/www.infomedia42.com\/orion\/"},{"@type":"ListItem","position":2,"name":"Apprendre encore"}]},{"@type":"WebSite","@id":"https:\/\/www.infomedia42.com\/orion\/#website","url":"https:\/\/www.infomedia42.com\/orion\/","name":"InfoMedia-L&#039;informatique pour tous","description":"Site de l&#039;association InfoMedia","publisher":{"@id":"https:\/\/www.infomedia42.com\/orion\/#organization"},"potentialAction":[{"@type":"SearchAction","target":{"@type":"EntryPoint","urlTemplate":"https:\/\/www.infomedia42.com\/orion\/?s={search_term_string}"},"query-input":{"@type":"PropertyValueSpecification","valueRequired":true,"valueName":"search_term_string"}}],"inLanguage":"fr-FR"},{"@type":"Organization","@id":"https:\/\/www.infomedia42.com\/orion\/#organization","name":"InfoMedia-L&#039;informatique pour tous","url":"https:\/\/www.infomedia42.com\/orion\/","logo":{"@type":"ImageObject","inLanguage":"fr-FR","@id":"https:\/\/www.infomedia42.com\/orion\/#\/schema\/logo\/image\/","url":"https:\/\/www.infomedia42.com\/orion\/wp-content\/uploads\/2024\/01\/cropped-Logodyn3secondes.gif","contentUrl":"https:\/\/www.infomedia42.com\/orion\/wp-content\/uploads\/2024\/01\/cropped-Logodyn3secondes.gif","width":290,"height":290,"caption":"InfoMedia-L&#039;informatique pour tous"},"image":{"@id":"https:\/\/www.infomedia42.com\/orion\/#\/schema\/logo\/image\/"}}]}},"_links":{"self":[{"href":"https:\/\/www.infomedia42.com\/orion\/wp-json\/wp\/v2\/pages\/1999","targetHints":{"allow":["GET"]}}],"collection":[{"href":"https:\/\/www.infomedia42.com\/orion\/wp-json\/wp\/v2\/pages"}],"about":[{"href":"https:\/\/www.infomedia42.com\/orion\/wp-json\/wp\/v2\/types\/page"}],"author":[{"embeddable":true,"href":"https:\/\/www.infomedia42.com\/orion\/wp-json\/wp\/v2\/users\/1"}],"replies":[{"embeddable":true,"href":"https:\/\/www.infomedia42.com\/orion\/wp-json\/wp\/v2\/comments?post=1999"}],"version-history":[{"count":10,"href":"https:\/\/www.infomedia42.com\/orion\/wp-json\/wp\/v2\/pages\/1999\/revisions"}],"predecessor-version":[{"id":2024,"href":"https:\/\/www.infomedia42.com\/orion\/wp-json\/wp\/v2\/pages\/1999\/revisions\/2024"}],"wp:attachment":[{"href":"https:\/\/www.infomedia42.com\/orion\/wp-json\/wp\/v2\/media?parent=1999"}],"curies":[{"name":"wp","href":"https:\/\/api.w.org\/{rel}","templated":true}]}}