{"id":221,"date":"2022-02-13T13:06:57","date_gmt":"2022-02-13T12:06:57","guid":{"rendered":"http:\/\/www.infomedia42.com\/orion\/?page_id=221"},"modified":"2026-04-15T20:35:44","modified_gmt":"2026-04-15T18:35:44","slug":"ateliers-saint-marcellin","status":"publish","type":"page","link":"https:\/\/www.infomedia42.com\/orion\/ateliers\/liste-des-ateliers\/ateliers-saint-marcellin\/","title":{"rendered":"Ateliers Saint Marcellin 2025-2026"},"content":{"rendered":"\n<table id=\"tablepress-7\" class=\"tablepress tablepress-id-7\">\n<thead>\n<tr class=\"row-1\">\n\t<th class=\"column-1\">Jour<\/th><th class=\"column-2\">Salle<\/th><th class=\"column-3\">Sujet<\/th><th class=\"column-4\">Animateur<\/th><th class=\"column-5\">Remarques<\/th>\n<\/tr>\n<\/thead>\n<tbody class=\"row-striping row-hover\">\n<tr class=\"row-2\">\n\t<td class=\"column-1\">Mercredi 17h30-19h30<\/td><td class=\"column-2\">Petite salle<\/td><td class=\"column-3\">Initiation sur ordinateur et t\u00e9l\u00e9phone <\/td><td class=\"column-4\">Nathalie DENEUVILLE-SENGULEN et Christelle CHAMBE<\/td><td class=\"column-5\">Premi\u00e8re s\u00e9ance le mercredi 1 octobre<\/td>\n<\/tr>\n<\/tbody>\n<\/table>\n<!-- #tablepress-7 from cache -->\n\n\n\n<p><\/p>\n\n\n\n<h2 class=\"wp-block-heading\">Nous envisageons la cr\u00e9ation d&rsquo;un atelier LINUX sur Saint Marcellin \u00e0 la rentr\u00e9e d&rsquo;Octobre 2026<\/h2>\n\n\n\n<h2 class=\"wp-block-heading\">Si vous \u00eates int\u00e9ress\u00e9s, faites vous connaitre \u00e0 <a href=\"mailto:secretaire@infomedia42.com\">secre<\/a><a href=\"mailto:secretaire@infomedia42.com\" target=\"_blank\" rel=\"noreferrer noopener\">taire@infomedia42.com<\/a><\/h2>\n\n\n\n<p><\/p>\n\n\n\n<p>Nous sommes h\u00e9berg\u00e9s dans l&rsquo;espace Jean BARNIER, rue d&rsquo;Outreleau :<\/p>\n\n\n\n<figure class=\"wp-block-image size-large\"><img loading=\"lazy\" decoding=\"async\" width=\"1024\" height=\"464\" src=\"https:\/\/www.infomedia42.com\/orion\/wp-content\/uploads\/2025\/03\/Espace-Jean-BARNIER-1024x464.jpg\" alt=\"\" class=\"wp-image-3787\" srcset=\"https:\/\/www.infomedia42.com\/orion\/wp-content\/uploads\/2025\/03\/Espace-Jean-BARNIER-1024x464.jpg 1024w, https:\/\/www.infomedia42.com\/orion\/wp-content\/uploads\/2025\/03\/Espace-Jean-BARNIER-300x136.jpg 300w, https:\/\/www.infomedia42.com\/orion\/wp-content\/uploads\/2025\/03\/Espace-Jean-BARNIER-768x348.jpg 768w, https:\/\/www.infomedia42.com\/orion\/wp-content\/uploads\/2025\/03\/Espace-Jean-BARNIER-1536x695.jpg 1536w, https:\/\/www.infomedia42.com\/orion\/wp-content\/uploads\/2025\/03\/Espace-Jean-BARNIER-517x235.jpg 517w, https:\/\/www.infomedia42.com\/orion\/wp-content\/uploads\/2025\/03\/Espace-Jean-BARNIER.jpg 1818w\" sizes=\"auto, (max-width: 1024px) 100vw, 1024px\" \/><\/figure>\n\n\n\n<hr class=\"wp-block-separator has-text-color has-vivid-cyan-blue-color has-css-opacity has-vivid-cyan-blue-background-color has-background is-style-wide\"\/>\n\n\n\n<p>Pas trouv\u00e9 \u00e0 Saint Marcellin en Forez ce que vous cherchiez ?<\/p>\n\n\n\n<h2 class=\"wp-block-heading\"><a href=\"https:\/\/www.infomedia42.com\/orion\/ateliers\/liste-des-ateliers\/ateliers-andrezieux\/\">Ateliers \u00e0 Andr\u00e9zieux-Bouth\u00e9on<\/a>            <a href=\"https:\/\/www.infomedia42.com\/orion\/ateliers\/liste-des-ateliers\/ateliers-saint-just-saint-rambert\/\">Ateliers \u00e0 Saint Just-Saint Rambert<\/a><\/h2>\n\n\n\n<hr class=\"wp-block-separator has-text-color has-vivid-cyan-blue-color has-css-opacity has-vivid-cyan-blue-background-color has-background is-style-wide\"\/>\n\n\n\n<p class=\"has-white-color has-text-color\">Infomedia42.com &#8211; l&rsquo;informatique pour tous \u00e0 Andr\u00e9zieux-Bouth\u00e9on, Saint Just-Saint Rambert, Saint Marcellin en Forez<\/p>\n\n\n\n<p class=\"has-white-color has-text-color\">InfoMedia, votre association,  votre club,  pour l&rsquo;initiation \u00e0 l&rsquo;informatique et au multimedia : <br>Bureautique, Internet, facebook, Conception et impression 3D, num\u00e9risation, montage vid\u00e9o, retouche photo, club photo, MAC, Raspberry<\/p>\n\n\n\n<p><\/p>\n","protected":false},"excerpt":{"rendered":"<p>Nous envisageons la cr\u00e9ation d&rsquo;un atelier LINUX sur Saint Marcellin \u00e0 la rentr\u00e9e d&rsquo;Octobre 2026 Si vous \u00eates int\u00e9ress\u00e9s, faites vous connaitre \u00e0 secretaire@infomedia42.com Nous sommes h\u00e9berg\u00e9s dans l&rsquo;espace Jean BARNIER, rue d&rsquo;Outreleau : Pas trouv\u00e9 \u00e0 Saint Marcellin en Forez ce que vous cherchiez ? Ateliers \u00e0 Andr\u00e9zieux-Bouth\u00e9on Ateliers \u00e0 Saint Just-Saint Rambert Infomedia42.com [&hellip;]<\/p>\n","protected":false},"author":1,"featured_media":0,"parent":303,"menu_order":0,"comment_status":"closed","ping_status":"closed","template":"","meta":{"footnotes":"","_links_to":"","_links_to_target":""},"class_list":["post-221","page","type-page","status-publish","czr-hentry"],"yoast_head":"<!-- This site is optimized with the Yoast SEO plugin v27.4 - https:\/\/yoast.com\/product\/yoast-seo-wordpress\/ -->\n<title>Ateliers Saint Marcellin 2025-2026 - InfoMedia-L&#039;informatique pour tous<\/title>\n<meta name=\"robots\" content=\"index, follow, max-snippet:-1, max-image-preview:large, max-video-preview:-1\" \/>\n<link rel=\"canonical\" href=\"https:\/\/www.infomedia42.com\/orion\/ateliers\/liste-des-ateliers\/ateliers-saint-marcellin\/\" \/>\n<meta property=\"og:locale\" content=\"fr_FR\" \/>\n<meta property=\"og:type\" content=\"article\" \/>\n<meta property=\"og:title\" content=\"Ateliers Saint Marcellin 2025-2026 - InfoMedia-L&#039;informatique pour tous\" \/>\n<meta property=\"og:description\" content=\"Nous envisageons la cr\u00e9ation d&rsquo;un atelier LINUX sur Saint Marcellin \u00e0 la rentr\u00e9e d&rsquo;Octobre 2026 Si vous \u00eates int\u00e9ress\u00e9s, faites vous connaitre \u00e0 secretaire@infomedia42.com Nous sommes h\u00e9berg\u00e9s dans l&rsquo;espace Jean BARNIER, rue d&rsquo;Outreleau : Pas trouv\u00e9 \u00e0 Saint Marcellin en Forez ce que vous cherchiez ? Ateliers \u00e0 Andr\u00e9zieux-Bouth\u00e9on Ateliers \u00e0 Saint Just-Saint Rambert Infomedia42.com [&hellip;]\" \/>\n<meta property=\"og:url\" content=\"https:\/\/www.infomedia42.com\/orion\/ateliers\/liste-des-ateliers\/ateliers-saint-marcellin\/\" \/>\n<meta property=\"og:site_name\" content=\"InfoMedia-L&#039;informatique pour tous\" \/>\n<meta property=\"article:modified_time\" content=\"2026-04-15T18:35:44+00:00\" \/>\n<meta property=\"og:image\" content=\"https:\/\/www.infomedia42.com\/orion\/wp-content\/uploads\/2025\/03\/Espace-Jean-BARNIER.jpg\" \/>\n\t<meta property=\"og:image:width\" content=\"1818\" \/>\n\t<meta property=\"og:image:height\" content=\"823\" \/>\n\t<meta property=\"og:image:type\" content=\"image\/jpeg\" \/>\n<meta name=\"twitter:card\" content=\"summary_large_image\" \/>\n<meta name=\"twitter:label1\" content=\"Dur\u00e9e de lecture estim\u00e9e\" \/>\n\t<meta name=\"twitter:data1\" content=\"1 minute\" \/>\n<script type=\"application\/ld+json\" class=\"yoast-schema-graph\">{\"@context\":\"https:\\\/\\\/schema.org\",\"@graph\":[{\"@type\":\"WebPage\",\"@id\":\"https:\\\/\\\/www.infomedia42.com\\\/orion\\\/ateliers\\\/liste-des-ateliers\\\/ateliers-saint-marcellin\\\/\",\"url\":\"https:\\\/\\\/www.infomedia42.com\\\/orion\\\/ateliers\\\/liste-des-ateliers\\\/ateliers-saint-marcellin\\\/\",\"name\":\"Ateliers Saint Marcellin 2025-2026 - InfoMedia-L&#039;informatique pour tous\",\"isPartOf\":{\"@id\":\"https:\\\/\\\/www.infomedia42.com\\\/orion\\\/#website\"},\"primaryImageOfPage\":{\"@id\":\"https:\\\/\\\/www.infomedia42.com\\\/orion\\\/ateliers\\\/liste-des-ateliers\\\/ateliers-saint-marcellin\\\/#primaryimage\"},\"image\":{\"@id\":\"https:\\\/\\\/www.infomedia42.com\\\/orion\\\/ateliers\\\/liste-des-ateliers\\\/ateliers-saint-marcellin\\\/#primaryimage\"},\"thumbnailUrl\":\"https:\\\/\\\/www.infomedia42.com\\\/orion\\\/wp-content\\\/uploads\\\/2025\\\/03\\\/Espace-Jean-BARNIER-1024x464.jpg\",\"datePublished\":\"2022-02-13T12:06:57+00:00\",\"dateModified\":\"2026-04-15T18:35:44+00:00\",\"breadcrumb\":{\"@id\":\"https:\\\/\\\/www.infomedia42.com\\\/orion\\\/ateliers\\\/liste-des-ateliers\\\/ateliers-saint-marcellin\\\/#breadcrumb\"},\"inLanguage\":\"fr-FR\",\"potentialAction\":[{\"@type\":\"ReadAction\",\"target\":[\"https:\\\/\\\/www.infomedia42.com\\\/orion\\\/ateliers\\\/liste-des-ateliers\\\/ateliers-saint-marcellin\\\/\"]}]},{\"@type\":\"ImageObject\",\"inLanguage\":\"fr-FR\",\"@id\":\"https:\\\/\\\/www.infomedia42.com\\\/orion\\\/ateliers\\\/liste-des-ateliers\\\/ateliers-saint-marcellin\\\/#primaryimage\",\"url\":\"https:\\\/\\\/www.infomedia42.com\\\/orion\\\/wp-content\\\/uploads\\\/2025\\\/03\\\/Espace-Jean-BARNIER.jpg\",\"contentUrl\":\"https:\\\/\\\/www.infomedia42.com\\\/orion\\\/wp-content\\\/uploads\\\/2025\\\/03\\\/Espace-Jean-BARNIER.jpg\",\"width\":1818,\"height\":823},{\"@type\":\"BreadcrumbList\",\"@id\":\"https:\\\/\\\/www.infomedia42.com\\\/orion\\\/ateliers\\\/liste-des-ateliers\\\/ateliers-saint-marcellin\\\/#breadcrumb\",\"itemListElement\":[{\"@type\":\"ListItem\",\"position\":1,\"name\":\"Accueil\",\"item\":\"https:\\\/\\\/www.infomedia42.com\\\/orion\\\/\"},{\"@type\":\"ListItem\",\"position\":2,\"name\":\"Ateliers\",\"item\":\"https:\\\/\\\/www.infomedia42.com\\\/orion\\\/ateliers\\\/\"},{\"@type\":\"ListItem\",\"position\":3,\"name\":\"Liste des ateliers\",\"item\":\"https:\\\/\\\/www.infomedia42.com\\\/orion\\\/ateliers\\\/liste-des-ateliers\\\/\"},{\"@type\":\"ListItem\",\"position\":4,\"name\":\"Ateliers Saint Marcellin 2025-2026\"}]},{\"@type\":\"WebSite\",\"@id\":\"https:\\\/\\\/www.infomedia42.com\\\/orion\\\/#website\",\"url\":\"https:\\\/\\\/www.infomedia42.com\\\/orion\\\/\",\"name\":\"InfoMedia-L&#039;informatique pour tous\",\"description\":\"Site de l&#039;association InfoMedia\",\"publisher\":{\"@id\":\"https:\\\/\\\/www.infomedia42.com\\\/orion\\\/#organization\"},\"potentialAction\":[{\"@type\":\"SearchAction\",\"target\":{\"@type\":\"EntryPoint\",\"urlTemplate\":\"https:\\\/\\\/www.infomedia42.com\\\/orion\\\/?s={search_term_string}\"},\"query-input\":{\"@type\":\"PropertyValueSpecification\",\"valueRequired\":true,\"valueName\":\"search_term_string\"}}],\"inLanguage\":\"fr-FR\"},{\"@type\":\"Organization\",\"@id\":\"https:\\\/\\\/www.infomedia42.com\\\/orion\\\/#organization\",\"name\":\"InfoMedia-L&#039;informatique pour tous\",\"url\":\"https:\\\/\\\/www.infomedia42.com\\\/orion\\\/\",\"logo\":{\"@type\":\"ImageObject\",\"inLanguage\":\"fr-FR\",\"@id\":\"https:\\\/\\\/www.infomedia42.com\\\/orion\\\/#\\\/schema\\\/logo\\\/image\\\/\",\"url\":\"https:\\\/\\\/www.infomedia42.com\\\/orion\\\/wp-content\\\/uploads\\\/2024\\\/01\\\/cropped-Logodyn3secondes.gif\",\"contentUrl\":\"https:\\\/\\\/www.infomedia42.com\\\/orion\\\/wp-content\\\/uploads\\\/2024\\\/01\\\/cropped-Logodyn3secondes.gif\",\"width\":290,\"height\":290,\"caption\":\"InfoMedia-L&#039;informatique pour tous\"},\"image\":{\"@id\":\"https:\\\/\\\/www.infomedia42.com\\\/orion\\\/#\\\/schema\\\/logo\\\/image\\\/\"}}]}<\/script>\n<!-- \/ Yoast SEO plugin. -->","yoast_head_json":{"title":"Ateliers Saint Marcellin 2025-2026 - InfoMedia-L&#039;informatique pour tous","robots":{"index":"index","follow":"follow","max-snippet":"max-snippet:-1","max-image-preview":"max-image-preview:large","max-video-preview":"max-video-preview:-1"},"canonical":"https:\/\/www.infomedia42.com\/orion\/ateliers\/liste-des-ateliers\/ateliers-saint-marcellin\/","og_locale":"fr_FR","og_type":"article","og_title":"Ateliers Saint Marcellin 2025-2026 - InfoMedia-L&#039;informatique pour tous","og_description":"Nous envisageons la cr\u00e9ation d&rsquo;un atelier LINUX sur Saint Marcellin \u00e0 la rentr\u00e9e d&rsquo;Octobre 2026 Si vous \u00eates int\u00e9ress\u00e9s, faites vous connaitre \u00e0 secretaire@infomedia42.com Nous sommes h\u00e9berg\u00e9s dans l&rsquo;espace Jean BARNIER, rue d&rsquo;Outreleau : Pas trouv\u00e9 \u00e0 Saint Marcellin en Forez ce que vous cherchiez ? Ateliers \u00e0 Andr\u00e9zieux-Bouth\u00e9on Ateliers \u00e0 Saint Just-Saint Rambert Infomedia42.com [&hellip;]","og_url":"https:\/\/www.infomedia42.com\/orion\/ateliers\/liste-des-ateliers\/ateliers-saint-marcellin\/","og_site_name":"InfoMedia-L&#039;informatique pour tous","article_modified_time":"2026-04-15T18:35:44+00:00","og_image":[{"width":1818,"height":823,"url":"https:\/\/www.infomedia42.com\/orion\/wp-content\/uploads\/2025\/03\/Espace-Jean-BARNIER.jpg","type":"image\/jpeg"}],"twitter_card":"summary_large_image","twitter_misc":{"Dur\u00e9e de lecture estim\u00e9e":"1 minute"},"schema":{"@context":"https:\/\/schema.org","@graph":[{"@type":"WebPage","@id":"https:\/\/www.infomedia42.com\/orion\/ateliers\/liste-des-ateliers\/ateliers-saint-marcellin\/","url":"https:\/\/www.infomedia42.com\/orion\/ateliers\/liste-des-ateliers\/ateliers-saint-marcellin\/","name":"Ateliers Saint Marcellin 2025-2026 - InfoMedia-L&#039;informatique pour tous","isPartOf":{"@id":"https:\/\/www.infomedia42.com\/orion\/#website"},"primaryImageOfPage":{"@id":"https:\/\/www.infomedia42.com\/orion\/ateliers\/liste-des-ateliers\/ateliers-saint-marcellin\/#primaryimage"},"image":{"@id":"https:\/\/www.infomedia42.com\/orion\/ateliers\/liste-des-ateliers\/ateliers-saint-marcellin\/#primaryimage"},"thumbnailUrl":"https:\/\/www.infomedia42.com\/orion\/wp-content\/uploads\/2025\/03\/Espace-Jean-BARNIER-1024x464.jpg","datePublished":"2022-02-13T12:06:57+00:00","dateModified":"2026-04-15T18:35:44+00:00","breadcrumb":{"@id":"https:\/\/www.infomedia42.com\/orion\/ateliers\/liste-des-ateliers\/ateliers-saint-marcellin\/#breadcrumb"},"inLanguage":"fr-FR","potentialAction":[{"@type":"ReadAction","target":["https:\/\/www.infomedia42.com\/orion\/ateliers\/liste-des-ateliers\/ateliers-saint-marcellin\/"]}]},{"@type":"ImageObject","inLanguage":"fr-FR","@id":"https:\/\/www.infomedia42.com\/orion\/ateliers\/liste-des-ateliers\/ateliers-saint-marcellin\/#primaryimage","url":"https:\/\/www.infomedia42.com\/orion\/wp-content\/uploads\/2025\/03\/Espace-Jean-BARNIER.jpg","contentUrl":"https:\/\/www.infomedia42.com\/orion\/wp-content\/uploads\/2025\/03\/Espace-Jean-BARNIER.jpg","width":1818,"height":823},{"@type":"BreadcrumbList","@id":"https:\/\/www.infomedia42.com\/orion\/ateliers\/liste-des-ateliers\/ateliers-saint-marcellin\/#breadcrumb","itemListElement":[{"@type":"ListItem","position":1,"name":"Accueil","item":"https:\/\/www.infomedia42.com\/orion\/"},{"@type":"ListItem","position":2,"name":"Ateliers","item":"https:\/\/www.infomedia42.com\/orion\/ateliers\/"},{"@type":"ListItem","position":3,"name":"Liste des ateliers","item":"https:\/\/www.infomedia42.com\/orion\/ateliers\/liste-des-ateliers\/"},{"@type":"ListItem","position":4,"name":"Ateliers Saint Marcellin 2025-2026"}]},{"@type":"WebSite","@id":"https:\/\/www.infomedia42.com\/orion\/#website","url":"https:\/\/www.infomedia42.com\/orion\/","name":"InfoMedia-L&#039;informatique pour tous","description":"Site de l&#039;association InfoMedia","publisher":{"@id":"https:\/\/www.infomedia42.com\/orion\/#organization"},"potentialAction":[{"@type":"SearchAction","target":{"@type":"EntryPoint","urlTemplate":"https:\/\/www.infomedia42.com\/orion\/?s={search_term_string}"},"query-input":{"@type":"PropertyValueSpecification","valueRequired":true,"valueName":"search_term_string"}}],"inLanguage":"fr-FR"},{"@type":"Organization","@id":"https:\/\/www.infomedia42.com\/orion\/#organization","name":"InfoMedia-L&#039;informatique pour tous","url":"https:\/\/www.infomedia42.com\/orion\/","logo":{"@type":"ImageObject","inLanguage":"fr-FR","@id":"https:\/\/www.infomedia42.com\/orion\/#\/schema\/logo\/image\/","url":"https:\/\/www.infomedia42.com\/orion\/wp-content\/uploads\/2024\/01\/cropped-Logodyn3secondes.gif","contentUrl":"https:\/\/www.infomedia42.com\/orion\/wp-content\/uploads\/2024\/01\/cropped-Logodyn3secondes.gif","width":290,"height":290,"caption":"InfoMedia-L&#039;informatique pour tous"},"image":{"@id":"https:\/\/www.infomedia42.com\/orion\/#\/schema\/logo\/image\/"}}]}},"_links":{"self":[{"href":"https:\/\/www.infomedia42.com\/orion\/wp-json\/wp\/v2\/pages\/221","targetHints":{"allow":["GET"]}}],"collection":[{"href":"https:\/\/www.infomedia42.com\/orion\/wp-json\/wp\/v2\/pages"}],"about":[{"href":"https:\/\/www.infomedia42.com\/orion\/wp-json\/wp\/v2\/types\/page"}],"author":[{"embeddable":true,"href":"https:\/\/www.infomedia42.com\/orion\/wp-json\/wp\/v2\/users\/1"}],"replies":[{"embeddable":true,"href":"https:\/\/www.infomedia42.com\/orion\/wp-json\/wp\/v2\/comments?post=221"}],"version-history":[{"count":25,"href":"https:\/\/www.infomedia42.com\/orion\/wp-json\/wp\/v2\/pages\/221\/revisions"}],"predecessor-version":[{"id":4798,"href":"https:\/\/www.infomedia42.com\/orion\/wp-json\/wp\/v2\/pages\/221\/revisions\/4798"}],"up":[{"embeddable":true,"href":"https:\/\/www.infomedia42.com\/orion\/wp-json\/wp\/v2\/pages\/303"}],"wp:attachment":[{"href":"https:\/\/www.infomedia42.com\/orion\/wp-json\/wp\/v2\/media?parent=221"}],"curies":[{"name":"wp","href":"https:\/\/api.w.org\/{rel}","templated":true}]}}