{"id":2258,"date":"2023-05-12T16:38:01","date_gmt":"2023-05-12T14:38:01","guid":{"rendered":"https:\/\/www.infomedia42.com\/orion\/?page_id=2258"},"modified":"2023-05-13T08:57:26","modified_gmt":"2023-05-13T06:57:26","slug":"introduction-a-la-dictee-vocale","status":"publish","type":"page","link":"https:\/\/www.infomedia42.com\/orion\/tutos\/introduction-a-la-dictee-vocale\/","title":{"rendered":"Introduction \u00e0 la dict\u00e9e vocale"},"content":{"rendered":"\n<p><\/p>\n\n\n\n<h2 class=\"wp-block-heading\">Sur une id\u00e9e et avec la contribution de Gilbert BLASSENAC<\/h2>\n\n\n\n<p><\/p>\n\n\n\n<h2 class=\"wp-block-heading\">Saviez vous que vous pouvez dicter \u00e0 l&rsquo;ensemble de vos logiciels qui traitent du texte ?<\/h2>\n\n\n\n<p><\/p>\n\n\n\n<p>Dans cet article, une bonne nouvelle pour vous : la dict\u00e9e vocale est disponible gratuitement, sans installer un quelconque logiciel sp\u00e9cifique, et quelles que soient vos pr\u00e9f\u00e9rences !<br>Et voici donc des solutions pour essayer tout de suite, \u00e0 la seule condition que votre PC soit \u00e9quip\u00e9 d&rsquo;un microphone (et que vous ayez autoris\u00e9 son utilisation)  et que vous ayez une connexion Internet assez rapide pour votre vitesse de dict\u00e9e !<\/p>\n\n\n\n<hr class=\"wp-block-separator has-alpha-channel-opacity\"\/>\n\n\n\n<h2 class=\"wp-block-heading\">Solutions avec des logiciels \u00ab\u00a0locaux\u00a0\u00bb sans avoir \u00e0 s&rsquo;identifier : <\/h2>\n\n\n\n<p><\/p>\n\n\n\n<h3 class=\"wp-block-heading\">Premier exemple : le bloc Notes<\/h3>\n\n\n\n<p>Nous l&rsquo;avons choisi pour vous montrer que m\u00eame le moins sophistiqu\u00e9 des \u00e9diteurs de texte a toutes ses chances !<\/p>\n\n\n\n<p>Et c&rsquo;est dans la copie d&rsquo;\u00e9cran ci-dessous que nous vous donnons les informations les plus int\u00e9ressantes de cette page :<\/p>\n\n\n\n<figure class=\"wp-block-image size-large\"><img loading=\"lazy\" decoding=\"async\" width=\"1024\" height=\"614\" src=\"https:\/\/www.infomedia42.com\/orion\/wp-content\/uploads\/2023\/05\/Exemple-saisie-vocale-depuis-Bloc-Notes-1024x614.png\" alt=\"\" class=\"wp-image-2263\" srcset=\"https:\/\/www.infomedia42.com\/orion\/wp-content\/uploads\/2023\/05\/Exemple-saisie-vocale-depuis-Bloc-Notes-1024x614.png 1024w, https:\/\/www.infomedia42.com\/orion\/wp-content\/uploads\/2023\/05\/Exemple-saisie-vocale-depuis-Bloc-Notes-300x180.png 300w, https:\/\/www.infomedia42.com\/orion\/wp-content\/uploads\/2023\/05\/Exemple-saisie-vocale-depuis-Bloc-Notes-768x461.png 768w, https:\/\/www.infomedia42.com\/orion\/wp-content\/uploads\/2023\/05\/Exemple-saisie-vocale-depuis-Bloc-Notes.png 1395w\" sizes=\"auto, (max-width: 1024px) 100vw, 1024px\" \/><\/figure>\n\n\n\n<p><\/p>\n\n\n\n<p><\/p>\n\n\n\n<h3 class=\"wp-block-heading\">Deuxi\u00e8me exemple : Libre Office Writer<\/h3>\n\n\n\n<p>Puisque \u00e7a marche pour le plus simple des \u00e9diteurs de texte, \u00e7a marche aussi pour Libre Office Writer.<br>Comme c&rsquo;est un de vos logiciels favoris, nous vous le montrons ci-dessous.<\/p>\n\n\n\n<p>Dommage que sur Internet, on nous donne l&rsquo;impression que c&rsquo;est difficile !<\/p>\n\n\n\n<figure class=\"wp-block-image size-large\"><img loading=\"lazy\" decoding=\"async\" width=\"1024\" height=\"576\" src=\"https:\/\/www.infomedia42.com\/orion\/wp-content\/uploads\/2023\/05\/Exemple-de-dictee-vocale-depuis-Writer-1024x576.png\" alt=\"\" class=\"wp-image-2261\" srcset=\"https:\/\/www.infomedia42.com\/orion\/wp-content\/uploads\/2023\/05\/Exemple-de-dictee-vocale-depuis-Writer-1024x576.png 1024w, https:\/\/www.infomedia42.com\/orion\/wp-content\/uploads\/2023\/05\/Exemple-de-dictee-vocale-depuis-Writer-300x169.png 300w, https:\/\/www.infomedia42.com\/orion\/wp-content\/uploads\/2023\/05\/Exemple-de-dictee-vocale-depuis-Writer-768x432.png 768w, https:\/\/www.infomedia42.com\/orion\/wp-content\/uploads\/2023\/05\/Exemple-de-dictee-vocale-depuis-Writer-1536x864.png 1536w, https:\/\/www.infomedia42.com\/orion\/wp-content\/uploads\/2023\/05\/Exemple-de-dictee-vocale-depuis-Writer-1110x624.png 1110w, https:\/\/www.infomedia42.com\/orion\/wp-content\/uploads\/2023\/05\/Exemple-de-dictee-vocale-depuis-Writer-528x297.png 528w, https:\/\/www.infomedia42.com\/orion\/wp-content\/uploads\/2023\/05\/Exemple-de-dictee-vocale-depuis-Writer.png 1920w\" sizes=\"auto, (max-width: 1024px) 100vw, 1024px\" \/><\/figure>\n\n\n\n<hr class=\"wp-block-separator has-alpha-channel-opacity\"\/>\n\n\n\n<p><\/p>\n\n\n\n<h1 class=\"wp-block-heading\">Solution avec un logiciel \u00ab\u00a0local\u00a0\u00bb demandant une identification :<\/h1>\n\n\n\n<p>En se connectant \u00e0 un compte MicroSoft, Word s&rsquo;enrichit d&rsquo;une ic\u00f4ne \u00ab\u00a0Dicter\u00a0\u00bb bien pratique.<br>Probablement la meilleure solution pour les amateurs des solutions MicroSoft.<br>Et l&rsquo;aide (tr\u00e8s accessible) vous indique comment g\u00e9rer la ponctuation !<\/p>\n\n\n\n<figure class=\"wp-block-image size-large\"><img loading=\"lazy\" decoding=\"async\" width=\"1024\" height=\"576\" src=\"https:\/\/www.infomedia42.com\/orion\/wp-content\/uploads\/2023\/05\/Exemple-de-dictee-vocale-dans-Word-365-1024x576.png\" alt=\"\" class=\"wp-image-2260\" srcset=\"https:\/\/www.infomedia42.com\/orion\/wp-content\/uploads\/2023\/05\/Exemple-de-dictee-vocale-dans-Word-365-1024x576.png 1024w, https:\/\/www.infomedia42.com\/orion\/wp-content\/uploads\/2023\/05\/Exemple-de-dictee-vocale-dans-Word-365-300x169.png 300w, https:\/\/www.infomedia42.com\/orion\/wp-content\/uploads\/2023\/05\/Exemple-de-dictee-vocale-dans-Word-365-768x432.png 768w, https:\/\/www.infomedia42.com\/orion\/wp-content\/uploads\/2023\/05\/Exemple-de-dictee-vocale-dans-Word-365-1536x864.png 1536w, https:\/\/www.infomedia42.com\/orion\/wp-content\/uploads\/2023\/05\/Exemple-de-dictee-vocale-dans-Word-365-1110x624.png 1110w, https:\/\/www.infomedia42.com\/orion\/wp-content\/uploads\/2023\/05\/Exemple-de-dictee-vocale-dans-Word-365-528x297.png 528w, https:\/\/www.infomedia42.com\/orion\/wp-content\/uploads\/2023\/05\/Exemple-de-dictee-vocale-dans-Word-365.png 1920w\" sizes=\"auto, (max-width: 1024px) 100vw, 1024px\" \/><\/figure>\n\n\n\n<p><\/p>\n\n\n\n<hr class=\"wp-block-separator has-alpha-channel-opacity\"\/>\n\n\n\n<h2 class=\"wp-block-heading\">Les Solutions \u00ab\u00a0En Ligne\u00a0\u00bb<\/h2>\n\n\n\n<p>&#8211;<\/p>\n\n\n\n<p><\/p>\n\n\n\n<h3 class=\"wp-block-heading\">Depuis son navigateur Internet, en se connectant \u00e0 un compte MicroSoft :<\/h3>\n\n\n\n<p>Tous les logiciels connus de MicroSoft sont accessibles gratuitement sur Internet si on accepte de cr\u00e9er un compte MicroSoft.<\/p>\n\n\n\n<p>Vous avez d\u00e9j\u00e0 un compte microsoft si vous avez d\u00e9clar\u00e9 une adresse mail lors de l&rsquo;installation de Windows, vous pouvez en cr\u00e9er un sur www.live.fr  (en cr\u00e9ant une nouvelle adresse mail ou en utilisant une adresse existante)<\/p>\n\n\n\n<p>Nous avons test\u00e9 avec succ\u00e8s cette solution avec les navigateurs Edge, Chrome et Firefox<\/p>\n\n\n\n<p>Voici ce que cela donne sur Word en ligne :<\/p>\n\n\n\n<figure class=\"wp-block-image size-large\"><img loading=\"lazy\" decoding=\"async\" width=\"1024\" height=\"373\" src=\"https:\/\/www.infomedia42.com\/orion\/wp-content\/uploads\/2023\/05\/Exemple-Dictee-vocale-depuis-Word-en-Ligne-1024x373.png\" alt=\"\" class=\"wp-image-2262\" srcset=\"https:\/\/www.infomedia42.com\/orion\/wp-content\/uploads\/2023\/05\/Exemple-Dictee-vocale-depuis-Word-en-Ligne-1024x373.png 1024w, https:\/\/www.infomedia42.com\/orion\/wp-content\/uploads\/2023\/05\/Exemple-Dictee-vocale-depuis-Word-en-Ligne-300x109.png 300w, https:\/\/www.infomedia42.com\/orion\/wp-content\/uploads\/2023\/05\/Exemple-Dictee-vocale-depuis-Word-en-Ligne-768x280.png 768w, https:\/\/www.infomedia42.com\/orion\/wp-content\/uploads\/2023\/05\/Exemple-Dictee-vocale-depuis-Word-en-Ligne-1536x559.png 1536w, https:\/\/www.infomedia42.com\/orion\/wp-content\/uploads\/2023\/05\/Exemple-Dictee-vocale-depuis-Word-en-Ligne.png 1857w\" sizes=\"auto, (max-width: 1024px) 100vw, 1024px\" \/><\/figure>\n\n\n\n<p><\/p>\n\n\n\n<p>&#8211;<\/p>\n\n\n\n<p>&#8211;<\/p>\n\n\n\n<p><\/p>\n\n\n\n<p><\/p>\n\n\n\n<h3 class=\"wp-block-heading\">Depuis son navigateur Internet, en se connectant \u00e0 un compte Google :<\/h3>\n\n\n\n<p>Si vous avez un compte Google ou si vous acceptez d&rsquo;en cr\u00e9er un sur www.gmail.com (avec une adresse Gmail ou avec une adresse mail existante), Google offre des possibilit\u00e9s tr\u00e8s voisines avec Google Docs.<\/p>\n\n\n\n<p>Explications de Gilbert BLASSENAC :<\/p>\n\n\n<style>\n    .ppv_container.de_6a01ec121504c {\n        width: 100%;\n        height: 1200px;\n        display: flex;\n        flex-direction: column;\n        position: relative;\n    }\n\n    @media (max-width: 991px) {\n        .ppv_container.de_6a01ec121504c {\n            width: 100%;\n            height: 1200px;\n        }\n    }\n\n    @media (max-width: 767px) {\n        .ppv_container.de_6a01ec121504c {\n            width: 100%;\n            height: 1200px;\n        }\n    }\n\n    .de_6a01ec121504c.document-preview {\n        width: 100%;\n        flex: 1;\n        display: flex;\n        flex-direction: column;\n    }\n\n    .de_6a01ec121504ciframe {\n        width: 100%;\n        height: 100%;\n        flex: 1;\n        border: none;\n    }\n\n    .ppv-loading {\n        width: inherit;\n        position: absolute;\n        top: 50%;\n        left: 0;\n        font-family: sans-serif;\n        color: #666;\n        z-index: 1;\n        display: flex;\n        justify-content: center;\n    }\n<\/style>\n<div class=\"ppv_container de_6a01ec121504c\">\n\n        <div class=\"ppv-loading\">PDF Loading...<\/div>\n    <div class=\"document-preview\" style=\"height: inherit; width: inherit;\">\n        <iframe style=\"width: 100%; height: 100%;\" src=\"\/\/docs.google.com\/gview?embedded=true&#038;url=https:\/\/www.infomedia42.com\/orion\/wp-content\/uploads\/2023\/05\/Dictee-vocale-Google-Docs-bis.pdf\" frameborder=\"0\"><\/iframe>\n    <\/div>\n    <\/div>\n\n\n","protected":false},"excerpt":{"rendered":"<p>Sur une id\u00e9e et avec la contribution de Gilbert BLASSENAC Saviez vous que vous pouvez dicter \u00e0 l&rsquo;ensemble de vos logiciels qui traitent du texte ? Dans cet article, une bonne nouvelle pour vous : la dict\u00e9e vocale est disponible gratuitement, sans installer un quelconque logiciel sp\u00e9cifique, et quelles que soient vos pr\u00e9f\u00e9rences !Et voici [&hellip;]<\/p>\n","protected":false},"author":1,"featured_media":2269,"parent":1996,"menu_order":0,"comment_status":"closed","ping_status":"closed","template":"","meta":{"footnotes":"","_links_to":"","_links_to_target":""},"class_list":["post-2258","page","type-page","status-publish","has-post-thumbnail","czr-hentry"],"yoast_head":"<!-- This site is optimized with the Yoast SEO plugin v27.5 - https:\/\/yoast.com\/product\/yoast-seo-wordpress\/ -->\n<title>Introduction \u00e0 la dict\u00e9e vocale - InfoMedia-L&#039;informatique pour tous<\/title>\n<meta name=\"robots\" content=\"index, follow, max-snippet:-1, max-image-preview:large, max-video-preview:-1\" \/>\n<link rel=\"canonical\" href=\"https:\/\/www.infomedia42.com\/orion\/tutos\/introduction-a-la-dictee-vocale\/\" \/>\n<meta property=\"og:locale\" content=\"fr_FR\" \/>\n<meta property=\"og:type\" content=\"article\" \/>\n<meta property=\"og:title\" content=\"Introduction \u00e0 la dict\u00e9e vocale - InfoMedia-L&#039;informatique pour tous\" \/>\n<meta property=\"og:description\" content=\"Sur une id\u00e9e et avec la contribution de Gilbert BLASSENAC Saviez vous que vous pouvez dicter \u00e0 l&rsquo;ensemble de vos logiciels qui traitent du texte ? Dans cet article, une bonne nouvelle pour vous : la dict\u00e9e vocale est disponible gratuitement, sans installer un quelconque logiciel sp\u00e9cifique, et quelles que soient vos pr\u00e9f\u00e9rences !Et voici [&hellip;]\" \/>\n<meta property=\"og:url\" content=\"https:\/\/www.infomedia42.com\/orion\/tutos\/introduction-a-la-dictee-vocale\/\" \/>\n<meta property=\"og:site_name\" content=\"InfoMedia-L&#039;informatique pour tous\" \/>\n<meta property=\"article:modified_time\" content=\"2023-05-13T06:57:26+00:00\" \/>\n<meta property=\"og:image\" content=\"https:\/\/www.infomedia42.com\/orion\/wp-content\/uploads\/2023\/05\/secretaire.jpg\" \/>\n\t<meta property=\"og:image:width\" content=\"612\" \/>\n\t<meta property=\"og:image:height\" content=\"484\" \/>\n\t<meta property=\"og:image:type\" content=\"image\/jpeg\" \/>\n<meta name=\"twitter:card\" content=\"summary_large_image\" \/>\n<meta name=\"twitter:label1\" content=\"Dur\u00e9e de lecture estim\u00e9e\" \/>\n\t<meta name=\"twitter:data1\" content=\"3 minutes\" \/>\n<script type=\"application\/ld+json\" class=\"yoast-schema-graph\">{\"@context\":\"https:\\\/\\\/schema.org\",\"@graph\":[{\"@type\":\"WebPage\",\"@id\":\"https:\\\/\\\/www.infomedia42.com\\\/orion\\\/tutos\\\/introduction-a-la-dictee-vocale\\\/\",\"url\":\"https:\\\/\\\/www.infomedia42.com\\\/orion\\\/tutos\\\/introduction-a-la-dictee-vocale\\\/\",\"name\":\"Introduction \u00e0 la dict\u00e9e vocale - InfoMedia-L&#039;informatique pour tous\",\"isPartOf\":{\"@id\":\"https:\\\/\\\/www.infomedia42.com\\\/orion\\\/#website\"},\"primaryImageOfPage\":{\"@id\":\"https:\\\/\\\/www.infomedia42.com\\\/orion\\\/tutos\\\/introduction-a-la-dictee-vocale\\\/#primaryimage\"},\"image\":{\"@id\":\"https:\\\/\\\/www.infomedia42.com\\\/orion\\\/tutos\\\/introduction-a-la-dictee-vocale\\\/#primaryimage\"},\"thumbnailUrl\":\"https:\\\/\\\/www.infomedia42.com\\\/orion\\\/wp-content\\\/uploads\\\/2023\\\/05\\\/secretaire.jpg\",\"datePublished\":\"2023-05-12T14:38:01+00:00\",\"dateModified\":\"2023-05-13T06:57:26+00:00\",\"breadcrumb\":{\"@id\":\"https:\\\/\\\/www.infomedia42.com\\\/orion\\\/tutos\\\/introduction-a-la-dictee-vocale\\\/#breadcrumb\"},\"inLanguage\":\"fr-FR\",\"potentialAction\":[{\"@type\":\"ReadAction\",\"target\":[\"https:\\\/\\\/www.infomedia42.com\\\/orion\\\/tutos\\\/introduction-a-la-dictee-vocale\\\/\"]}]},{\"@type\":\"ImageObject\",\"inLanguage\":\"fr-FR\",\"@id\":\"https:\\\/\\\/www.infomedia42.com\\\/orion\\\/tutos\\\/introduction-a-la-dictee-vocale\\\/#primaryimage\",\"url\":\"https:\\\/\\\/www.infomedia42.com\\\/orion\\\/wp-content\\\/uploads\\\/2023\\\/05\\\/secretaire.jpg\",\"contentUrl\":\"https:\\\/\\\/www.infomedia42.com\\\/orion\\\/wp-content\\\/uploads\\\/2023\\\/05\\\/secretaire.jpg\",\"width\":612,\"height\":484,\"caption\":\"\\\"A young female office worker sitting at her computer gesturing thumbs up, isolated on white. EPS 8, fully editable and labeled in layers.\\\"\"},{\"@type\":\"BreadcrumbList\",\"@id\":\"https:\\\/\\\/www.infomedia42.com\\\/orion\\\/tutos\\\/introduction-a-la-dictee-vocale\\\/#breadcrumb\",\"itemListElement\":[{\"@type\":\"ListItem\",\"position\":1,\"name\":\"Accueil\",\"item\":\"https:\\\/\\\/www.infomedia42.com\\\/orion\\\/\"},{\"@type\":\"ListItem\",\"position\":2,\"name\":\"Tutos des autres\",\"item\":\"https:\\\/\\\/www.infomedia42.com\\\/orion\\\/tutos\\\/\"},{\"@type\":\"ListItem\",\"position\":3,\"name\":\"Introduction \u00e0 la dict\u00e9e vocale\"}]},{\"@type\":\"WebSite\",\"@id\":\"https:\\\/\\\/www.infomedia42.com\\\/orion\\\/#website\",\"url\":\"https:\\\/\\\/www.infomedia42.com\\\/orion\\\/\",\"name\":\"InfoMedia-L&#039;informatique pour tous\",\"description\":\"Site de l&#039;association InfoMedia\",\"publisher\":{\"@id\":\"https:\\\/\\\/www.infomedia42.com\\\/orion\\\/#organization\"},\"potentialAction\":[{\"@type\":\"SearchAction\",\"target\":{\"@type\":\"EntryPoint\",\"urlTemplate\":\"https:\\\/\\\/www.infomedia42.com\\\/orion\\\/?s={search_term_string}\"},\"query-input\":{\"@type\":\"PropertyValueSpecification\",\"valueRequired\":true,\"valueName\":\"search_term_string\"}}],\"inLanguage\":\"fr-FR\"},{\"@type\":\"Organization\",\"@id\":\"https:\\\/\\\/www.infomedia42.com\\\/orion\\\/#organization\",\"name\":\"InfoMedia-L&#039;informatique pour tous\",\"url\":\"https:\\\/\\\/www.infomedia42.com\\\/orion\\\/\",\"logo\":{\"@type\":\"ImageObject\",\"inLanguage\":\"fr-FR\",\"@id\":\"https:\\\/\\\/www.infomedia42.com\\\/orion\\\/#\\\/schema\\\/logo\\\/image\\\/\",\"url\":\"https:\\\/\\\/www.infomedia42.com\\\/orion\\\/wp-content\\\/uploads\\\/2024\\\/01\\\/cropped-Logodyn3secondes.gif\",\"contentUrl\":\"https:\\\/\\\/www.infomedia42.com\\\/orion\\\/wp-content\\\/uploads\\\/2024\\\/01\\\/cropped-Logodyn3secondes.gif\",\"width\":290,\"height\":290,\"caption\":\"InfoMedia-L&#039;informatique pour tous\"},\"image\":{\"@id\":\"https:\\\/\\\/www.infomedia42.com\\\/orion\\\/#\\\/schema\\\/logo\\\/image\\\/\"}}]}<\/script>\n<!-- \/ Yoast SEO plugin. -->","yoast_head_json":{"title":"Introduction \u00e0 la dict\u00e9e vocale - InfoMedia-L&#039;informatique pour tous","robots":{"index":"index","follow":"follow","max-snippet":"max-snippet:-1","max-image-preview":"max-image-preview:large","max-video-preview":"max-video-preview:-1"},"canonical":"https:\/\/www.infomedia42.com\/orion\/tutos\/introduction-a-la-dictee-vocale\/","og_locale":"fr_FR","og_type":"article","og_title":"Introduction \u00e0 la dict\u00e9e vocale - InfoMedia-L&#039;informatique pour tous","og_description":"Sur une id\u00e9e et avec la contribution de Gilbert BLASSENAC Saviez vous que vous pouvez dicter \u00e0 l&rsquo;ensemble de vos logiciels qui traitent du texte ? Dans cet article, une bonne nouvelle pour vous : la dict\u00e9e vocale est disponible gratuitement, sans installer un quelconque logiciel sp\u00e9cifique, et quelles que soient vos pr\u00e9f\u00e9rences !Et voici [&hellip;]","og_url":"https:\/\/www.infomedia42.com\/orion\/tutos\/introduction-a-la-dictee-vocale\/","og_site_name":"InfoMedia-L&#039;informatique pour tous","article_modified_time":"2023-05-13T06:57:26+00:00","og_image":[{"width":612,"height":484,"url":"https:\/\/www.infomedia42.com\/orion\/wp-content\/uploads\/2023\/05\/secretaire.jpg","type":"image\/jpeg"}],"twitter_card":"summary_large_image","twitter_misc":{"Dur\u00e9e de lecture estim\u00e9e":"3 minutes"},"schema":{"@context":"https:\/\/schema.org","@graph":[{"@type":"WebPage","@id":"https:\/\/www.infomedia42.com\/orion\/tutos\/introduction-a-la-dictee-vocale\/","url":"https:\/\/www.infomedia42.com\/orion\/tutos\/introduction-a-la-dictee-vocale\/","name":"Introduction \u00e0 la dict\u00e9e vocale - InfoMedia-L&#039;informatique pour tous","isPartOf":{"@id":"https:\/\/www.infomedia42.com\/orion\/#website"},"primaryImageOfPage":{"@id":"https:\/\/www.infomedia42.com\/orion\/tutos\/introduction-a-la-dictee-vocale\/#primaryimage"},"image":{"@id":"https:\/\/www.infomedia42.com\/orion\/tutos\/introduction-a-la-dictee-vocale\/#primaryimage"},"thumbnailUrl":"https:\/\/www.infomedia42.com\/orion\/wp-content\/uploads\/2023\/05\/secretaire.jpg","datePublished":"2023-05-12T14:38:01+00:00","dateModified":"2023-05-13T06:57:26+00:00","breadcrumb":{"@id":"https:\/\/www.infomedia42.com\/orion\/tutos\/introduction-a-la-dictee-vocale\/#breadcrumb"},"inLanguage":"fr-FR","potentialAction":[{"@type":"ReadAction","target":["https:\/\/www.infomedia42.com\/orion\/tutos\/introduction-a-la-dictee-vocale\/"]}]},{"@type":"ImageObject","inLanguage":"fr-FR","@id":"https:\/\/www.infomedia42.com\/orion\/tutos\/introduction-a-la-dictee-vocale\/#primaryimage","url":"https:\/\/www.infomedia42.com\/orion\/wp-content\/uploads\/2023\/05\/secretaire.jpg","contentUrl":"https:\/\/www.infomedia42.com\/orion\/wp-content\/uploads\/2023\/05\/secretaire.jpg","width":612,"height":484,"caption":"\"A young female office worker sitting at her computer gesturing thumbs up, isolated on white. EPS 8, fully editable and labeled in layers.\""},{"@type":"BreadcrumbList","@id":"https:\/\/www.infomedia42.com\/orion\/tutos\/introduction-a-la-dictee-vocale\/#breadcrumb","itemListElement":[{"@type":"ListItem","position":1,"name":"Accueil","item":"https:\/\/www.infomedia42.com\/orion\/"},{"@type":"ListItem","position":2,"name":"Tutos des autres","item":"https:\/\/www.infomedia42.com\/orion\/tutos\/"},{"@type":"ListItem","position":3,"name":"Introduction \u00e0 la dict\u00e9e vocale"}]},{"@type":"WebSite","@id":"https:\/\/www.infomedia42.com\/orion\/#website","url":"https:\/\/www.infomedia42.com\/orion\/","name":"InfoMedia-L&#039;informatique pour tous","description":"Site de l&#039;association InfoMedia","publisher":{"@id":"https:\/\/www.infomedia42.com\/orion\/#organization"},"potentialAction":[{"@type":"SearchAction","target":{"@type":"EntryPoint","urlTemplate":"https:\/\/www.infomedia42.com\/orion\/?s={search_term_string}"},"query-input":{"@type":"PropertyValueSpecification","valueRequired":true,"valueName":"search_term_string"}}],"inLanguage":"fr-FR"},{"@type":"Organization","@id":"https:\/\/www.infomedia42.com\/orion\/#organization","name":"InfoMedia-L&#039;informatique pour tous","url":"https:\/\/www.infomedia42.com\/orion\/","logo":{"@type":"ImageObject","inLanguage":"fr-FR","@id":"https:\/\/www.infomedia42.com\/orion\/#\/schema\/logo\/image\/","url":"https:\/\/www.infomedia42.com\/orion\/wp-content\/uploads\/2024\/01\/cropped-Logodyn3secondes.gif","contentUrl":"https:\/\/www.infomedia42.com\/orion\/wp-content\/uploads\/2024\/01\/cropped-Logodyn3secondes.gif","width":290,"height":290,"caption":"InfoMedia-L&#039;informatique pour tous"},"image":{"@id":"https:\/\/www.infomedia42.com\/orion\/#\/schema\/logo\/image\/"}}]}},"_links":{"self":[{"href":"https:\/\/www.infomedia42.com\/orion\/wp-json\/wp\/v2\/pages\/2258","targetHints":{"allow":["GET"]}}],"collection":[{"href":"https:\/\/www.infomedia42.com\/orion\/wp-json\/wp\/v2\/pages"}],"about":[{"href":"https:\/\/www.infomedia42.com\/orion\/wp-json\/wp\/v2\/types\/page"}],"author":[{"embeddable":true,"href":"https:\/\/www.infomedia42.com\/orion\/wp-json\/wp\/v2\/users\/1"}],"replies":[{"embeddable":true,"href":"https:\/\/www.infomedia42.com\/orion\/wp-json\/wp\/v2\/comments?post=2258"}],"version-history":[{"count":13,"href":"https:\/\/www.infomedia42.com\/orion\/wp-json\/wp\/v2\/pages\/2258\/revisions"}],"predecessor-version":[{"id":2293,"href":"https:\/\/www.infomedia42.com\/orion\/wp-json\/wp\/v2\/pages\/2258\/revisions\/2293"}],"up":[{"embeddable":true,"href":"https:\/\/www.infomedia42.com\/orion\/wp-json\/wp\/v2\/pages\/1996"}],"wp:featuredmedia":[{"embeddable":true,"href":"https:\/\/www.infomedia42.com\/orion\/wp-json\/wp\/v2\/media\/2269"}],"wp:attachment":[{"href":"https:\/\/www.infomedia42.com\/orion\/wp-json\/wp\/v2\/media?parent=2258"}],"curies":[{"name":"wp","href":"https:\/\/api.w.org\/{rel}","templated":true}]}}