{"id":285,"date":"2022-02-13T16:35:27","date_gmt":"2022-02-13T15:35:27","guid":{"rendered":"http:\/\/www.infomedia42.com\/orion\/?page_id=285"},"modified":"2025-12-04T11:10:04","modified_gmt":"2025-12-04T10:10:04","slug":"notre-conseil-d-administration","status":"publish","type":"page","link":"https:\/\/www.infomedia42.com\/orion\/qui-sommes-nous\/notre-conseil-d-administration\/","title":{"rendered":"Notre Conseil d&rsquo;administration"},"content":{"rendered":"\n<p>Voici la liste du conseil d&rsquo;administration apr\u00e8s son renouvellement par l&rsquo;assembl\u00e9e G\u00e9n\u00e9rale du 26 novembre 2025 et le conseil d&rsquo;administration du 3 d\u00e9cembre 2025.<br><\/p>\n\n\n\n<p>&lsquo;<\/p>\n\n\n\n<p><\/p>\n\n\n<span id=\"tablepress-6-description\" class=\"tablepress-table-description tablepress-table-description-id-6\">Ce conseil est renouvelable par moiti\u00e9 \u00e0 chaque assembl\u00e9e g\u00e9n\u00e9rale de fin d'exercice, et il \u00e9lit le bureau juste apr\u00e8s l'assembl\u00e9e g\u00e9n\u00e9rale.<br \/>\nIl se r\u00e9unit plusieurs fois par an pour d\u00e9finir les orientations et pr\u00e9parer l'Assembl\u00e9e G\u00e9n\u00e9rale, <\/span>\n\n<table id=\"tablepress-6\" class=\"tablepress tablepress-id-6\" aria-describedby=\"tablepress-6-description\">\n<thead>\n<tr class=\"row-1\">\n\t<th class=\"column-1\">Photo<\/th><th class=\"column-2\">Nom et pr\u00e9nom<\/th><th class=\"column-3\">Fonction au C.A<\/th><th class=\"column-4\">Autres activit\u00e9s<\/th>\n<\/tr>\n<\/thead>\n<tbody class=\"row-striping row-hover\">\n<tr class=\"row-2\">\n\t<td class=\"column-1\"><\/td><td class=\"column-2\">Joseph de FRANCISCI<\/td><td class=\"column-3\">Pr\u00e9sident<br \/>\n<br \/>\n<a href=\"mailto:president@infomedia42.com\">president@infomedia42.com<\/a><\/td><td class=\"column-4\">Atelier GENERALISTE-PHOTO-BUREAUTIQUE<br \/>\n et animateur du Club<\/td>\n<\/tr>\n<tr class=\"row-3\">\n\t<td class=\"column-1\"><\/td><td class=\"column-2\">Jean-Claude DRILLON<\/td><td class=\"column-3\">Vice pr\u00e9sident<\/td><td class=\"column-4\">Animateur ateliers : Photoshop Elements, Num\u00e9risation, MAC<\/td>\n<\/tr>\n<tr class=\"row-4\">\n\t<td class=\"column-1\"><\/td><td class=\"column-2\">Martine CADET<\/td><td class=\"column-3\">Tr\u00e9sori\u00e8re<\/td><td class=\"column-4\"><\/td>\n<\/tr>\n<tr class=\"row-5\">\n\t<td class=\"column-1\"><\/td><td class=\"column-2\">Gilbert BLASSENAC<\/td><td class=\"column-3\">Tr\u00e9sorier adjoint<\/td><td class=\"column-4\">Animateur ateliers GIMP et 3D<\/td>\n<\/tr>\n<tr class=\"row-6\">\n\t<td class=\"column-1\"><\/td><td class=\"column-2\">Jacques CHOQUELLE<\/td><td class=\"column-3\">Pr\u00e9sident d'honneur<br \/>\net<br \/>\nmembre du C.A.<\/td><td class=\"column-4\">Animateur atelier Montage Vid\u00e9o avec ClipChamp\"<\/td>\n<\/tr>\n<tr class=\"row-7\">\n\t<td class=\"column-1\"><img loading=\"lazy\" decoding=\"async\" src=\"https:\/\/www.infomedia42.com\/orion\/wp-content\/uploads\/2022\/12\/20190324-Photo-Herve-NICOLAS-62x80-1.jpg\" alt=\"\" width=\"62\" height=\"80\" class=\"alignnone size-full wp-image-1815\" \/><\/td><td class=\"column-2\">Herv\u00e9 NICOLAS<\/td><td class=\"column-3\">Secr\u00e9taire<br \/>\n<br \/>\n<a href=\"mailto:secretaire@infomedia42.com\">secretaire@infomedia42.com<\/a><\/td><td class=\"column-4\">Webmaster, facebook, Postmaster, maintenance et am\u00e9lioration de l'exp\u00e9rience utilisateur<\/td>\n<\/tr>\n<tr class=\"row-8\">\n\t<td class=\"column-1\"><\/td><td class=\"column-2\">Christian PHILIBERT<\/td><td class=\"column-3\">Secr\u00e9taire adjoint<\/td><td class=\"column-4\">Co-animateur atelier \"G\u00e9n\u00e9alogie avec Internet\"<\/td>\n<\/tr>\n<tr class=\"row-9\">\n\t<td class=\"column-1\"><\/td><td class=\"column-2\">Alain MEYNARD<\/td><td class=\"column-3\">membre du C.A<\/td><td class=\"column-4\">Animateur Atelier \"Les GEEKS\"<\/td>\n<\/tr>\n<tr class=\"row-10\">\n\t<td class=\"column-1\"><\/td><td class=\"column-2\">Johan REGARD<\/td><td class=\"column-3\">membre du C.A<\/td><td class=\"column-4\">Maintenance, <br \/>\nanimation r\u00e9par'CAFE<\/td>\n<\/tr>\n<\/tbody>\n<\/table>\n<!-- #tablepress-6 from cache -->\n\n\n\n<table id=\"tablepress-12\" class=\"tablepress tablepress-id-12\">\n<thead>\n<tr class=\"row-1\">\n\t<th class=\"column-1\">Qui sommes nous ?<\/th><th class=\"column-2\"><a href=\"https:\/\/www.infomedia42.com\/orion\/qui-sommes-nous\/presentation\">Pr\u00e9sentation de l'association<\/a><br \/>\n<a href=\"https:\/\/www.infomedia42.com\/orion\/qui-sommes-nous\/offre-demploi\/\">Offre d'emploi<\/a><br \/>\n<a href=\"https:\/\/www.infomedia42.com\/orion\/qui-sommes-nous\/notre-conseil-d-administration\/\">Le conseil d'administration<\/a><br \/>\n<a href=\"https:\/\/www.infomedia42.com\/orion\/qui-sommes-nous\/satuts-et-reglement-interieur\/\">Statuts et r\u00e8glement int\u00e9rieur<\/a><br \/>\n<a href=\"https:\/\/www.infomedia42.com\/orion\/qui-sommes-nous\/contact\/\">Nous contacter<\/a><br \/>\n<br \/>\n<\/th>\n<\/tr>\n<\/thead>\n<tbody class=\"row-striping row-hover\">\n<\/tbody>\n<\/table>\n<!-- #tablepress-12 from cache -->\n\n\n\n<p><\/p>\n\n\n\n<p>Sur demande \u00e0&nbsp;<a href=\"mailto:secretaire@infomedia42.com\" target=\"_blank\" rel=\"noreferrer noopener\">secretaire@infomedia42.com<\/a>&nbsp;, nous pouvons vous transmettre les compte rendus d\u2019Assembl\u00e9e G\u00e9n\u00e9rale<\/p>\n\n\n\n<p><\/p>\n\n\n\n<p><\/p>\n\n\n\n<p class=\"has-white-color has-text-color has-link-color wp-elements-28ff4bd27c13c5b86325fec54bb3b3c2\">Infomedia42.com &#8211; l&rsquo;informatique pour tous \u00e0 Andr\u00e9zieux-Bouth\u00e9on, Saint Just-Saint Rambert, Saint Marcellin en Forez<br>InfoMedia, votre association, votre club, pour l&rsquo;initiation \u00e0 l&rsquo;informatique et au multimedia :<br>Bureautique, Internet, facebook, Conception et impression 3D, num\u00e9risation, montage vid\u00e9o, retouche photo, club photo, MAC, Raspberry, r\u00e9par caf\u00e9<\/p>\n","protected":false},"excerpt":{"rendered":"<p>Voici la liste du conseil d&rsquo;administration apr\u00e8s son renouvellement par l&rsquo;assembl\u00e9e G\u00e9n\u00e9rale du 26 novembre 2025 et le conseil d&rsquo;administration du 3 d\u00e9cembre 2025. &lsquo; Sur demande \u00e0&nbsp;secretaire@infomedia42.com&nbsp;, nous pouvons vous transmettre les compte rendus d\u2019Assembl\u00e9e G\u00e9n\u00e9rale Infomedia42.com &#8211; l&rsquo;informatique pour tous \u00e0 Andr\u00e9zieux-Bouth\u00e9on, Saint Just-Saint Rambert, Saint Marcellin en ForezInfoMedia, votre association, votre club, [&hellip;]<\/p>\n","protected":false},"author":1,"featured_media":0,"parent":122,"menu_order":0,"comment_status":"closed","ping_status":"closed","template":"","meta":{"footnotes":"","_links_to":"","_links_to_target":""},"class_list":["post-285","page","type-page","status-publish","czr-hentry"],"yoast_head":"<!-- This site is optimized with the Yoast SEO plugin v27.5 - https:\/\/yoast.com\/product\/yoast-seo-wordpress\/ -->\n<title>Notre Conseil d&#039;administration - InfoMedia-L&#039;informatique pour tous<\/title>\n<meta name=\"robots\" content=\"index, follow, max-snippet:-1, max-image-preview:large, max-video-preview:-1\" \/>\n<link rel=\"canonical\" href=\"https:\/\/www.infomedia42.com\/orion\/qui-sommes-nous\/notre-conseil-d-administration\/\" \/>\n<meta property=\"og:locale\" content=\"fr_FR\" \/>\n<meta property=\"og:type\" content=\"article\" \/>\n<meta property=\"og:title\" content=\"Notre Conseil d&#039;administration - InfoMedia-L&#039;informatique pour tous\" \/>\n<meta property=\"og:description\" content=\"Voici la liste du conseil d&rsquo;administration apr\u00e8s son renouvellement par l&rsquo;assembl\u00e9e G\u00e9n\u00e9rale du 26 novembre 2025 et le conseil d&rsquo;administration du 3 d\u00e9cembre 2025. &lsquo; Sur demande \u00e0&nbsp;secretaire@infomedia42.com&nbsp;, nous pouvons vous transmettre les compte rendus d\u2019Assembl\u00e9e G\u00e9n\u00e9rale Infomedia42.com &#8211; l&rsquo;informatique pour tous \u00e0 Andr\u00e9zieux-Bouth\u00e9on, Saint Just-Saint Rambert, Saint Marcellin en ForezInfoMedia, votre association, votre club, [&hellip;]\" \/>\n<meta property=\"og:url\" content=\"https:\/\/www.infomedia42.com\/orion\/qui-sommes-nous\/notre-conseil-d-administration\/\" \/>\n<meta property=\"og:site_name\" content=\"InfoMedia-L&#039;informatique pour tous\" \/>\n<meta property=\"article:modified_time\" content=\"2025-12-04T10:10:04+00:00\" \/>\n<meta name=\"twitter:card\" content=\"summary_large_image\" \/>\n<meta name=\"twitter:label1\" content=\"Dur\u00e9e de lecture estim\u00e9e\" \/>\n\t<meta name=\"twitter:data1\" content=\"1 minute\" \/>\n<script type=\"application\/ld+json\" class=\"yoast-schema-graph\">{\"@context\":\"https:\\\/\\\/schema.org\",\"@graph\":[{\"@type\":\"WebPage\",\"@id\":\"https:\\\/\\\/www.infomedia42.com\\\/orion\\\/qui-sommes-nous\\\/notre-conseil-d-administration\\\/\",\"url\":\"https:\\\/\\\/www.infomedia42.com\\\/orion\\\/qui-sommes-nous\\\/notre-conseil-d-administration\\\/\",\"name\":\"Notre Conseil d'administration - InfoMedia-L&#039;informatique pour tous\",\"isPartOf\":{\"@id\":\"https:\\\/\\\/www.infomedia42.com\\\/orion\\\/#website\"},\"datePublished\":\"2022-02-13T15:35:27+00:00\",\"dateModified\":\"2025-12-04T10:10:04+00:00\",\"breadcrumb\":{\"@id\":\"https:\\\/\\\/www.infomedia42.com\\\/orion\\\/qui-sommes-nous\\\/notre-conseil-d-administration\\\/#breadcrumb\"},\"inLanguage\":\"fr-FR\",\"potentialAction\":[{\"@type\":\"ReadAction\",\"target\":[\"https:\\\/\\\/www.infomedia42.com\\\/orion\\\/qui-sommes-nous\\\/notre-conseil-d-administration\\\/\"]}]},{\"@type\":\"BreadcrumbList\",\"@id\":\"https:\\\/\\\/www.infomedia42.com\\\/orion\\\/qui-sommes-nous\\\/notre-conseil-d-administration\\\/#breadcrumb\",\"itemListElement\":[{\"@type\":\"ListItem\",\"position\":1,\"name\":\"Accueil\",\"item\":\"https:\\\/\\\/www.infomedia42.com\\\/orion\\\/\"},{\"@type\":\"ListItem\",\"position\":2,\"name\":\"Qui sommes nous\",\"item\":\"https:\\\/\\\/www.infomedia42.com\\\/orion\\\/qui-sommes-nous\\\/\"},{\"@type\":\"ListItem\",\"position\":3,\"name\":\"Notre Conseil d&rsquo;administration\"}]},{\"@type\":\"WebSite\",\"@id\":\"https:\\\/\\\/www.infomedia42.com\\\/orion\\\/#website\",\"url\":\"https:\\\/\\\/www.infomedia42.com\\\/orion\\\/\",\"name\":\"InfoMedia-L&#039;informatique pour tous\",\"description\":\"Site de l&#039;association InfoMedia\",\"publisher\":{\"@id\":\"https:\\\/\\\/www.infomedia42.com\\\/orion\\\/#organization\"},\"potentialAction\":[{\"@type\":\"SearchAction\",\"target\":{\"@type\":\"EntryPoint\",\"urlTemplate\":\"https:\\\/\\\/www.infomedia42.com\\\/orion\\\/?s={search_term_string}\"},\"query-input\":{\"@type\":\"PropertyValueSpecification\",\"valueRequired\":true,\"valueName\":\"search_term_string\"}}],\"inLanguage\":\"fr-FR\"},{\"@type\":\"Organization\",\"@id\":\"https:\\\/\\\/www.infomedia42.com\\\/orion\\\/#organization\",\"name\":\"InfoMedia-L&#039;informatique pour tous\",\"url\":\"https:\\\/\\\/www.infomedia42.com\\\/orion\\\/\",\"logo\":{\"@type\":\"ImageObject\",\"inLanguage\":\"fr-FR\",\"@id\":\"https:\\\/\\\/www.infomedia42.com\\\/orion\\\/#\\\/schema\\\/logo\\\/image\\\/\",\"url\":\"https:\\\/\\\/www.infomedia42.com\\\/orion\\\/wp-content\\\/uploads\\\/2024\\\/01\\\/cropped-Logodyn3secondes.gif\",\"contentUrl\":\"https:\\\/\\\/www.infomedia42.com\\\/orion\\\/wp-content\\\/uploads\\\/2024\\\/01\\\/cropped-Logodyn3secondes.gif\",\"width\":290,\"height\":290,\"caption\":\"InfoMedia-L&#039;informatique pour tous\"},\"image\":{\"@id\":\"https:\\\/\\\/www.infomedia42.com\\\/orion\\\/#\\\/schema\\\/logo\\\/image\\\/\"}}]}<\/script>\n<!-- \/ Yoast SEO plugin. -->","yoast_head_json":{"title":"Notre Conseil d'administration - InfoMedia-L&#039;informatique pour tous","robots":{"index":"index","follow":"follow","max-snippet":"max-snippet:-1","max-image-preview":"max-image-preview:large","max-video-preview":"max-video-preview:-1"},"canonical":"https:\/\/www.infomedia42.com\/orion\/qui-sommes-nous\/notre-conseil-d-administration\/","og_locale":"fr_FR","og_type":"article","og_title":"Notre Conseil d'administration - InfoMedia-L&#039;informatique pour tous","og_description":"Voici la liste du conseil d&rsquo;administration apr\u00e8s son renouvellement par l&rsquo;assembl\u00e9e G\u00e9n\u00e9rale du 26 novembre 2025 et le conseil d&rsquo;administration du 3 d\u00e9cembre 2025. &lsquo; Sur demande \u00e0&nbsp;secretaire@infomedia42.com&nbsp;, nous pouvons vous transmettre les compte rendus d\u2019Assembl\u00e9e G\u00e9n\u00e9rale Infomedia42.com &#8211; l&rsquo;informatique pour tous \u00e0 Andr\u00e9zieux-Bouth\u00e9on, Saint Just-Saint Rambert, Saint Marcellin en ForezInfoMedia, votre association, votre club, [&hellip;]","og_url":"https:\/\/www.infomedia42.com\/orion\/qui-sommes-nous\/notre-conseil-d-administration\/","og_site_name":"InfoMedia-L&#039;informatique pour tous","article_modified_time":"2025-12-04T10:10:04+00:00","twitter_card":"summary_large_image","twitter_misc":{"Dur\u00e9e de lecture estim\u00e9e":"1 minute"},"schema":{"@context":"https:\/\/schema.org","@graph":[{"@type":"WebPage","@id":"https:\/\/www.infomedia42.com\/orion\/qui-sommes-nous\/notre-conseil-d-administration\/","url":"https:\/\/www.infomedia42.com\/orion\/qui-sommes-nous\/notre-conseil-d-administration\/","name":"Notre Conseil d'administration - InfoMedia-L&#039;informatique pour tous","isPartOf":{"@id":"https:\/\/www.infomedia42.com\/orion\/#website"},"datePublished":"2022-02-13T15:35:27+00:00","dateModified":"2025-12-04T10:10:04+00:00","breadcrumb":{"@id":"https:\/\/www.infomedia42.com\/orion\/qui-sommes-nous\/notre-conseil-d-administration\/#breadcrumb"},"inLanguage":"fr-FR","potentialAction":[{"@type":"ReadAction","target":["https:\/\/www.infomedia42.com\/orion\/qui-sommes-nous\/notre-conseil-d-administration\/"]}]},{"@type":"BreadcrumbList","@id":"https:\/\/www.infomedia42.com\/orion\/qui-sommes-nous\/notre-conseil-d-administration\/#breadcrumb","itemListElement":[{"@type":"ListItem","position":1,"name":"Accueil","item":"https:\/\/www.infomedia42.com\/orion\/"},{"@type":"ListItem","position":2,"name":"Qui sommes nous","item":"https:\/\/www.infomedia42.com\/orion\/qui-sommes-nous\/"},{"@type":"ListItem","position":3,"name":"Notre Conseil d&rsquo;administration"}]},{"@type":"WebSite","@id":"https:\/\/www.infomedia42.com\/orion\/#website","url":"https:\/\/www.infomedia42.com\/orion\/","name":"InfoMedia-L&#039;informatique pour tous","description":"Site de l&#039;association InfoMedia","publisher":{"@id":"https:\/\/www.infomedia42.com\/orion\/#organization"},"potentialAction":[{"@type":"SearchAction","target":{"@type":"EntryPoint","urlTemplate":"https:\/\/www.infomedia42.com\/orion\/?s={search_term_string}"},"query-input":{"@type":"PropertyValueSpecification","valueRequired":true,"valueName":"search_term_string"}}],"inLanguage":"fr-FR"},{"@type":"Organization","@id":"https:\/\/www.infomedia42.com\/orion\/#organization","name":"InfoMedia-L&#039;informatique pour tous","url":"https:\/\/www.infomedia42.com\/orion\/","logo":{"@type":"ImageObject","inLanguage":"fr-FR","@id":"https:\/\/www.infomedia42.com\/orion\/#\/schema\/logo\/image\/","url":"https:\/\/www.infomedia42.com\/orion\/wp-content\/uploads\/2024\/01\/cropped-Logodyn3secondes.gif","contentUrl":"https:\/\/www.infomedia42.com\/orion\/wp-content\/uploads\/2024\/01\/cropped-Logodyn3secondes.gif","width":290,"height":290,"caption":"InfoMedia-L&#039;informatique pour tous"},"image":{"@id":"https:\/\/www.infomedia42.com\/orion\/#\/schema\/logo\/image\/"}}]}},"_links":{"self":[{"href":"https:\/\/www.infomedia42.com\/orion\/wp-json\/wp\/v2\/pages\/285","targetHints":{"allow":["GET"]}}],"collection":[{"href":"https:\/\/www.infomedia42.com\/orion\/wp-json\/wp\/v2\/pages"}],"about":[{"href":"https:\/\/www.infomedia42.com\/orion\/wp-json\/wp\/v2\/types\/page"}],"author":[{"embeddable":true,"href":"https:\/\/www.infomedia42.com\/orion\/wp-json\/wp\/v2\/users\/1"}],"replies":[{"embeddable":true,"href":"https:\/\/www.infomedia42.com\/orion\/wp-json\/wp\/v2\/comments?post=285"}],"version-history":[{"count":12,"href":"https:\/\/www.infomedia42.com\/orion\/wp-json\/wp\/v2\/pages\/285\/revisions"}],"predecessor-version":[{"id":4321,"href":"https:\/\/www.infomedia42.com\/orion\/wp-json\/wp\/v2\/pages\/285\/revisions\/4321"}],"up":[{"embeddable":true,"href":"https:\/\/www.infomedia42.com\/orion\/wp-json\/wp\/v2\/pages\/122"}],"wp:attachment":[{"href":"https:\/\/www.infomedia42.com\/orion\/wp-json\/wp\/v2\/media?parent=285"}],"curies":[{"name":"wp","href":"https:\/\/api.w.org\/{rel}","templated":true}]}}