{"id":4073,"date":"2025-10-25T09:31:51","date_gmt":"2025-10-25T07:31:51","guid":{"rendered":"https:\/\/www.infomedia42.com\/orion\/?page_id=4073"},"modified":"2025-10-26T08:41:43","modified_gmt":"2025-10-26T07:41:43","slug":"windows-update-pour-les-debutants","status":"publish","type":"page","link":"https:\/\/www.infomedia42.com\/orion\/windows-update-pour-les-debutants\/","title":{"rendered":"Windows Update pour les d\u00e9butants"},"content":{"rendered":"\n<h3 class=\"wp-block-heading has-luminous-vivid-amber-background-color has-background\">Pr\u00e9liminaire<\/h3>\n\n\n\n<p>Les images utilis\u00e9es dans cette page sont des copies d&rsquo;\u00e9cran prises dans le processus Windows Update d&rsquo;un PC sous Windows 10.<br>Ce ne sont que des illustrations : ne cliquez pas sur les liens ou boutons montr\u00e9s, il ne se passera rien !<\/p>\n\n\n\n<h1 class=\"wp-block-heading has-luminous-vivid-amber-background-color has-background\">Entrer dans la page Windows Update <br>(illustrations captur\u00e9es apr\u00e8s le 14\/10\/2025 et avant inscription aux mises \u00e0 jour de s\u00e9curit\u00e9 \u00e9tendues)<\/h1>\n\n\n\n<p>Windows Update est \u00e0 la fois le nom du processus par lequel votre syst\u00e8me Windows est mis \u00e0 jour de fa\u00e7on quasiment automatis\u00e9e, mais c&rsquo;est aussi le titre de la page sur laquelle vous devez vous rendre pour optimiser la fa\u00e7on dont les mises \u00e0 jour seront t\u00e9l\u00e9charg\u00e9es et install\u00e9es.<\/p>\n\n\n\n<p>Ne vous laissez pas d\u00e9courager par l&rsquo;annonce de MicroSoft , vous avez toujours int\u00e9r\u00eat \u00e0 utiliser Windows Update<\/p>\n\n\n\n<figure class=\"wp-block-image size-full\"><img loading=\"lazy\" decoding=\"async\" width=\"830\" height=\"147\" src=\"https:\/\/www.infomedia42.com\/orion\/wp-content\/uploads\/2025\/10\/fin-du-support.png\" alt=\"\" class=\"wp-image-4041\" srcset=\"https:\/\/www.infomedia42.com\/orion\/wp-content\/uploads\/2025\/10\/fin-du-support.png 830w, https:\/\/www.infomedia42.com\/orion\/wp-content\/uploads\/2025\/10\/fin-du-support-300x53.png 300w, https:\/\/www.infomedia42.com\/orion\/wp-content\/uploads\/2025\/10\/fin-du-support-768x136.png 768w\" sizes=\"auto, (max-width: 830px) 100vw, 830px\" \/><\/figure>\n\n\n\n<p>Menu D\u00e9marrer (touche Windows) \/<\/p>\n\n\n\n<figure class=\"wp-block-image size-full is-resized\"><img loading=\"lazy\" decoding=\"async\" width=\"64\" height=\"48\" src=\"https:\/\/www.infomedia42.com\/orion\/wp-content\/uploads\/2025\/10\/Fenetre.png\" alt=\"\" class=\"wp-image-4102\" style=\"width:64px;height:auto\"\/><\/figure>\n\n\n\n<p>Param\u00e8tres<\/p>\n\n\n\n<figure class=\"wp-block-image size-full\"><img loading=\"lazy\" decoding=\"async\" width=\"327\" height=\"806\" src=\"https:\/\/www.infomedia42.com\/orion\/wp-content\/uploads\/2025\/10\/Parametres2.png\" alt=\"\" class=\"wp-image-4105\" srcset=\"https:\/\/www.infomedia42.com\/orion\/wp-content\/uploads\/2025\/10\/Parametres2.png 327w, https:\/\/www.infomedia42.com\/orion\/wp-content\/uploads\/2025\/10\/Parametres2-122x300.png 122w\" sizes=\"auto, (max-width: 327px) 100vw, 327px\" \/><\/figure>\n\n\n\n<p>On arrive dans le menu global Param\u00e8tres :<\/p>\n\n\n\n<figure class=\"wp-block-image size-large\"><img loading=\"lazy\" decoding=\"async\" width=\"1024\" height=\"290\" src=\"https:\/\/www.infomedia42.com\/orion\/wp-content\/uploads\/2025\/10\/Parametres-1024x290.png\" alt=\"\" class=\"wp-image-4053\" srcset=\"https:\/\/www.infomedia42.com\/orion\/wp-content\/uploads\/2025\/10\/Parametres-1024x290.png 1024w, https:\/\/www.infomedia42.com\/orion\/wp-content\/uploads\/2025\/10\/Parametres-300x85.png 300w, https:\/\/www.infomedia42.com\/orion\/wp-content\/uploads\/2025\/10\/Parametres-768x217.png 768w, https:\/\/www.infomedia42.com\/orion\/wp-content\/uploads\/2025\/10\/Parametres-1536x435.png 1536w, https:\/\/www.infomedia42.com\/orion\/wp-content\/uploads\/2025\/10\/Parametres.png 1788w\" sizes=\"auto, (max-width: 1024px) 100vw, 1024px\" \/><\/figure>\n\n\n\n<p>Ensuite, on s\u00e9lectionne :<\/p>\n\n\n\n<figure class=\"wp-block-image size-full\"><img loading=\"lazy\" decoding=\"async\" width=\"361\" height=\"153\" src=\"https:\/\/www.infomedia42.com\/orion\/wp-content\/uploads\/2025\/10\/mise-a-jour-et-securite.png\" alt=\"\" class=\"wp-image-4051\" srcset=\"https:\/\/www.infomedia42.com\/orion\/wp-content\/uploads\/2025\/10\/mise-a-jour-et-securite.png 361w, https:\/\/www.infomedia42.com\/orion\/wp-content\/uploads\/2025\/10\/mise-a-jour-et-securite-300x127.png 300w\" sizes=\"auto, (max-width: 361px) 100vw, 361px\" \/><\/figure>\n\n\n\n<p>Et ensuite, on choisit \u00ab\u00a0Windows Update\u00a0\u00bb dans le Menu \u00e0 droite<\/p>\n\n\n\n<figure class=\"wp-block-image size-large\"><img loading=\"lazy\" decoding=\"async\" width=\"1024\" height=\"325\" src=\"https:\/\/www.infomedia42.com\/orion\/wp-content\/uploads\/2025\/10\/Parametres-Windows-update-1024x325.png\" alt=\"\" class=\"wp-image-4104\" srcset=\"https:\/\/www.infomedia42.com\/orion\/wp-content\/uploads\/2025\/10\/Parametres-Windows-update-1024x325.png 1024w, https:\/\/www.infomedia42.com\/orion\/wp-content\/uploads\/2025\/10\/Parametres-Windows-update-300x95.png 300w, https:\/\/www.infomedia42.com\/orion\/wp-content\/uploads\/2025\/10\/Parametres-Windows-update-768x244.png 768w, https:\/\/www.infomedia42.com\/orion\/wp-content\/uploads\/2025\/10\/Parametres-Windows-update.png 1466w\" sizes=\"auto, (max-width: 1024px) 100vw, 1024px\" \/><\/figure>\n\n\n\n<p>&lsquo;<\/p>\n\n\n\n<p><\/p>\n\n\n\n<h1 class=\"wp-block-heading has-luminous-vivid-amber-background-color has-background\">Il faut faire des mises \u00e0 jour m\u00eame apr\u00e8s le 14 octobre 2025<\/h1>\n\n\n\n<h3 class=\"wp-block-heading\">Windows Update ne t\u00e9l\u00e9chargera plus gratuitement et \u00e0 tous les utilisateurs les correctifs de s\u00e9curit\u00e9 du syst\u00e8me d\u00e9velopp\u00e9s apr\u00e8s le 14 octobre 2025<\/h3>\n\n\n\n<p>Les correctifs de s\u00e9curit\u00e9 apparaissent dans l&rsquo;historique de Windows Update au paragraphe \u00ab\u00a0Mises \u00e0 jour Qualit\u00e9\u00a0\u00bb.<br>Un correctif de s\u00e9curit\u00e9, c&rsquo;est la correction d&rsquo;une faille du syst\u00e8me : c&rsquo;est bien ce qui nous inqui\u00e8te, un Windows dont les failles ne sont plus colmat\u00e9es deviendra de plus en plus vuln\u00e9rable !<\/p>\n\n\n\n<h3 class=\"wp-block-heading\">Mais v\u00e9rifiez d\u00e8s \u00e0 pr\u00e9sent que vous avez bien t\u00e9l\u00e9charg\u00e9 les correctifs de s\u00e9curit\u00e9 du syst\u00e8me cr\u00e9\u00e9s avant le 14 octobre 2025<\/h3>\n\n\n\n<p>Plut\u00f4t que se lamenter sur les futurs correctifs de s\u00e9curit\u00e9 que nous ne verrons pas, v\u00e9rifions d\u00e9j\u00e0 que toutes les ressources mises \u00e0 disposition sont bien arriv\u00e9es dans notre ordinateur !<\/p>\n\n\n\n<p>Windows Update a toujours acc\u00e8s aux correctifs de s\u00e9curit\u00e9 du syst\u00e8me existants. M\u00eame si MicroSoft n&rsquo;a pas donn\u00e9 de date limite, on sait que pour les versions pr\u00e9c\u00e9dentes de Windows, les correctifs de s\u00e9curit\u00e9 du syst\u00e8me ont \u00e9t\u00e9 disponibles pendant un temps assez long. Ne tardez pas trop quand m\u00eame !<\/p>\n\n\n\n<p>Pour preuve, voici, apr\u00e8s avoir cliqu\u00e9 sur le bouton \u00ab\u00a0Rechercher des mises \u00e0 jour\u00a0\u00bb, une photo prise le 18 octobre 2025 sur un PC qui n&rsquo;avait pas \u00e9t\u00e9 connect\u00e9 \u00e0 Internet depuis quelques jours seulement.<br>On y voit bien un correctif de s\u00e9curit\u00e9 du syst\u00e8me Windows (\u00ab\u00a02025-10 mise \u00e0 jour cumulative&#8230;&#8230;.(KB5066747)\u00a0\u00bb : c&rsquo;est le dernier diffus\u00e9 \u00e0 tout le monde, et il est tr\u00e8s important !<br>Ce correctif, et toutes les autres mises \u00e0 jour de cette liste seront install\u00e9s d\u00e8s qu&rsquo;on cliquera sur le bouton \u00ab\u00a0Installer\u00a0\u00bb.<\/p>\n\n\n\n<figure class=\"wp-block-image size-full\"><img loading=\"lazy\" decoding=\"async\" width=\"814\" height=\"777\" src=\"https:\/\/www.infomedia42.com\/orion\/wp-content\/uploads\/2025\/10\/Des-Maj-en-attente.png\" alt=\"\" class=\"wp-image-4037\" srcset=\"https:\/\/www.infomedia42.com\/orion\/wp-content\/uploads\/2025\/10\/Des-Maj-en-attente.png 814w, https:\/\/www.infomedia42.com\/orion\/wp-content\/uploads\/2025\/10\/Des-Maj-en-attente-300x286.png 300w, https:\/\/www.infomedia42.com\/orion\/wp-content\/uploads\/2025\/10\/Des-Maj-en-attente-768x733.png 768w\" sizes=\"auto, (max-width: 814px) 100vw, 814px\" \/><\/figure>\n\n\n\n<h3 class=\"wp-block-heading\">Windows Update t\u00e9l\u00e9chargera encore, gratuitement et pour tous les utilisateurs, les mises \u00e0 jour qualit\u00e9 \u00e0 venir pour les composants encore support\u00e9s par Microsoft et pr\u00e9sents sur votre machine (Pilotes mat\u00e9riel, Applications Office, .NET Framework, PowerShell, Microsoft Defender anti-virus, etc ..)<\/h3>\n\n\n\n<p class=\"has-luminous-vivid-orange-color has-text-color has-link-color has-medium-font-size wp-elements-bd6de13e79dc33d8dbc5e5cf024bbc1f\">Bonne nouvelle : le support de Microsoft Defender anti-virus est toujours assur\u00e9. Il recevra des mises \u00e0 jour de d\u00e9finitions de virus jusqu&rsquo;en octobre 2028.<\/p>\n\n\n\n<p>La preuve: on voit dans la liste des \u00ab\u00a0mises \u00e0 jour de d\u00e9finitions\u00a0\u00bb, des mises \u00e0 jour les 14,15 et 18 octobre.<br><\/p>\n\n\n\n<figure class=\"wp-block-image size-large\"><img loading=\"lazy\" decoding=\"async\" width=\"1024\" height=\"574\" src=\"https:\/\/www.infomedia42.com\/orion\/wp-content\/uploads\/2025\/10\/Mise-a-jour-de-definitions-1024x574.png\" alt=\"\" class=\"wp-image-4049\" srcset=\"https:\/\/www.infomedia42.com\/orion\/wp-content\/uploads\/2025\/10\/Mise-a-jour-de-definitions-1024x574.png 1024w, https:\/\/www.infomedia42.com\/orion\/wp-content\/uploads\/2025\/10\/Mise-a-jour-de-definitions-300x168.png 300w, https:\/\/www.infomedia42.com\/orion\/wp-content\/uploads\/2025\/10\/Mise-a-jour-de-definitions-768x430.png 768w, https:\/\/www.infomedia42.com\/orion\/wp-content\/uploads\/2025\/10\/Mise-a-jour-de-definitions-528x297.png 528w, https:\/\/www.infomedia42.com\/orion\/wp-content\/uploads\/2025\/10\/Mise-a-jour-de-definitions.png 1058w\" sizes=\"auto, (max-width: 1024px) 100vw, 1024px\" \/><\/figure>\n\n\n\n<h2 class=\"wp-block-heading\">On vous conseille donc de continuer \u00e0 utiliser Windows Update !<\/h2>\n\n\n\n<p>Cliquez sur le bouton \u00ab\u00a0Rechercher des mises \u00e0 jour\u00a0\u00bb autant de fois que n\u00e9cessaire, m\u00eame s&rsquo;il est \u00e9crit juste au dessus que votre PC ne re\u00e7oit plus de mise \u00e0 jour ( Voici ci dessous une photo de ce bouton : ne cliquez pas dessus, c&rsquo;est une photo !)<\/p>\n\n\n\n<figure class=\"wp-block-image size-full\"><img loading=\"lazy\" decoding=\"async\" width=\"314\" height=\"73\" src=\"https:\/\/www.infomedia42.com\/orion\/wp-content\/uploads\/2025\/10\/rechercher-des-mises-a-jour.png\" alt=\"\" class=\"wp-image-4057\" srcset=\"https:\/\/www.infomedia42.com\/orion\/wp-content\/uploads\/2025\/10\/rechercher-des-mises-a-jour.png 314w, https:\/\/www.infomedia42.com\/orion\/wp-content\/uploads\/2025\/10\/rechercher-des-mises-a-jour-300x70.png 300w\" sizes=\"auto, (max-width: 314px) 100vw, 314px\" \/><\/figure>\n\n\n\n<p>Le process de mise \u00e0 jour vous demandera peut \u00eatre des red\u00e9marrages : renouvelez la recherche apr\u00e8s chaque d\u00e9marrage, jusqu&rsquo;\u00e0 voir l&rsquo;installation du correctif 2025-10 dans le paragraphe \u00ab\u00a0Mises \u00e0 jours Qualit\u00e9\u00a0\u00bb de l&rsquo;historique des mises \u00e0 jour (Windows Update ne d\u00e9livre plus le massage \u00ab\u00a0Vous \u00eates \u00e0 jour\u00a0\u00bb)<\/p>\n\n\n\n<p><\/p>\n\n\n\n<h2 class=\"wp-block-heading\">Voici ce que devrait contenir la fin de la liste de l&rsquo;historique des mises \u00e0 jour qualit\u00e9 quand vous aurez \u00e9puis\u00e9 toutes les mises \u00e0 jour ressources disponibles :<\/h2>\n\n\n\n<p>Autrefois, Windows Update affichait \u00ab\u00a0Vous \u00eates \u00e0 jour\u00a0\u00bb quand c&rsquo;\u00e9tait le cas. Depuis le 14 octobre 2025, cela n&rsquo;est plus le cas.<\/p>\n\n\n\n<p>Donc, v\u00e9rifiez bien dans la \u00ab\u00a0liste des mises \u00e0 jour\u00a0\u00bb la pr\u00e9sence du correctif 2025-10 Mise \u00e0 jour cumulative pour Windows 10 version H22 pour les syst\u00e8mes x64 (KB5066791) : ce sera le dernier si vous n&rsquo;acceptez pas l&rsquo;offre ESU (Extended Security Update = Mises \u00e0 jour de S\u00e9curit\u00e9 Etendues) de Microsoft et il sera  n\u00e9cessaire si vous souhaitez en profiter.<\/p>\n\n\n\n<figure class=\"wp-block-image size-large\"><img loading=\"lazy\" decoding=\"async\" width=\"1024\" height=\"703\" src=\"https:\/\/www.infomedia42.com\/orion\/wp-content\/uploads\/2025\/10\/202510-cumulative-est-arrivee-1024x703.png\" alt=\"\" class=\"wp-image-4033\" srcset=\"https:\/\/www.infomedia42.com\/orion\/wp-content\/uploads\/2025\/10\/202510-cumulative-est-arrivee-1024x703.png 1024w, https:\/\/www.infomedia42.com\/orion\/wp-content\/uploads\/2025\/10\/202510-cumulative-est-arrivee-300x206.png 300w, https:\/\/www.infomedia42.com\/orion\/wp-content\/uploads\/2025\/10\/202510-cumulative-est-arrivee-768x527.png 768w, https:\/\/www.infomedia42.com\/orion\/wp-content\/uploads\/2025\/10\/202510-cumulative-est-arrivee.png 1096w\" sizes=\"auto, (max-width: 1024px) 100vw, 1024px\" \/><\/figure>\n\n\n\n<h1 class=\"wp-block-heading\">Et continuez dans les mois qui viennent pour avoir les nouvelles mises \u00e0 jour de d\u00e9finitions pour MicroSoft Defender Antivirus, les pilotes et les produits MicroSoft : ce support durera jusqu&rsquo;en octobre 2028.<\/h1>\n\n\n\n<p><\/p>\n","protected":false},"excerpt":{"rendered":"<p>Pr\u00e9liminaire Les images utilis\u00e9es dans cette page sont des copies d&rsquo;\u00e9cran prises dans le processus Windows Update d&rsquo;un PC sous Windows 10.Ce ne sont que des illustrations : ne cliquez pas sur les liens ou boutons montr\u00e9s, il ne se passera rien ! Entrer dans la page Windows Update (illustrations captur\u00e9es apr\u00e8s le 14\/10\/2025 et [&hellip;]<\/p>\n","protected":false},"author":1,"featured_media":0,"parent":0,"menu_order":0,"comment_status":"closed","ping_status":"closed","template":"","meta":{"footnotes":"","_links_to":"","_links_to_target":""},"class_list":["post-4073","page","type-page","status-publish","czr-hentry"],"yoast_head":"<!-- This site is optimized with the Yoast SEO plugin v27.5 - https:\/\/yoast.com\/product\/yoast-seo-wordpress\/ -->\n<title>Windows Update pour les d\u00e9butants - InfoMedia-L&#039;informatique pour tous<\/title>\n<meta name=\"robots\" content=\"index, follow, max-snippet:-1, max-image-preview:large, max-video-preview:-1\" \/>\n<link rel=\"canonical\" href=\"https:\/\/www.infomedia42.com\/orion\/windows-update-pour-les-debutants\/\" \/>\n<meta property=\"og:locale\" content=\"fr_FR\" \/>\n<meta property=\"og:type\" content=\"article\" \/>\n<meta property=\"og:title\" content=\"Windows Update pour les d\u00e9butants - InfoMedia-L&#039;informatique pour tous\" \/>\n<meta property=\"og:description\" content=\"Pr\u00e9liminaire Les images utilis\u00e9es dans cette page sont des copies d&rsquo;\u00e9cran prises dans le processus Windows Update d&rsquo;un PC sous Windows 10.Ce ne sont que des illustrations : ne cliquez pas sur les liens ou boutons montr\u00e9s, il ne se passera rien ! Entrer dans la page Windows Update (illustrations captur\u00e9es apr\u00e8s le 14\/10\/2025 et [&hellip;]\" \/>\n<meta property=\"og:url\" content=\"https:\/\/www.infomedia42.com\/orion\/windows-update-pour-les-debutants\/\" \/>\n<meta property=\"og:site_name\" content=\"InfoMedia-L&#039;informatique pour tous\" \/>\n<meta property=\"article:modified_time\" content=\"2025-10-26T07:41:43+00:00\" \/>\n<meta property=\"og:image\" content=\"https:\/\/www.infomedia42.com\/orion\/wp-content\/uploads\/2025\/10\/fin-du-support.png\" \/>\n\t<meta property=\"og:image:width\" content=\"830\" \/>\n\t<meta property=\"og:image:height\" content=\"147\" \/>\n\t<meta property=\"og:image:type\" content=\"image\/png\" \/>\n<meta name=\"twitter:card\" content=\"summary_large_image\" \/>\n<meta name=\"twitter:label1\" content=\"Dur\u00e9e de lecture estim\u00e9e\" \/>\n\t<meta name=\"twitter:data1\" content=\"6 minutes\" \/>\n<script type=\"application\/ld+json\" class=\"yoast-schema-graph\">{\"@context\":\"https:\\\/\\\/schema.org\",\"@graph\":[{\"@type\":\"WebPage\",\"@id\":\"https:\\\/\\\/www.infomedia42.com\\\/orion\\\/windows-update-pour-les-debutants\\\/\",\"url\":\"https:\\\/\\\/www.infomedia42.com\\\/orion\\\/windows-update-pour-les-debutants\\\/\",\"name\":\"Windows Update pour les d\u00e9butants - InfoMedia-L&#039;informatique pour tous\",\"isPartOf\":{\"@id\":\"https:\\\/\\\/www.infomedia42.com\\\/orion\\\/#website\"},\"primaryImageOfPage\":{\"@id\":\"https:\\\/\\\/www.infomedia42.com\\\/orion\\\/windows-update-pour-les-debutants\\\/#primaryimage\"},\"image\":{\"@id\":\"https:\\\/\\\/www.infomedia42.com\\\/orion\\\/windows-update-pour-les-debutants\\\/#primaryimage\"},\"thumbnailUrl\":\"https:\\\/\\\/www.infomedia42.com\\\/orion\\\/wp-content\\\/uploads\\\/2025\\\/10\\\/fin-du-support.png\",\"datePublished\":\"2025-10-25T07:31:51+00:00\",\"dateModified\":\"2025-10-26T07:41:43+00:00\",\"breadcrumb\":{\"@id\":\"https:\\\/\\\/www.infomedia42.com\\\/orion\\\/windows-update-pour-les-debutants\\\/#breadcrumb\"},\"inLanguage\":\"fr-FR\",\"potentialAction\":[{\"@type\":\"ReadAction\",\"target\":[\"https:\\\/\\\/www.infomedia42.com\\\/orion\\\/windows-update-pour-les-debutants\\\/\"]}]},{\"@type\":\"ImageObject\",\"inLanguage\":\"fr-FR\",\"@id\":\"https:\\\/\\\/www.infomedia42.com\\\/orion\\\/windows-update-pour-les-debutants\\\/#primaryimage\",\"url\":\"https:\\\/\\\/www.infomedia42.com\\\/orion\\\/wp-content\\\/uploads\\\/2025\\\/10\\\/fin-du-support.png\",\"contentUrl\":\"https:\\\/\\\/www.infomedia42.com\\\/orion\\\/wp-content\\\/uploads\\\/2025\\\/10\\\/fin-du-support.png\",\"width\":830,\"height\":147},{\"@type\":\"BreadcrumbList\",\"@id\":\"https:\\\/\\\/www.infomedia42.com\\\/orion\\\/windows-update-pour-les-debutants\\\/#breadcrumb\",\"itemListElement\":[{\"@type\":\"ListItem\",\"position\":1,\"name\":\"Accueil\",\"item\":\"https:\\\/\\\/www.infomedia42.com\\\/orion\\\/\"},{\"@type\":\"ListItem\",\"position\":2,\"name\":\"Windows Update pour les d\u00e9butants\"}]},{\"@type\":\"WebSite\",\"@id\":\"https:\\\/\\\/www.infomedia42.com\\\/orion\\\/#website\",\"url\":\"https:\\\/\\\/www.infomedia42.com\\\/orion\\\/\",\"name\":\"InfoMedia-L&#039;informatique pour tous\",\"description\":\"Site de l&#039;association InfoMedia\",\"publisher\":{\"@id\":\"https:\\\/\\\/www.infomedia42.com\\\/orion\\\/#organization\"},\"potentialAction\":[{\"@type\":\"SearchAction\",\"target\":{\"@type\":\"EntryPoint\",\"urlTemplate\":\"https:\\\/\\\/www.infomedia42.com\\\/orion\\\/?s={search_term_string}\"},\"query-input\":{\"@type\":\"PropertyValueSpecification\",\"valueRequired\":true,\"valueName\":\"search_term_string\"}}],\"inLanguage\":\"fr-FR\"},{\"@type\":\"Organization\",\"@id\":\"https:\\\/\\\/www.infomedia42.com\\\/orion\\\/#organization\",\"name\":\"InfoMedia-L&#039;informatique pour tous\",\"url\":\"https:\\\/\\\/www.infomedia42.com\\\/orion\\\/\",\"logo\":{\"@type\":\"ImageObject\",\"inLanguage\":\"fr-FR\",\"@id\":\"https:\\\/\\\/www.infomedia42.com\\\/orion\\\/#\\\/schema\\\/logo\\\/image\\\/\",\"url\":\"https:\\\/\\\/www.infomedia42.com\\\/orion\\\/wp-content\\\/uploads\\\/2024\\\/01\\\/cropped-Logodyn3secondes.gif\",\"contentUrl\":\"https:\\\/\\\/www.infomedia42.com\\\/orion\\\/wp-content\\\/uploads\\\/2024\\\/01\\\/cropped-Logodyn3secondes.gif\",\"width\":290,\"height\":290,\"caption\":\"InfoMedia-L&#039;informatique pour tous\"},\"image\":{\"@id\":\"https:\\\/\\\/www.infomedia42.com\\\/orion\\\/#\\\/schema\\\/logo\\\/image\\\/\"}}]}<\/script>\n<!-- \/ Yoast SEO plugin. -->","yoast_head_json":{"title":"Windows Update pour les d\u00e9butants - InfoMedia-L&#039;informatique pour tous","robots":{"index":"index","follow":"follow","max-snippet":"max-snippet:-1","max-image-preview":"max-image-preview:large","max-video-preview":"max-video-preview:-1"},"canonical":"https:\/\/www.infomedia42.com\/orion\/windows-update-pour-les-debutants\/","og_locale":"fr_FR","og_type":"article","og_title":"Windows Update pour les d\u00e9butants - InfoMedia-L&#039;informatique pour tous","og_description":"Pr\u00e9liminaire Les images utilis\u00e9es dans cette page sont des copies d&rsquo;\u00e9cran prises dans le processus Windows Update d&rsquo;un PC sous Windows 10.Ce ne sont que des illustrations : ne cliquez pas sur les liens ou boutons montr\u00e9s, il ne se passera rien ! Entrer dans la page Windows Update (illustrations captur\u00e9es apr\u00e8s le 14\/10\/2025 et [&hellip;]","og_url":"https:\/\/www.infomedia42.com\/orion\/windows-update-pour-les-debutants\/","og_site_name":"InfoMedia-L&#039;informatique pour tous","article_modified_time":"2025-10-26T07:41:43+00:00","og_image":[{"width":830,"height":147,"url":"https:\/\/www.infomedia42.com\/orion\/wp-content\/uploads\/2025\/10\/fin-du-support.png","type":"image\/png"}],"twitter_card":"summary_large_image","twitter_misc":{"Dur\u00e9e de lecture estim\u00e9e":"6 minutes"},"schema":{"@context":"https:\/\/schema.org","@graph":[{"@type":"WebPage","@id":"https:\/\/www.infomedia42.com\/orion\/windows-update-pour-les-debutants\/","url":"https:\/\/www.infomedia42.com\/orion\/windows-update-pour-les-debutants\/","name":"Windows Update pour les d\u00e9butants - InfoMedia-L&#039;informatique pour tous","isPartOf":{"@id":"https:\/\/www.infomedia42.com\/orion\/#website"},"primaryImageOfPage":{"@id":"https:\/\/www.infomedia42.com\/orion\/windows-update-pour-les-debutants\/#primaryimage"},"image":{"@id":"https:\/\/www.infomedia42.com\/orion\/windows-update-pour-les-debutants\/#primaryimage"},"thumbnailUrl":"https:\/\/www.infomedia42.com\/orion\/wp-content\/uploads\/2025\/10\/fin-du-support.png","datePublished":"2025-10-25T07:31:51+00:00","dateModified":"2025-10-26T07:41:43+00:00","breadcrumb":{"@id":"https:\/\/www.infomedia42.com\/orion\/windows-update-pour-les-debutants\/#breadcrumb"},"inLanguage":"fr-FR","potentialAction":[{"@type":"ReadAction","target":["https:\/\/www.infomedia42.com\/orion\/windows-update-pour-les-debutants\/"]}]},{"@type":"ImageObject","inLanguage":"fr-FR","@id":"https:\/\/www.infomedia42.com\/orion\/windows-update-pour-les-debutants\/#primaryimage","url":"https:\/\/www.infomedia42.com\/orion\/wp-content\/uploads\/2025\/10\/fin-du-support.png","contentUrl":"https:\/\/www.infomedia42.com\/orion\/wp-content\/uploads\/2025\/10\/fin-du-support.png","width":830,"height":147},{"@type":"BreadcrumbList","@id":"https:\/\/www.infomedia42.com\/orion\/windows-update-pour-les-debutants\/#breadcrumb","itemListElement":[{"@type":"ListItem","position":1,"name":"Accueil","item":"https:\/\/www.infomedia42.com\/orion\/"},{"@type":"ListItem","position":2,"name":"Windows Update pour les d\u00e9butants"}]},{"@type":"WebSite","@id":"https:\/\/www.infomedia42.com\/orion\/#website","url":"https:\/\/www.infomedia42.com\/orion\/","name":"InfoMedia-L&#039;informatique pour tous","description":"Site de l&#039;association InfoMedia","publisher":{"@id":"https:\/\/www.infomedia42.com\/orion\/#organization"},"potentialAction":[{"@type":"SearchAction","target":{"@type":"EntryPoint","urlTemplate":"https:\/\/www.infomedia42.com\/orion\/?s={search_term_string}"},"query-input":{"@type":"PropertyValueSpecification","valueRequired":true,"valueName":"search_term_string"}}],"inLanguage":"fr-FR"},{"@type":"Organization","@id":"https:\/\/www.infomedia42.com\/orion\/#organization","name":"InfoMedia-L&#039;informatique pour tous","url":"https:\/\/www.infomedia42.com\/orion\/","logo":{"@type":"ImageObject","inLanguage":"fr-FR","@id":"https:\/\/www.infomedia42.com\/orion\/#\/schema\/logo\/image\/","url":"https:\/\/www.infomedia42.com\/orion\/wp-content\/uploads\/2024\/01\/cropped-Logodyn3secondes.gif","contentUrl":"https:\/\/www.infomedia42.com\/orion\/wp-content\/uploads\/2024\/01\/cropped-Logodyn3secondes.gif","width":290,"height":290,"caption":"InfoMedia-L&#039;informatique pour tous"},"image":{"@id":"https:\/\/www.infomedia42.com\/orion\/#\/schema\/logo\/image\/"}}]}},"_links":{"self":[{"href":"https:\/\/www.infomedia42.com\/orion\/wp-json\/wp\/v2\/pages\/4073","targetHints":{"allow":["GET"]}}],"collection":[{"href":"https:\/\/www.infomedia42.com\/orion\/wp-json\/wp\/v2\/pages"}],"about":[{"href":"https:\/\/www.infomedia42.com\/orion\/wp-json\/wp\/v2\/types\/page"}],"author":[{"embeddable":true,"href":"https:\/\/www.infomedia42.com\/orion\/wp-json\/wp\/v2\/users\/1"}],"replies":[{"embeddable":true,"href":"https:\/\/www.infomedia42.com\/orion\/wp-json\/wp\/v2\/comments?post=4073"}],"version-history":[{"count":11,"href":"https:\/\/www.infomedia42.com\/orion\/wp-json\/wp\/v2\/pages\/4073\/revisions"}],"predecessor-version":[{"id":4140,"href":"https:\/\/www.infomedia42.com\/orion\/wp-json\/wp\/v2\/pages\/4073\/revisions\/4140"}],"wp:attachment":[{"href":"https:\/\/www.infomedia42.com\/orion\/wp-json\/wp\/v2\/media?parent=4073"}],"curies":[{"name":"wp","href":"https:\/\/api.w.org\/{rel}","templated":true}]}}