{"id":4193,"date":"2025-10-27T15:44:33","date_gmt":"2025-10-27T14:44:33","guid":{"rendered":"https:\/\/www.infomedia42.com\/orion\/?page_id=4193"},"modified":"2026-04-08T13:29:35","modified_gmt":"2026-04-08T11:29:35","slug":"s-inscrire-a-l-esu","status":"publish","type":"page","link":"https:\/\/www.infomedia42.com\/orion\/s-inscrire-a-l-esu\/","title":{"rendered":"S&rsquo;inscrire \u00e0 l&rsquo;ESU"},"content":{"rendered":"\n<h2 class=\"wp-block-heading\">ESU = Extended Security Update = Mises \u00e0 jour de s\u00e9curit\u00e9 \u00e9tendues (pour Windows 10)<\/h2>\n\n\n\n<p>Le dispositif est expliqu\u00e9 par Microsoft \u00e0 la page : <a href=\"https:\/\/learn.microsoft.com\/fr-fr\/windows\/whats-new\/extended-security-updates\" target=\"_blank\" rel=\"noreferrer noopener\">https:\/\/learn.microsoft.com\/fr-fr\/windows\/whats-new\/extended-security-updates<\/a><\/p>\n\n\n\n<p class=\"has-black-color has-text-color has-link-color wp-elements-7f24e00435fdeab0f636b684acfdb904\">En r\u00e9sum\u00e9 : en tant qu&rsquo;utilisateur individuel, Microsoft vous propose <strong>un an suppl\u00e9mentaire de mises \u00e0 jour gratuites pour Windows 10 (uniquement correctifs de s\u00e9curit\u00e9, ni nouvelles fonctionnalit\u00e9s ni modifications de performance),<\/strong> moyennant les conditions suivantes :<\/p>\n\n\n\n<h3 class=\"wp-block-heading has-black-color has-text-color has-link-color wp-elements-2159bc1ac48ad3d8e4ba6e8e4d668893\"><br>&#8211; \u00eatre sous la version <strong>22H2 <\/strong>de Windows 10<\/h3>\n\n\n\n<p><a href=\"https:\/\/www.infomedia42.com\/orion\/trouver_sa_version_windows\/\" target=\"_blank\" rel=\"noreferrer noopener\">Cliquez ici, et on vous montre dans un nouvel onglet comment trouver votre version Windows<\/a><\/p>\n\n\n\n<h3 class=\"wp-block-heading has-black-color has-text-color has-link-color wp-elements-70a8dc81fc6188b02948f9483a522a84\"><br>&#8211; <strong>\u00eatre \u00e0 jour<\/strong> : <\/h3>\n\n\n\n<p class=\"has-black-color has-text-color has-link-color wp-elements-9a4274a06c44247d93bb92237e0a9bac\">la pr\u00e9sence du correctif 2025-10 Mise \u00e0 jour cumulative pour Windows 10 version H22 pour les syst\u00e8mes x64 (KB5066791) confirmera que vous \u00eates \u00e0 jour.<br>Toutefois, ChatGPT et MicroSoft Copilot indiquent que l\u2019installation du <strong>correctif KB5046613<\/strong> (ou d\u2019une mise \u00e0 jour ult\u00e9rieure) est requise pour activer l\u2019ESU (c&rsquo;est un correctif de Novembre 2024). On peut en d\u00e9duire qu&rsquo;elle devrait suffire.<\/p>\n\n\n\n<h3 class=\"wp-block-heading has-black-color has-text-color has-link-color wp-elements-90a4cfca6e5768f2e16d9e57d5e9f5c7\"><br>&#8211; <strong>\u00eatre connect\u00e9 (au moment de l&rsquo;inscription, puis au moins une fois tous les 60 jours), non pas avec un compte d&rsquo;utilisateur Windows local, mais avec un compte Microsoft administrateur<\/strong> <\/h3>\n\n\n\n<p><a href=\"https:\/\/www.infomedia42.com\/orion\/les-comptes-utilisateur-windows\/\" target=\"_blank\" rel=\"noreferrer noopener\">Cliquez ici si vous voulez qu&rsquo;on vous montre dans un nouvel onglet comment v\u00e9rifier si votre compte utilisateur est administrateur<\/a><\/p>\n\n\n\n<p><a href=\"https:\/\/www.infomedia42.com\/orion\/installer-compte-microsoft-avec-windows-10\/\" target=\"_blank\" rel=\"noreferrer noopener\">Cliquez ici, et on vous montre dans un nouvel onglet comment installer un compte Microsoft sur votre PC Windows 10<\/a><\/p>\n\n\n\n<h1 class=\"wp-block-heading\">Accepter ou refuser l&rsquo;offre \u00ab\u00a0ESU\u00a0\u00bb ?<\/h1>\n\n\n\n<h3 class=\"wp-block-heading\">Rappel du contexte<\/h3>\n\n\n\n<p>Par l&rsquo;offre \u00ab\u00a0ESU\u00a0\u00bb, Microsoft vous \u00ab\u00a0force la main\u00a0\u00bb pour vous faire travailler avec un compte utilisateur Windows, b\u00e9n\u00e9ficiant de son cloud (appel\u00e9 OneDrive).<br>C&rsquo;est la suite logique de ce qui a \u00e9t\u00e9 fait pour Windows 11 :<br>&#8211; Sauf \u00eatre un grand \u00ab\u00a0bidouilleur\u00a0\u00bb, il n&rsquo;est pratiquement plus possible de d\u00e9marrer un PC Windows 11 neuf avec un compte local sans utiliser un compte Microsoft.<br>&#8211; Microsoft bloque une \u00e0 une les astuces que les bidouilleurs avaient trouv\u00e9es pour installer quand m\u00eame Windows 11 avec un compte \u00ab\u00a0local\u00a0\u00bb.<\/p>\n\n\n\n<p>Parmi vous, certains n&rsquo;aiment pas qu&rsquo;on les force et craignent pour la confidentialit\u00e9 de leurs donn\u00e9es. Nous allons essayer d&rsquo;\u00eatre objectifs.<\/p>\n\n\n\n<h3 class=\"wp-block-heading\">Avantages du compte Microsoft et du cloud Microsoft OneDrive associ\u00e9<\/h3>\n\n\n\n<ul class=\"wp-block-list\">\n<li>Synchronisation automatique des fichiers entre vos machines connect\u00e9es \u00e0 ce compte (jusqu&rsquo;\u00e0 10 machines simultan\u00e9ment : PC, t\u00e9l\u00e9phones Andro\u00efd ou IOS, consoles Xbox), pas de limite pour le nombre d&rsquo;appareils connect\u00e9s \u00e0 un m\u00eame compte OneDrive) <\/li>\n\n\n\n<li>Sauvegarde automatique dans OneDrive de tous les fichiers qui sont mis dans le dossier OneDrive de votre disque dur, avec un stockage gratuit de 5Go<\/li>\n\n\n\n<li>Les versions Web gratuites de <strong>Word, Excel, et PowerPoint<\/strong> (via Microsoft 365 pour le Web)<\/li>\n\n\n\n<li>L&rsquo;adresse mail gratuite utilis\u00e9e pour la cr\u00e9ation de votre compte vous donnera acc\u00e8s \u00e0 Outlook et ses services, vous pourrez aussi vous inscrire avec une adresse mail existante.<\/li>\n\n\n\n<li>Si le chiffrage \u00ab\u00a0Bitlocker\u00a0\u00bb de votre disque dur a \u00e9t\u00e9 activ\u00e9 et une fausse manoeuvre l&rsquo;a bloqu\u00e9, le compte Microsoft est la solution pour retrouver la clef de chiffrage qui permettra de le d\u00e9bloquer<\/li>\n\n\n\n<li>Et acc\u00e8s \u00e0 la solution \u00ab\u00a0ESU\u00a0\u00bb pour Windows 10 !<\/li>\n<\/ul>\n\n\n\n<h3 class=\"wp-block-heading\">Inconv\u00e9nients du cloud Microsoft<\/h3>\n\n\n\n<ul class=\"wp-block-list\">\n<li>C&rsquo;est un service en ligne : attendez vous \u00e0 des proc\u00e9dures d&rsquo;authentification s\u00e9curis\u00e9es<\/li>\n<\/ul>\n\n\n\n<h4 class=\"wp-block-heading\">Si vous activez la synchronisation entre votre disque et votre espace OneDrive sur internet :<\/h4>\n\n\n\n<ul class=\"wp-block-list\">\n<li><strong>Il vous faudra faire quelques r\u00e9glages pour d\u00e9cider quels dossiers vous souhaitez (ou pas) inclure dans le dossier synchronis\u00e9 OneDrive<\/strong> du compte Microsoft.<br>Par exemple, pour le dossier \u00ab\u00a0Mes Documents\u00a0\u00bb de ce compte Microsoft, automatiquement connect\u00e9 au Cloud, vous devrez limiter le nombre et la nature des fichiers.<br>Il vous suffira de travailler dans un ou des r\u00e9pertoires que vous cr\u00e9erez dans l&rsquo;arborescence de votre disque dur, par exemple \u00ab\u00a0C:\\Impots\u00a0\u00bb; C:\\loisirs\u00a0\u00bb. Les fichiers mis dans de tels dossiers seront aussi utilisables depuis votre compte local (voir paragraphe suivant).<\/li>\n\n\n\n<li>Si vous avez de tr\u00e8s gros fichiers qui se modifient fr\u00e9quemment, il faudra apprendre \u00e0 les sortir du dossier  OneDrive (par exemple, une boite aux lettres Outlook de grande taille) : ils utiliseraient trop de ressources sur votre connexion internet et retarderaient la synchronisation des fichiers de taille plus modeste.<\/li>\n\n\n\n<li>Les applications Microsoft ont tendance \u00e0 tout envoyer dans le Cloud : par exemple, lorsque vous souhaitez enregistrer un fichier Word depuis un compte Microsoft, il faut \u00ab\u00a0se battre\u00a0\u00bb pour le garder en local : c&rsquo;est possible, mais il est aga\u00e7ant de devoir y faire attention !<\/li>\n\n\n\n<li>Tous vos fichiers dans OneDrive seront stock\u00e9s dans des serveurs r\u00e9gis par les lois am\u00e9ricaines, avec une administration am\u00e9ricaine de plus en plus s\u00e9curitaire, et en toile de fond la g\u00e9n\u00e9ralisation d&rsquo;intelligences artificielles capables maintenant de scanner tous vos documents: ce tableau peut vous faire douter sur la confidentialit\u00e9 et la protection de vos donn\u00e9es et fichiers. Le questionnement est l\u00e9gitime, le probl\u00e8me fait d&rsquo;ailleurs l&rsquo;objet de discussions \u00e0 haut niveau entre l&rsquo;Europe et les Etats Unis.<br>Dans tous les cas, il vous faudra faire attention \u00e0 ce qui peut (ou ne peut pas) trainer sur internet : si vous faites une utilisation prudente et raisonnable de votre PC, vous allez y arriver !<\/li>\n<\/ul>\n\n\n\n<h4 class=\"wp-block-heading\">Si vous n&rsquo;activez pas la synchronisation automatique entre votre disque et votre espace OneDrive sur internet :<\/h4>\n\n\n\n<p>Vous ne pourrez acc\u00e9der \u00e0 votre espace OneDrive que par connexion volontaire depuis votre navigateur internet<\/p>\n\n\n\n<h3 class=\"wp-block-heading\">A savoir : pour l&rsquo;utilisation Quotidienne, votre abonnement \u00e0 l&rsquo;ESU continuera m\u00eame si vous utilisez votre compte local dans la vie de tous les jours (avec une nuance)<\/h3>\n\n\n\n<p>Voil\u00e0 qui devrait en rassurer plus d&rsquo;un : une fois l&rsquo;inscription effectu\u00e9e, vous avez la possibilit\u00e9 de <strong>repasser \u00e0 votre compte local<\/strong> pour votre utilisation quotidienne, <strong>MAIS<\/strong> il y a une condition cruciale : <strong>La connexion P\u00e9riodique au Compte Microsoft.<\/strong><br>Pour conserver le b\u00e9n\u00e9fice de l&rsquo;ESU et recevoir les mises \u00e0 jour, vous devez vous <strong>connecter au compte Microsoft utilis\u00e9 pour l&rsquo;inscription \u00e0 l&rsquo;ESU au moins une fois tous les 60 jours<\/strong> sur l&rsquo;appareil. Si vous ne le faites pas, l&rsquo;appareil sera automatiquement d\u00e9sinscrit du programme ESU et les mises \u00e0 jour s&rsquo;arr\u00eateront : <strong>N&rsquo;oubliez pas !<\/strong><br><\/p>\n\n\n\n<h1 class=\"wp-block-heading\">Mode op\u00e9ratoire pour l&rsquo;inscription<\/h1>\n\n\n\n<p>Si vous d\u00e9cidez d&rsquo;accepter la proposition ESU, apr\u00e8s les mises \u00e0 jour d\u00e9j\u00e0 expliqu\u00e9es plus haut, il vous faut donc :<\/p>\n\n\n\n<ul class=\"wp-block-list\">\n<li>cr\u00e9er un compte Microsoft : <br><a href=\"https:\/\/www.infomedia42.com\/orion\/comment-creer-un-compte-microsoft\" target=\"_blank\" rel=\"noreferrer noopener\">Cliquez ici, et on vous montre dans un nouvel onglet comment cr\u00e9er un compte Microsoft<\/a><br><\/li>\n\n\n\n<li>cr\u00e9er un nouveau compte utilisateur <strong>administrateur<\/strong> Windows bas\u00e9 sur ce compte Microsoft ou lier un compte local administrateur \u00e0 un compte Windows<\/li>\n\n\n\n<li>Se connecter \u00e0 Windows avec ce compte utilisateur <strong>administrateur<\/strong> Windows<\/li>\n<\/ul>\n\n\n\n<p>Dans Windows Update, le lien \u00ab\u00a0S&rsquo;inscrire maintenant\u00a0\u00bb devrait maintenant \u00eatre pr\u00e9sent et op\u00e9rationnel (en bas \u00e0 gauche de l&rsquo;image ci-dessous)<\/p>\n\n\n\n<figure class=\"wp-block-image size-large\"><img loading=\"lazy\" decoding=\"async\" width=\"1024\" height=\"349\" src=\"https:\/\/www.infomedia42.com\/orion\/wp-content\/uploads\/2025\/10\/hnicolas42-S-inscrire-maintenant-1024x349.png\" alt=\"\" class=\"wp-image-4043\" srcset=\"https:\/\/www.infomedia42.com\/orion\/wp-content\/uploads\/2025\/10\/hnicolas42-S-inscrire-maintenant-1024x349.png 1024w, https:\/\/www.infomedia42.com\/orion\/wp-content\/uploads\/2025\/10\/hnicolas42-S-inscrire-maintenant-300x102.png 300w, https:\/\/www.infomedia42.com\/orion\/wp-content\/uploads\/2025\/10\/hnicolas42-S-inscrire-maintenant-768x262.png 768w, https:\/\/www.infomedia42.com\/orion\/wp-content\/uploads\/2025\/10\/hnicolas42-S-inscrire-maintenant.png 1496w\" sizes=\"auto, (max-width: 1024px) 100vw, 1024px\" \/><\/figure>\n\n\n\n<p>Toutefois, si le lien \u00ab\u00a0S&rsquo;inscrire maintenant\u00a0\u00bb n&rsquo;apparait toujours pas apr\u00e8s 2 ou 3 red\u00e9marrages, cliquez sur \u00ab\u00a0En savoir plus sur la fin du support\u00a0\u00bb, et tout en bas d&rsquo;une page qui vous vante Windows 11, vous trouverez un lien \u00ab\u00a0Obtenir la prolongation des mises \u00e0 jour de s\u00e9curit\u00e9\u00a0\u00bb qui vous conduira aussi au d\u00e9but de l&rsquo;inscription si vos mises \u00e0 jour sont suffisantes.<\/p>\n\n\n\n<p>Et voici une vid\u00e9o qui montre que c&rsquo;est facile et utile :<\/p>\n\n\n\n<figure class=\"wp-block-embed is-type-video is-provider-youtube wp-block-embed-youtube wp-embed-aspect-16-9 wp-has-aspect-ratio\"><div class=\"wp-block-embed__wrapper\">\n<iframe loading=\"lazy\" title=\"MicroSoft ESU\" width=\"1140\" height=\"641\" src=\"https:\/\/www.youtube.com\/embed\/WG8Hji8xE1A?feature=oembed\" frameborder=\"0\" allow=\"accelerometer; autoplay; clipboard-write; encrypted-media; gyroscope; picture-in-picture; web-share\" referrerpolicy=\"strict-origin-when-cross-origin\" allowfullscreen><\/iframe>\n<\/div><\/figure>\n\n\n\n<p>&lsquo;<\/p>\n\n\n\n<h2 class=\"wp-block-heading\">Conclusion pour cette solution<\/h2>\n\n\n\n<p>Avec les pr\u00e9cautions d\u00e9j\u00e0 expos\u00e9es dans cet article, \u00e0 moins d&rsquo;\u00eatre r\u00e9ellement r\u00e9fractaire \u00e0 Microsoft, cette solution vous donnera un an de tranquillit\u00e9 pour r\u00e9fl\u00e9chir.<\/p>\n","protected":false},"excerpt":{"rendered":"<p>ESU = Extended Security Update = Mises \u00e0 jour de s\u00e9curit\u00e9 \u00e9tendues (pour Windows 10) Le dispositif est expliqu\u00e9 par Microsoft \u00e0 la page : https:\/\/learn.microsoft.com\/fr-fr\/windows\/whats-new\/extended-security-updates En r\u00e9sum\u00e9 : en tant qu&rsquo;utilisateur individuel, Microsoft vous propose un an suppl\u00e9mentaire de mises \u00e0 jour gratuites pour Windows 10 (uniquement correctifs de s\u00e9curit\u00e9, ni nouvelles fonctionnalit\u00e9s ni [&hellip;]<\/p>\n","protected":false},"author":1,"featured_media":0,"parent":0,"menu_order":0,"comment_status":"closed","ping_status":"closed","template":"","meta":{"footnotes":"","_links_to":"","_links_to_target":""},"class_list":["post-4193","page","type-page","status-publish","czr-hentry"],"yoast_head":"<!-- This site is optimized with the Yoast SEO plugin v27.5 - https:\/\/yoast.com\/product\/yoast-seo-wordpress\/ -->\n<title>S&#039;inscrire \u00e0 l&#039;ESU - InfoMedia-L&#039;informatique pour tous<\/title>\n<meta name=\"robots\" content=\"index, follow, max-snippet:-1, max-image-preview:large, max-video-preview:-1\" \/>\n<link rel=\"canonical\" href=\"https:\/\/www.infomedia42.com\/orion\/s-inscrire-a-l-esu\/\" \/>\n<meta property=\"og:locale\" content=\"fr_FR\" \/>\n<meta property=\"og:type\" content=\"article\" \/>\n<meta property=\"og:title\" content=\"S&#039;inscrire \u00e0 l&#039;ESU - InfoMedia-L&#039;informatique pour tous\" \/>\n<meta property=\"og:description\" content=\"ESU = Extended Security Update = Mises \u00e0 jour de s\u00e9curit\u00e9 \u00e9tendues (pour Windows 10) Le dispositif est expliqu\u00e9 par Microsoft \u00e0 la page : https:\/\/learn.microsoft.com\/fr-fr\/windows\/whats-new\/extended-security-updates En r\u00e9sum\u00e9 : en tant qu&rsquo;utilisateur individuel, Microsoft vous propose un an suppl\u00e9mentaire de mises \u00e0 jour gratuites pour Windows 10 (uniquement correctifs de s\u00e9curit\u00e9, ni nouvelles fonctionnalit\u00e9s ni [&hellip;]\" \/>\n<meta property=\"og:url\" content=\"https:\/\/www.infomedia42.com\/orion\/s-inscrire-a-l-esu\/\" \/>\n<meta property=\"og:site_name\" content=\"InfoMedia-L&#039;informatique pour tous\" \/>\n<meta property=\"article:modified_time\" content=\"2026-04-08T11:29:35+00:00\" \/>\n<meta property=\"og:image\" content=\"https:\/\/www.infomedia42.com\/orion\/wp-content\/uploads\/2025\/10\/hnicolas42-S-inscrire-maintenant.png\" \/>\n\t<meta property=\"og:image:width\" content=\"1496\" \/>\n\t<meta property=\"og:image:height\" content=\"510\" \/>\n\t<meta property=\"og:image:type\" content=\"image\/png\" \/>\n<meta name=\"twitter:card\" content=\"summary_large_image\" \/>\n<meta name=\"twitter:label1\" content=\"Dur\u00e9e de lecture estim\u00e9e\" \/>\n\t<meta name=\"twitter:data1\" content=\"7 minutes\" \/>\n<script type=\"application\/ld+json\" class=\"yoast-schema-graph\">{\"@context\":\"https:\\\/\\\/schema.org\",\"@graph\":[{\"@type\":\"WebPage\",\"@id\":\"https:\\\/\\\/www.infomedia42.com\\\/orion\\\/s-inscrire-a-l-esu\\\/\",\"url\":\"https:\\\/\\\/www.infomedia42.com\\\/orion\\\/s-inscrire-a-l-esu\\\/\",\"name\":\"S'inscrire \u00e0 l'ESU - InfoMedia-L&#039;informatique pour tous\",\"isPartOf\":{\"@id\":\"https:\\\/\\\/www.infomedia42.com\\\/orion\\\/#website\"},\"primaryImageOfPage\":{\"@id\":\"https:\\\/\\\/www.infomedia42.com\\\/orion\\\/s-inscrire-a-l-esu\\\/#primaryimage\"},\"image\":{\"@id\":\"https:\\\/\\\/www.infomedia42.com\\\/orion\\\/s-inscrire-a-l-esu\\\/#primaryimage\"},\"thumbnailUrl\":\"https:\\\/\\\/www.infomedia42.com\\\/orion\\\/wp-content\\\/uploads\\\/2025\\\/10\\\/hnicolas42-S-inscrire-maintenant-1024x349.png\",\"datePublished\":\"2025-10-27T14:44:33+00:00\",\"dateModified\":\"2026-04-08T11:29:35+00:00\",\"breadcrumb\":{\"@id\":\"https:\\\/\\\/www.infomedia42.com\\\/orion\\\/s-inscrire-a-l-esu\\\/#breadcrumb\"},\"inLanguage\":\"fr-FR\",\"potentialAction\":[{\"@type\":\"ReadAction\",\"target\":[\"https:\\\/\\\/www.infomedia42.com\\\/orion\\\/s-inscrire-a-l-esu\\\/\"]}]},{\"@type\":\"ImageObject\",\"inLanguage\":\"fr-FR\",\"@id\":\"https:\\\/\\\/www.infomedia42.com\\\/orion\\\/s-inscrire-a-l-esu\\\/#primaryimage\",\"url\":\"https:\\\/\\\/www.infomedia42.com\\\/orion\\\/wp-content\\\/uploads\\\/2025\\\/10\\\/hnicolas42-S-inscrire-maintenant.png\",\"contentUrl\":\"https:\\\/\\\/www.infomedia42.com\\\/orion\\\/wp-content\\\/uploads\\\/2025\\\/10\\\/hnicolas42-S-inscrire-maintenant.png\",\"width\":1496,\"height\":510},{\"@type\":\"BreadcrumbList\",\"@id\":\"https:\\\/\\\/www.infomedia42.com\\\/orion\\\/s-inscrire-a-l-esu\\\/#breadcrumb\",\"itemListElement\":[{\"@type\":\"ListItem\",\"position\":1,\"name\":\"Accueil\",\"item\":\"https:\\\/\\\/www.infomedia42.com\\\/orion\\\/\"},{\"@type\":\"ListItem\",\"position\":2,\"name\":\"S&rsquo;inscrire \u00e0 l&rsquo;ESU\"}]},{\"@type\":\"WebSite\",\"@id\":\"https:\\\/\\\/www.infomedia42.com\\\/orion\\\/#website\",\"url\":\"https:\\\/\\\/www.infomedia42.com\\\/orion\\\/\",\"name\":\"InfoMedia-L&#039;informatique pour tous\",\"description\":\"Site de l&#039;association InfoMedia\",\"publisher\":{\"@id\":\"https:\\\/\\\/www.infomedia42.com\\\/orion\\\/#organization\"},\"potentialAction\":[{\"@type\":\"SearchAction\",\"target\":{\"@type\":\"EntryPoint\",\"urlTemplate\":\"https:\\\/\\\/www.infomedia42.com\\\/orion\\\/?s={search_term_string}\"},\"query-input\":{\"@type\":\"PropertyValueSpecification\",\"valueRequired\":true,\"valueName\":\"search_term_string\"}}],\"inLanguage\":\"fr-FR\"},{\"@type\":\"Organization\",\"@id\":\"https:\\\/\\\/www.infomedia42.com\\\/orion\\\/#organization\",\"name\":\"InfoMedia-L&#039;informatique pour tous\",\"url\":\"https:\\\/\\\/www.infomedia42.com\\\/orion\\\/\",\"logo\":{\"@type\":\"ImageObject\",\"inLanguage\":\"fr-FR\",\"@id\":\"https:\\\/\\\/www.infomedia42.com\\\/orion\\\/#\\\/schema\\\/logo\\\/image\\\/\",\"url\":\"https:\\\/\\\/www.infomedia42.com\\\/orion\\\/wp-content\\\/uploads\\\/2024\\\/01\\\/cropped-Logodyn3secondes.gif\",\"contentUrl\":\"https:\\\/\\\/www.infomedia42.com\\\/orion\\\/wp-content\\\/uploads\\\/2024\\\/01\\\/cropped-Logodyn3secondes.gif\",\"width\":290,\"height\":290,\"caption\":\"InfoMedia-L&#039;informatique pour tous\"},\"image\":{\"@id\":\"https:\\\/\\\/www.infomedia42.com\\\/orion\\\/#\\\/schema\\\/logo\\\/image\\\/\"}}]}<\/script>\n<!-- \/ Yoast SEO plugin. -->","yoast_head_json":{"title":"S'inscrire \u00e0 l'ESU - InfoMedia-L&#039;informatique pour tous","robots":{"index":"index","follow":"follow","max-snippet":"max-snippet:-1","max-image-preview":"max-image-preview:large","max-video-preview":"max-video-preview:-1"},"canonical":"https:\/\/www.infomedia42.com\/orion\/s-inscrire-a-l-esu\/","og_locale":"fr_FR","og_type":"article","og_title":"S'inscrire \u00e0 l'ESU - InfoMedia-L&#039;informatique pour tous","og_description":"ESU = Extended Security Update = Mises \u00e0 jour de s\u00e9curit\u00e9 \u00e9tendues (pour Windows 10) Le dispositif est expliqu\u00e9 par Microsoft \u00e0 la page : https:\/\/learn.microsoft.com\/fr-fr\/windows\/whats-new\/extended-security-updates En r\u00e9sum\u00e9 : en tant qu&rsquo;utilisateur individuel, Microsoft vous propose un an suppl\u00e9mentaire de mises \u00e0 jour gratuites pour Windows 10 (uniquement correctifs de s\u00e9curit\u00e9, ni nouvelles fonctionnalit\u00e9s ni [&hellip;]","og_url":"https:\/\/www.infomedia42.com\/orion\/s-inscrire-a-l-esu\/","og_site_name":"InfoMedia-L&#039;informatique pour tous","article_modified_time":"2026-04-08T11:29:35+00:00","og_image":[{"width":1496,"height":510,"url":"https:\/\/www.infomedia42.com\/orion\/wp-content\/uploads\/2025\/10\/hnicolas42-S-inscrire-maintenant.png","type":"image\/png"}],"twitter_card":"summary_large_image","twitter_misc":{"Dur\u00e9e de lecture estim\u00e9e":"7 minutes"},"schema":{"@context":"https:\/\/schema.org","@graph":[{"@type":"WebPage","@id":"https:\/\/www.infomedia42.com\/orion\/s-inscrire-a-l-esu\/","url":"https:\/\/www.infomedia42.com\/orion\/s-inscrire-a-l-esu\/","name":"S'inscrire \u00e0 l'ESU - InfoMedia-L&#039;informatique pour tous","isPartOf":{"@id":"https:\/\/www.infomedia42.com\/orion\/#website"},"primaryImageOfPage":{"@id":"https:\/\/www.infomedia42.com\/orion\/s-inscrire-a-l-esu\/#primaryimage"},"image":{"@id":"https:\/\/www.infomedia42.com\/orion\/s-inscrire-a-l-esu\/#primaryimage"},"thumbnailUrl":"https:\/\/www.infomedia42.com\/orion\/wp-content\/uploads\/2025\/10\/hnicolas42-S-inscrire-maintenant-1024x349.png","datePublished":"2025-10-27T14:44:33+00:00","dateModified":"2026-04-08T11:29:35+00:00","breadcrumb":{"@id":"https:\/\/www.infomedia42.com\/orion\/s-inscrire-a-l-esu\/#breadcrumb"},"inLanguage":"fr-FR","potentialAction":[{"@type":"ReadAction","target":["https:\/\/www.infomedia42.com\/orion\/s-inscrire-a-l-esu\/"]}]},{"@type":"ImageObject","inLanguage":"fr-FR","@id":"https:\/\/www.infomedia42.com\/orion\/s-inscrire-a-l-esu\/#primaryimage","url":"https:\/\/www.infomedia42.com\/orion\/wp-content\/uploads\/2025\/10\/hnicolas42-S-inscrire-maintenant.png","contentUrl":"https:\/\/www.infomedia42.com\/orion\/wp-content\/uploads\/2025\/10\/hnicolas42-S-inscrire-maintenant.png","width":1496,"height":510},{"@type":"BreadcrumbList","@id":"https:\/\/www.infomedia42.com\/orion\/s-inscrire-a-l-esu\/#breadcrumb","itemListElement":[{"@type":"ListItem","position":1,"name":"Accueil","item":"https:\/\/www.infomedia42.com\/orion\/"},{"@type":"ListItem","position":2,"name":"S&rsquo;inscrire \u00e0 l&rsquo;ESU"}]},{"@type":"WebSite","@id":"https:\/\/www.infomedia42.com\/orion\/#website","url":"https:\/\/www.infomedia42.com\/orion\/","name":"InfoMedia-L&#039;informatique pour tous","description":"Site de l&#039;association InfoMedia","publisher":{"@id":"https:\/\/www.infomedia42.com\/orion\/#organization"},"potentialAction":[{"@type":"SearchAction","target":{"@type":"EntryPoint","urlTemplate":"https:\/\/www.infomedia42.com\/orion\/?s={search_term_string}"},"query-input":{"@type":"PropertyValueSpecification","valueRequired":true,"valueName":"search_term_string"}}],"inLanguage":"fr-FR"},{"@type":"Organization","@id":"https:\/\/www.infomedia42.com\/orion\/#organization","name":"InfoMedia-L&#039;informatique pour tous","url":"https:\/\/www.infomedia42.com\/orion\/","logo":{"@type":"ImageObject","inLanguage":"fr-FR","@id":"https:\/\/www.infomedia42.com\/orion\/#\/schema\/logo\/image\/","url":"https:\/\/www.infomedia42.com\/orion\/wp-content\/uploads\/2024\/01\/cropped-Logodyn3secondes.gif","contentUrl":"https:\/\/www.infomedia42.com\/orion\/wp-content\/uploads\/2024\/01\/cropped-Logodyn3secondes.gif","width":290,"height":290,"caption":"InfoMedia-L&#039;informatique pour tous"},"image":{"@id":"https:\/\/www.infomedia42.com\/orion\/#\/schema\/logo\/image\/"}}]}},"_links":{"self":[{"href":"https:\/\/www.infomedia42.com\/orion\/wp-json\/wp\/v2\/pages\/4193","targetHints":{"allow":["GET"]}}],"collection":[{"href":"https:\/\/www.infomedia42.com\/orion\/wp-json\/wp\/v2\/pages"}],"about":[{"href":"https:\/\/www.infomedia42.com\/orion\/wp-json\/wp\/v2\/types\/page"}],"author":[{"embeddable":true,"href":"https:\/\/www.infomedia42.com\/orion\/wp-json\/wp\/v2\/users\/1"}],"replies":[{"embeddable":true,"href":"https:\/\/www.infomedia42.com\/orion\/wp-json\/wp\/v2\/comments?post=4193"}],"version-history":[{"count":16,"href":"https:\/\/www.infomedia42.com\/orion\/wp-json\/wp\/v2\/pages\/4193\/revisions"}],"predecessor-version":[{"id":4778,"href":"https:\/\/www.infomedia42.com\/orion\/wp-json\/wp\/v2\/pages\/4193\/revisions\/4778"}],"wp:attachment":[{"href":"https:\/\/www.infomedia42.com\/orion\/wp-json\/wp\/v2\/media?parent=4193"}],"curies":[{"name":"wp","href":"https:\/\/api.w.org\/{rel}","templated":true}]}}