{"id":4237,"date":"2025-11-03T11:02:51","date_gmt":"2025-11-03T10:02:51","guid":{"rendered":"https:\/\/www.infomedia42.com\/orion\/?page_id=4237"},"modified":"2025-11-10T13:49:23","modified_gmt":"2025-11-10T12:49:23","slug":"dual-boot-en-salle-numerisation","status":"publish","type":"page","link":"https:\/\/www.infomedia42.com\/orion\/dual-boot-en-salle-numerisation\/","title":{"rendered":"Evolution en salle \u00ab\u00a0num\u00e9risation\u00a0\u00bb : le dual boot"},"content":{"rendered":"\n<p class=\"has-vivid-red-color has-text-color has-link-color wp-elements-33f77cd3069290bd4f921448b8007454\">Ce tuto s&rsquo;adresse aux personnes qui ont une activit\u00e9 dans la salle \u00ab\u00a0num\u00e9risation\u00a0\u00bb du local InfoMedia de Saint Rambert, actuellement en cours d&rsquo;\u00e9volution.<\/p>\n\n\n\n<p>Il sera <strong>mis \u00e0 jour fr\u00e9quemment<\/strong> au fur et \u00e0 mesure de l&rsquo;avancement des travaux et en fonction de vos remarques:<\/p>\n\n\n\n<ul class=\"wp-block-list\">\n<li>Evitez d&rsquo;imprimer !<\/li>\n\n\n\n<li>Pour y revenir, notez l&rsquo;adresse, mettez la dans vos favoris, <br>ou retrouvez la dans le menu Tous les tutos\/nos tutos :<br><strong>https:\/\/www.infomedia42.com\/orion\/dual-boot-en-salle-numerisation\/<\/strong><br><\/li>\n<\/ul>\n\n\n\n<p>Vous pouvez faire d\u00e9filer toute la page en utilisant \u00ab\u00a0l&rsquo;ascenseur\u00a0\u00bb ou la molette de la souris \u00e0 l&rsquo;ext\u00e9rieur des barres noires.<\/p>\n\n\n\n<p>Vous pouvez faire d\u00e9filer le texte du document avec la molette de la souris positionn\u00e9e au dessus du texte,.<\/p>\n\n\n\n<p><br>En haut \u00e0 droite de la barre noire \u00e0 droite, une ic\u00f4ne \u00ab\u00a0Fen\u00eatre externe\u00a0\u00bb <img loading=\"lazy\" decoding=\"async\" width=\"150\" height=\"121\" class=\"wp-image-4248\" style=\"width: 150px;\" src=\"https:\/\/www.infomedia42.com\/orion\/wp-content\/uploads\/2025\/11\/fenetre-externe.jpg\" alt=\"\">vous permet de visualiser le fichier (et uniquement le fichier) dans un nouvel onglet<\/p>\n\n\n\n<p>Bonne lecture !<\/p>\n\n\n\n<p>&lsquo;<\/p>\n\n\n<style>\n    .ppv_container.de_69f9d1e305eec {\n        width: 100%;\n        height: 1000px;\n        display: flex;\n        flex-direction: column;\n        position: relative;\n    }\n\n    @media (max-width: 991px) {\n        .ppv_container.de_69f9d1e305eec {\n            width: 100%;\n            height: 1000px;\n        }\n    }\n\n    @media (max-width: 767px) {\n        .ppv_container.de_69f9d1e305eec {\n            width: 100%;\n            height: 1000px;\n        }\n    }\n\n    .de_69f9d1e305eec.document-preview {\n        width: 100%;\n        flex: 1;\n        display: flex;\n        flex-direction: column;\n    }\n\n    .de_69f9d1e305eeciframe {\n        width: 100%;\n        height: 100%;\n        flex: 1;\n        border: none;\n    }\n\n    .ppv-loading {\n        width: inherit;\n        position: absolute;\n        top: 50%;\n        left: 0;\n        font-family: sans-serif;\n        color: #666;\n        z-index: 1;\n        display: flex;\n        justify-content: center;\n    }\n<\/style>\n<div class=\"ppv_container de_69f9d1e305eec\">\n\n    <div class=\"ppv-toolbar\" style=\"justify-content: end\"><div class=\"ppv-toolbar-right\"><a class=\"s_pdf_download_link\" style=\"display: flex;\"  href=\"https:\/\/www.infomedia42.com\/orion\/wp-content\/uploads\/2025\/11\/20251104-evolution-salle-numerisation-revision-B.pdf\" download><button style=\"background: transparent; padding: 4px 10px; border-radius: 4px; border: 1px solid #cececf; color: #cececf; cursor: pointer;\" class=\"ppv_download_bttn ppv-direct-download\" data-behavior=\"download\" data-doc-id=\"4232\">Download<\/button><\/a><\/div><\/div>    <div class=\"ppv-loading\">PDF Loading...<\/div>\n    <div class=\"document-preview\" style=\"height: inherit; width: inherit;\">\n        <iframe style=\"width: 100%; height: 100%;\" src=\"\/\/docs.google.com\/gview?embedded=true&#038;url=https:\/\/www.infomedia42.com\/orion\/wp-content\/uploads\/2025\/11\/20251104-evolution-salle-numerisation-revision-B.pdf\" frameborder=\"0\"><\/iframe>\n    <\/div>\n    <\/div>\n\n\n\n\n\n<table id=\"tablepress-15\" class=\"tablepress tablepress-id-15\">\n<thead>\n<tr class=\"row-1\">\n\t<th class=\"column-1\"><a href=\"http:\/\/www.infomedia42.com\/orion\/tutos_pour_infomedia\/\">Retour \u00e0 la liste des TUTOS POUR INFOMEDIA<\/a><br \/>\n<br \/>\n<a href=\"https:\/\/www.infomedia42.com\/orion\/dual-boot-en-salle-numerisation\/\">Utiliser le dual boot en salle numerisation<\/a><br \/>\n<br \/>\n<a href=\"http:\/\/www.infomedia42.com\/orion\/\">Retour \u00e0 l'accueil du site infomedia42.com<\/a><\/th>\n<\/tr>\n<\/thead>\n<tbody class=\"row-striping row-hover\">\n<\/tbody>\n<\/table>\n<!-- #tablepress-15 from cache -->\n","protected":false},"excerpt":{"rendered":"<p>Ce tuto s&rsquo;adresse aux personnes qui ont une activit\u00e9 dans la salle \u00ab\u00a0num\u00e9risation\u00a0\u00bb du local InfoMedia de Saint Rambert, actuellement en cours d&rsquo;\u00e9volution. Il sera mis \u00e0 jour fr\u00e9quemment au fur et \u00e0 mesure de l&rsquo;avancement des travaux et en fonction de vos remarques: Vous pouvez faire d\u00e9filer toute la page en utilisant \u00ab\u00a0l&rsquo;ascenseur\u00a0\u00bb ou [&hellip;]<\/p>\n","protected":false},"author":1,"featured_media":0,"parent":0,"menu_order":0,"comment_status":"closed","ping_status":"closed","template":"","meta":{"footnotes":"","_links_to":"","_links_to_target":""},"class_list":["post-4237","page","type-page","status-publish","czr-hentry"],"yoast_head":"<!-- This site is optimized with the Yoast SEO plugin v27.5 - https:\/\/yoast.com\/product\/yoast-seo-wordpress\/ -->\n<title>Evolution en salle &quot;num\u00e9risation&quot; : le dual boot - InfoMedia-L&#039;informatique pour tous<\/title>\n<meta name=\"robots\" content=\"index, follow, max-snippet:-1, max-image-preview:large, max-video-preview:-1\" \/>\n<link rel=\"canonical\" href=\"https:\/\/www.infomedia42.com\/orion\/dual-boot-en-salle-numerisation\/\" \/>\n<meta property=\"og:locale\" content=\"fr_FR\" \/>\n<meta property=\"og:type\" content=\"article\" \/>\n<meta property=\"og:title\" content=\"Evolution en salle &quot;num\u00e9risation&quot; : le dual boot - InfoMedia-L&#039;informatique pour tous\" \/>\n<meta property=\"og:description\" content=\"Ce tuto s&rsquo;adresse aux personnes qui ont une activit\u00e9 dans la salle \u00ab\u00a0num\u00e9risation\u00a0\u00bb du local InfoMedia de Saint Rambert, actuellement en cours d&rsquo;\u00e9volution. Il sera mis \u00e0 jour fr\u00e9quemment au fur et \u00e0 mesure de l&rsquo;avancement des travaux et en fonction de vos remarques: Vous pouvez faire d\u00e9filer toute la page en utilisant \u00ab\u00a0l&rsquo;ascenseur\u00a0\u00bb ou [&hellip;]\" \/>\n<meta property=\"og:url\" content=\"https:\/\/www.infomedia42.com\/orion\/dual-boot-en-salle-numerisation\/\" \/>\n<meta property=\"og:site_name\" content=\"InfoMedia-L&#039;informatique pour tous\" \/>\n<meta property=\"article:modified_time\" content=\"2025-11-10T12:49:23+00:00\" \/>\n<meta property=\"og:image\" content=\"https:\/\/www.infomedia42.com\/orion\/wp-content\/uploads\/2025\/11\/fenetre-externe.jpg\" \/>\n\t<meta property=\"og:image:width\" content=\"262\" \/>\n\t<meta property=\"og:image:height\" content=\"212\" \/>\n\t<meta property=\"og:image:type\" content=\"image\/jpeg\" \/>\n<meta name=\"twitter:card\" content=\"summary_large_image\" \/>\n<meta name=\"twitter:label1\" content=\"Dur\u00e9e de lecture estim\u00e9e\" \/>\n\t<meta name=\"twitter:data1\" content=\"1 minute\" \/>\n<script type=\"application\/ld+json\" class=\"yoast-schema-graph\">{\"@context\":\"https:\\\/\\\/schema.org\",\"@graph\":[{\"@type\":\"WebPage\",\"@id\":\"https:\\\/\\\/www.infomedia42.com\\\/orion\\\/dual-boot-en-salle-numerisation\\\/\",\"url\":\"https:\\\/\\\/www.infomedia42.com\\\/orion\\\/dual-boot-en-salle-numerisation\\\/\",\"name\":\"Evolution en salle \\\"num\u00e9risation\\\" : le dual boot - InfoMedia-L&#039;informatique pour tous\",\"isPartOf\":{\"@id\":\"https:\\\/\\\/www.infomedia42.com\\\/orion\\\/#website\"},\"primaryImageOfPage\":{\"@id\":\"https:\\\/\\\/www.infomedia42.com\\\/orion\\\/dual-boot-en-salle-numerisation\\\/#primaryimage\"},\"image\":{\"@id\":\"https:\\\/\\\/www.infomedia42.com\\\/orion\\\/dual-boot-en-salle-numerisation\\\/#primaryimage\"},\"thumbnailUrl\":\"https:\\\/\\\/www.infomedia42.com\\\/orion\\\/wp-content\\\/uploads\\\/2025\\\/11\\\/fenetre-externe.jpg\",\"datePublished\":\"2025-11-03T10:02:51+00:00\",\"dateModified\":\"2025-11-10T12:49:23+00:00\",\"breadcrumb\":{\"@id\":\"https:\\\/\\\/www.infomedia42.com\\\/orion\\\/dual-boot-en-salle-numerisation\\\/#breadcrumb\"},\"inLanguage\":\"fr-FR\",\"potentialAction\":[{\"@type\":\"ReadAction\",\"target\":[\"https:\\\/\\\/www.infomedia42.com\\\/orion\\\/dual-boot-en-salle-numerisation\\\/\"]}]},{\"@type\":\"ImageObject\",\"inLanguage\":\"fr-FR\",\"@id\":\"https:\\\/\\\/www.infomedia42.com\\\/orion\\\/dual-boot-en-salle-numerisation\\\/#primaryimage\",\"url\":\"https:\\\/\\\/www.infomedia42.com\\\/orion\\\/wp-content\\\/uploads\\\/2025\\\/11\\\/fenetre-externe.jpg\",\"contentUrl\":\"https:\\\/\\\/www.infomedia42.com\\\/orion\\\/wp-content\\\/uploads\\\/2025\\\/11\\\/fenetre-externe.jpg\",\"width\":262,\"height\":212},{\"@type\":\"BreadcrumbList\",\"@id\":\"https:\\\/\\\/www.infomedia42.com\\\/orion\\\/dual-boot-en-salle-numerisation\\\/#breadcrumb\",\"itemListElement\":[{\"@type\":\"ListItem\",\"position\":1,\"name\":\"Accueil\",\"item\":\"https:\\\/\\\/www.infomedia42.com\\\/orion\\\/\"},{\"@type\":\"ListItem\",\"position\":2,\"name\":\"Evolution en salle \u00ab\u00a0num\u00e9risation\u00a0\u00bb : le dual boot\"}]},{\"@type\":\"WebSite\",\"@id\":\"https:\\\/\\\/www.infomedia42.com\\\/orion\\\/#website\",\"url\":\"https:\\\/\\\/www.infomedia42.com\\\/orion\\\/\",\"name\":\"InfoMedia-L&#039;informatique pour tous\",\"description\":\"Site de l&#039;association InfoMedia\",\"publisher\":{\"@id\":\"https:\\\/\\\/www.infomedia42.com\\\/orion\\\/#organization\"},\"potentialAction\":[{\"@type\":\"SearchAction\",\"target\":{\"@type\":\"EntryPoint\",\"urlTemplate\":\"https:\\\/\\\/www.infomedia42.com\\\/orion\\\/?s={search_term_string}\"},\"query-input\":{\"@type\":\"PropertyValueSpecification\",\"valueRequired\":true,\"valueName\":\"search_term_string\"}}],\"inLanguage\":\"fr-FR\"},{\"@type\":\"Organization\",\"@id\":\"https:\\\/\\\/www.infomedia42.com\\\/orion\\\/#organization\",\"name\":\"InfoMedia-L&#039;informatique pour tous\",\"url\":\"https:\\\/\\\/www.infomedia42.com\\\/orion\\\/\",\"logo\":{\"@type\":\"ImageObject\",\"inLanguage\":\"fr-FR\",\"@id\":\"https:\\\/\\\/www.infomedia42.com\\\/orion\\\/#\\\/schema\\\/logo\\\/image\\\/\",\"url\":\"https:\\\/\\\/www.infomedia42.com\\\/orion\\\/wp-content\\\/uploads\\\/2024\\\/01\\\/cropped-Logodyn3secondes.gif\",\"contentUrl\":\"https:\\\/\\\/www.infomedia42.com\\\/orion\\\/wp-content\\\/uploads\\\/2024\\\/01\\\/cropped-Logodyn3secondes.gif\",\"width\":290,\"height\":290,\"caption\":\"InfoMedia-L&#039;informatique pour tous\"},\"image\":{\"@id\":\"https:\\\/\\\/www.infomedia42.com\\\/orion\\\/#\\\/schema\\\/logo\\\/image\\\/\"}}]}<\/script>\n<!-- \/ Yoast SEO plugin. -->","yoast_head_json":{"title":"Evolution en salle \"num\u00e9risation\" : le dual boot - InfoMedia-L&#039;informatique pour tous","robots":{"index":"index","follow":"follow","max-snippet":"max-snippet:-1","max-image-preview":"max-image-preview:large","max-video-preview":"max-video-preview:-1"},"canonical":"https:\/\/www.infomedia42.com\/orion\/dual-boot-en-salle-numerisation\/","og_locale":"fr_FR","og_type":"article","og_title":"Evolution en salle \"num\u00e9risation\" : le dual boot - InfoMedia-L&#039;informatique pour tous","og_description":"Ce tuto s&rsquo;adresse aux personnes qui ont une activit\u00e9 dans la salle \u00ab\u00a0num\u00e9risation\u00a0\u00bb du local InfoMedia de Saint Rambert, actuellement en cours d&rsquo;\u00e9volution. Il sera mis \u00e0 jour fr\u00e9quemment au fur et \u00e0 mesure de l&rsquo;avancement des travaux et en fonction de vos remarques: Vous pouvez faire d\u00e9filer toute la page en utilisant \u00ab\u00a0l&rsquo;ascenseur\u00a0\u00bb ou [&hellip;]","og_url":"https:\/\/www.infomedia42.com\/orion\/dual-boot-en-salle-numerisation\/","og_site_name":"InfoMedia-L&#039;informatique pour tous","article_modified_time":"2025-11-10T12:49:23+00:00","og_image":[{"width":262,"height":212,"url":"https:\/\/www.infomedia42.com\/orion\/wp-content\/uploads\/2025\/11\/fenetre-externe.jpg","type":"image\/jpeg"}],"twitter_card":"summary_large_image","twitter_misc":{"Dur\u00e9e de lecture estim\u00e9e":"1 minute"},"schema":{"@context":"https:\/\/schema.org","@graph":[{"@type":"WebPage","@id":"https:\/\/www.infomedia42.com\/orion\/dual-boot-en-salle-numerisation\/","url":"https:\/\/www.infomedia42.com\/orion\/dual-boot-en-salle-numerisation\/","name":"Evolution en salle \"num\u00e9risation\" : le dual boot - InfoMedia-L&#039;informatique pour tous","isPartOf":{"@id":"https:\/\/www.infomedia42.com\/orion\/#website"},"primaryImageOfPage":{"@id":"https:\/\/www.infomedia42.com\/orion\/dual-boot-en-salle-numerisation\/#primaryimage"},"image":{"@id":"https:\/\/www.infomedia42.com\/orion\/dual-boot-en-salle-numerisation\/#primaryimage"},"thumbnailUrl":"https:\/\/www.infomedia42.com\/orion\/wp-content\/uploads\/2025\/11\/fenetre-externe.jpg","datePublished":"2025-11-03T10:02:51+00:00","dateModified":"2025-11-10T12:49:23+00:00","breadcrumb":{"@id":"https:\/\/www.infomedia42.com\/orion\/dual-boot-en-salle-numerisation\/#breadcrumb"},"inLanguage":"fr-FR","potentialAction":[{"@type":"ReadAction","target":["https:\/\/www.infomedia42.com\/orion\/dual-boot-en-salle-numerisation\/"]}]},{"@type":"ImageObject","inLanguage":"fr-FR","@id":"https:\/\/www.infomedia42.com\/orion\/dual-boot-en-salle-numerisation\/#primaryimage","url":"https:\/\/www.infomedia42.com\/orion\/wp-content\/uploads\/2025\/11\/fenetre-externe.jpg","contentUrl":"https:\/\/www.infomedia42.com\/orion\/wp-content\/uploads\/2025\/11\/fenetre-externe.jpg","width":262,"height":212},{"@type":"BreadcrumbList","@id":"https:\/\/www.infomedia42.com\/orion\/dual-boot-en-salle-numerisation\/#breadcrumb","itemListElement":[{"@type":"ListItem","position":1,"name":"Accueil","item":"https:\/\/www.infomedia42.com\/orion\/"},{"@type":"ListItem","position":2,"name":"Evolution en salle \u00ab\u00a0num\u00e9risation\u00a0\u00bb : le dual boot"}]},{"@type":"WebSite","@id":"https:\/\/www.infomedia42.com\/orion\/#website","url":"https:\/\/www.infomedia42.com\/orion\/","name":"InfoMedia-L&#039;informatique pour tous","description":"Site de l&#039;association InfoMedia","publisher":{"@id":"https:\/\/www.infomedia42.com\/orion\/#organization"},"potentialAction":[{"@type":"SearchAction","target":{"@type":"EntryPoint","urlTemplate":"https:\/\/www.infomedia42.com\/orion\/?s={search_term_string}"},"query-input":{"@type":"PropertyValueSpecification","valueRequired":true,"valueName":"search_term_string"}}],"inLanguage":"fr-FR"},{"@type":"Organization","@id":"https:\/\/www.infomedia42.com\/orion\/#organization","name":"InfoMedia-L&#039;informatique pour tous","url":"https:\/\/www.infomedia42.com\/orion\/","logo":{"@type":"ImageObject","inLanguage":"fr-FR","@id":"https:\/\/www.infomedia42.com\/orion\/#\/schema\/logo\/image\/","url":"https:\/\/www.infomedia42.com\/orion\/wp-content\/uploads\/2024\/01\/cropped-Logodyn3secondes.gif","contentUrl":"https:\/\/www.infomedia42.com\/orion\/wp-content\/uploads\/2024\/01\/cropped-Logodyn3secondes.gif","width":290,"height":290,"caption":"InfoMedia-L&#039;informatique pour tous"},"image":{"@id":"https:\/\/www.infomedia42.com\/orion\/#\/schema\/logo\/image\/"}}]}},"_links":{"self":[{"href":"https:\/\/www.infomedia42.com\/orion\/wp-json\/wp\/v2\/pages\/4237","targetHints":{"allow":["GET"]}}],"collection":[{"href":"https:\/\/www.infomedia42.com\/orion\/wp-json\/wp\/v2\/pages"}],"about":[{"href":"https:\/\/www.infomedia42.com\/orion\/wp-json\/wp\/v2\/types\/page"}],"author":[{"embeddable":true,"href":"https:\/\/www.infomedia42.com\/orion\/wp-json\/wp\/v2\/users\/1"}],"replies":[{"embeddable":true,"href":"https:\/\/www.infomedia42.com\/orion\/wp-json\/wp\/v2\/comments?post=4237"}],"version-history":[{"count":14,"href":"https:\/\/www.infomedia42.com\/orion\/wp-json\/wp\/v2\/pages\/4237\/revisions"}],"predecessor-version":[{"id":4276,"href":"https:\/\/www.infomedia42.com\/orion\/wp-json\/wp\/v2\/pages\/4237\/revisions\/4276"}],"wp:attachment":[{"href":"https:\/\/www.infomedia42.com\/orion\/wp-json\/wp\/v2\/media?parent=4237"}],"curies":[{"name":"wp","href":"https:\/\/api.w.org\/{rel}","templated":true}]}}