{"id":4281,"date":"2025-11-13T10:33:44","date_gmt":"2025-11-13T09:33:44","guid":{"rendered":"https:\/\/www.infomedia42.com\/orion\/?page_id=4281"},"modified":"2025-11-13T10:34:58","modified_gmt":"2025-11-13T09:34:58","slug":"le_logiciel_libre","status":"publish","type":"page","link":"https:\/\/www.infomedia42.com\/orion\/le_logiciel_libre\/","title":{"rendered":"Le logiciel libre"},"content":{"rendered":"\n<h2 class=\"wp-block-heading\">Pour les curieux : le logiciel libre, c&rsquo;est quoi ?<\/h2>\n\n\n\n<p>Le mouvement \u00ab\u00a0Logiciel Libre\u00a0\u00bb a \u00e9t\u00e9 lanc\u00e9 d\u00e8s les ann\u00e9es 1980 pour contrer la mont\u00e9e des logiciels propri\u00e9taires qui emp\u00eachaient les utilisateurs de modifier, partager ou comprendre le code qu\u2019ils utilisaient.<br>Les libert\u00e9s revendiqu\u00e9es sont :<br><strong>Libert\u00e9 d\u2019utiliser<\/strong> le logiciel pour tout usage.<br><strong>Libert\u00e9 d\u2019\u00e9tudier<\/strong> le fonctionnement du logiciel.<br><strong>Libert\u00e9 de redistribuer<\/strong> des copies.<br><strong>Libert\u00e9 d\u2019am\u00e9liorer<\/strong> le logiciel et de partager les am\u00e9liorations.<br>Ces principes ont \u00e9t\u00e9 formalis\u00e9s dans la <strong>Free Software Definition<\/strong> et prot\u00e9g\u00e9s par des licences comme la <strong>GNU GPL<\/strong> (General Public License).<br>Le mouvement a donn\u00e9 naissance \u00e0 des piliers comme :<br><strong>GNU\/Linux<\/strong> : syst\u00e8me libre utilis\u00e9 partout, des serveurs aux smartphones.<br><strong>La Free Software Foundation (FSF)<\/strong> : fond\u00e9e en 1985 pour promouvoir le logiciel libre.<br><strong>Des milliers de projets libres<\/strong> qui ont fa\u00e7onn\u00e9 l\u2019internet moderne (Apache, Firefox, VLC, etc.).<\/p>\n\n\n\n<p><strong>Un logiciel libre peut donc \u00eatre revendu (donc, il n&rsquo;est pas forc\u00e9ment gratuit)<\/strong>, et une entreprise peut se faire payer pour fournir des prestations suppl\u00e9mentaires, dont les exemples les plus fr\u00e9quents sont :<br><strong>Support professionnel<\/strong> : SLA (Service Level Agreement, incluant par exemple des engagements de support et de d\u00e9lai de support), correctifs garantis, prolongation de la dur\u00e9e de fourniture des correctifs, hotline.<br>C<strong>onformit\u00e9<\/strong> normative (FIPS, HIPAA, ISO) : ceci concerne les obligations impos\u00e9es aux environnements gouvernementaux ou financiers .<br><strong>Fonctionnalit\u00e9s avanc\u00e9es<\/strong> : souvent r\u00e9serv\u00e9es aux versions payantes.<br><strong>Services cloud ou h\u00e9berg\u00e9s<\/strong> : m\u00eame si le code est libre, l\u2019infrastructure ne l\u2019est pas.<\/p>\n\n\n\n<p>En anglais, le mot free veut dire \u00ab\u00a0libre\u00a0\u00bb, mais aussi \u00ab\u00a0gratuit\u00a0\u00bb .<br>Attention : un logiciel gratuit <strong>free<\/strong>ware dont le code source n&rsquo;est pas publi\u00e9 n&rsquo;est pas un logiciel libre !<\/p>\n\n\n\n<p><\/p>\n","protected":false},"excerpt":{"rendered":"<p>Pour les curieux : le logiciel libre, c&rsquo;est quoi ? Le mouvement \u00ab\u00a0Logiciel Libre\u00a0\u00bb a \u00e9t\u00e9 lanc\u00e9 d\u00e8s les ann\u00e9es 1980 pour contrer la mont\u00e9e des logiciels propri\u00e9taires qui emp\u00eachaient les utilisateurs de modifier, partager ou comprendre le code qu\u2019ils utilisaient.Les libert\u00e9s revendiqu\u00e9es sont :Libert\u00e9 d\u2019utiliser le logiciel pour tout usage.Libert\u00e9 d\u2019\u00e9tudier le fonctionnement du [&hellip;]<\/p>\n","protected":false},"author":1,"featured_media":0,"parent":0,"menu_order":0,"comment_status":"closed","ping_status":"closed","template":"","meta":{"footnotes":"","_links_to":"","_links_to_target":""},"class_list":["post-4281","page","type-page","status-publish","czr-hentry"],"yoast_head":"<!-- This site is optimized with the Yoast SEO plugin v27.6 - https:\/\/yoast.com\/product\/yoast-seo-wordpress\/ -->\n<title>Le logiciel libre - InfoMedia-L&#039;informatique pour tous<\/title>\n<meta name=\"robots\" content=\"index, follow, max-snippet:-1, max-image-preview:large, max-video-preview:-1\" \/>\n<link rel=\"canonical\" href=\"https:\/\/www.infomedia42.com\/orion\/le_logiciel_libre\/\" \/>\n<meta property=\"og:locale\" content=\"fr_FR\" \/>\n<meta property=\"og:type\" content=\"article\" \/>\n<meta property=\"og:title\" content=\"Le logiciel libre - InfoMedia-L&#039;informatique pour tous\" \/>\n<meta property=\"og:description\" content=\"Pour les curieux : le logiciel libre, c&rsquo;est quoi ? Le mouvement \u00ab\u00a0Logiciel Libre\u00a0\u00bb a \u00e9t\u00e9 lanc\u00e9 d\u00e8s les ann\u00e9es 1980 pour contrer la mont\u00e9e des logiciels propri\u00e9taires qui emp\u00eachaient les utilisateurs de modifier, partager ou comprendre le code qu\u2019ils utilisaient.Les libert\u00e9s revendiqu\u00e9es sont :Libert\u00e9 d\u2019utiliser le logiciel pour tout usage.Libert\u00e9 d\u2019\u00e9tudier le fonctionnement du [&hellip;]\" \/>\n<meta property=\"og:url\" content=\"https:\/\/www.infomedia42.com\/orion\/le_logiciel_libre\/\" \/>\n<meta property=\"og:site_name\" content=\"InfoMedia-L&#039;informatique pour tous\" \/>\n<meta property=\"article:modified_time\" content=\"2025-11-13T09:34:58+00:00\" \/>\n<meta name=\"twitter:card\" content=\"summary_large_image\" \/>\n<meta name=\"twitter:label1\" content=\"Dur\u00e9e de lecture estim\u00e9e\" \/>\n\t<meta name=\"twitter:data1\" content=\"2 minutes\" \/>\n<script type=\"application\/ld+json\" class=\"yoast-schema-graph\">{\"@context\":\"https:\\\/\\\/schema.org\",\"@graph\":[{\"@type\":\"WebPage\",\"@id\":\"https:\\\/\\\/www.infomedia42.com\\\/orion\\\/le_logiciel_libre\\\/\",\"url\":\"https:\\\/\\\/www.infomedia42.com\\\/orion\\\/le_logiciel_libre\\\/\",\"name\":\"Le logiciel libre - InfoMedia-L&#039;informatique pour tous\",\"isPartOf\":{\"@id\":\"https:\\\/\\\/www.infomedia42.com\\\/orion\\\/#website\"},\"datePublished\":\"2025-11-13T09:33:44+00:00\",\"dateModified\":\"2025-11-13T09:34:58+00:00\",\"breadcrumb\":{\"@id\":\"https:\\\/\\\/www.infomedia42.com\\\/orion\\\/le_logiciel_libre\\\/#breadcrumb\"},\"inLanguage\":\"fr-FR\",\"potentialAction\":[{\"@type\":\"ReadAction\",\"target\":[\"https:\\\/\\\/www.infomedia42.com\\\/orion\\\/le_logiciel_libre\\\/\"]}]},{\"@type\":\"BreadcrumbList\",\"@id\":\"https:\\\/\\\/www.infomedia42.com\\\/orion\\\/le_logiciel_libre\\\/#breadcrumb\",\"itemListElement\":[{\"@type\":\"ListItem\",\"position\":1,\"name\":\"Accueil\",\"item\":\"https:\\\/\\\/www.infomedia42.com\\\/orion\\\/\"},{\"@type\":\"ListItem\",\"position\":2,\"name\":\"Le logiciel libre\"}]},{\"@type\":\"WebSite\",\"@id\":\"https:\\\/\\\/www.infomedia42.com\\\/orion\\\/#website\",\"url\":\"https:\\\/\\\/www.infomedia42.com\\\/orion\\\/\",\"name\":\"InfoMedia-L&#039;informatique pour tous\",\"description\":\"Site de l&#039;association InfoMedia\",\"publisher\":{\"@id\":\"https:\\\/\\\/www.infomedia42.com\\\/orion\\\/#organization\"},\"potentialAction\":[{\"@type\":\"SearchAction\",\"target\":{\"@type\":\"EntryPoint\",\"urlTemplate\":\"https:\\\/\\\/www.infomedia42.com\\\/orion\\\/?s={search_term_string}\"},\"query-input\":{\"@type\":\"PropertyValueSpecification\",\"valueRequired\":true,\"valueName\":\"search_term_string\"}}],\"inLanguage\":\"fr-FR\"},{\"@type\":\"Organization\",\"@id\":\"https:\\\/\\\/www.infomedia42.com\\\/orion\\\/#organization\",\"name\":\"InfoMedia-L&#039;informatique pour tous\",\"url\":\"https:\\\/\\\/www.infomedia42.com\\\/orion\\\/\",\"logo\":{\"@type\":\"ImageObject\",\"inLanguage\":\"fr-FR\",\"@id\":\"https:\\\/\\\/www.infomedia42.com\\\/orion\\\/#\\\/schema\\\/logo\\\/image\\\/\",\"url\":\"https:\\\/\\\/www.infomedia42.com\\\/orion\\\/wp-content\\\/uploads\\\/2024\\\/01\\\/cropped-Logodyn3secondes.gif\",\"contentUrl\":\"https:\\\/\\\/www.infomedia42.com\\\/orion\\\/wp-content\\\/uploads\\\/2024\\\/01\\\/cropped-Logodyn3secondes.gif\",\"width\":290,\"height\":290,\"caption\":\"InfoMedia-L&#039;informatique pour tous\"},\"image\":{\"@id\":\"https:\\\/\\\/www.infomedia42.com\\\/orion\\\/#\\\/schema\\\/logo\\\/image\\\/\"}}]}<\/script>\n<!-- \/ Yoast SEO plugin. -->","yoast_head_json":{"title":"Le logiciel libre - InfoMedia-L&#039;informatique pour tous","robots":{"index":"index","follow":"follow","max-snippet":"max-snippet:-1","max-image-preview":"max-image-preview:large","max-video-preview":"max-video-preview:-1"},"canonical":"https:\/\/www.infomedia42.com\/orion\/le_logiciel_libre\/","og_locale":"fr_FR","og_type":"article","og_title":"Le logiciel libre - InfoMedia-L&#039;informatique pour tous","og_description":"Pour les curieux : le logiciel libre, c&rsquo;est quoi ? Le mouvement \u00ab\u00a0Logiciel Libre\u00a0\u00bb a \u00e9t\u00e9 lanc\u00e9 d\u00e8s les ann\u00e9es 1980 pour contrer la mont\u00e9e des logiciels propri\u00e9taires qui emp\u00eachaient les utilisateurs de modifier, partager ou comprendre le code qu\u2019ils utilisaient.Les libert\u00e9s revendiqu\u00e9es sont :Libert\u00e9 d\u2019utiliser le logiciel pour tout usage.Libert\u00e9 d\u2019\u00e9tudier le fonctionnement du [&hellip;]","og_url":"https:\/\/www.infomedia42.com\/orion\/le_logiciel_libre\/","og_site_name":"InfoMedia-L&#039;informatique pour tous","article_modified_time":"2025-11-13T09:34:58+00:00","twitter_card":"summary_large_image","twitter_misc":{"Dur\u00e9e de lecture estim\u00e9e":"2 minutes"},"schema":{"@context":"https:\/\/schema.org","@graph":[{"@type":"WebPage","@id":"https:\/\/www.infomedia42.com\/orion\/le_logiciel_libre\/","url":"https:\/\/www.infomedia42.com\/orion\/le_logiciel_libre\/","name":"Le logiciel libre - InfoMedia-L&#039;informatique pour tous","isPartOf":{"@id":"https:\/\/www.infomedia42.com\/orion\/#website"},"datePublished":"2025-11-13T09:33:44+00:00","dateModified":"2025-11-13T09:34:58+00:00","breadcrumb":{"@id":"https:\/\/www.infomedia42.com\/orion\/le_logiciel_libre\/#breadcrumb"},"inLanguage":"fr-FR","potentialAction":[{"@type":"ReadAction","target":["https:\/\/www.infomedia42.com\/orion\/le_logiciel_libre\/"]}]},{"@type":"BreadcrumbList","@id":"https:\/\/www.infomedia42.com\/orion\/le_logiciel_libre\/#breadcrumb","itemListElement":[{"@type":"ListItem","position":1,"name":"Accueil","item":"https:\/\/www.infomedia42.com\/orion\/"},{"@type":"ListItem","position":2,"name":"Le logiciel libre"}]},{"@type":"WebSite","@id":"https:\/\/www.infomedia42.com\/orion\/#website","url":"https:\/\/www.infomedia42.com\/orion\/","name":"InfoMedia-L&#039;informatique pour tous","description":"Site de l&#039;association InfoMedia","publisher":{"@id":"https:\/\/www.infomedia42.com\/orion\/#organization"},"potentialAction":[{"@type":"SearchAction","target":{"@type":"EntryPoint","urlTemplate":"https:\/\/www.infomedia42.com\/orion\/?s={search_term_string}"},"query-input":{"@type":"PropertyValueSpecification","valueRequired":true,"valueName":"search_term_string"}}],"inLanguage":"fr-FR"},{"@type":"Organization","@id":"https:\/\/www.infomedia42.com\/orion\/#organization","name":"InfoMedia-L&#039;informatique pour tous","url":"https:\/\/www.infomedia42.com\/orion\/","logo":{"@type":"ImageObject","inLanguage":"fr-FR","@id":"https:\/\/www.infomedia42.com\/orion\/#\/schema\/logo\/image\/","url":"https:\/\/www.infomedia42.com\/orion\/wp-content\/uploads\/2024\/01\/cropped-Logodyn3secondes.gif","contentUrl":"https:\/\/www.infomedia42.com\/orion\/wp-content\/uploads\/2024\/01\/cropped-Logodyn3secondes.gif","width":290,"height":290,"caption":"InfoMedia-L&#039;informatique pour tous"},"image":{"@id":"https:\/\/www.infomedia42.com\/orion\/#\/schema\/logo\/image\/"}}]}},"_links":{"self":[{"href":"https:\/\/www.infomedia42.com\/orion\/wp-json\/wp\/v2\/pages\/4281","targetHints":{"allow":["GET"]}}],"collection":[{"href":"https:\/\/www.infomedia42.com\/orion\/wp-json\/wp\/v2\/pages"}],"about":[{"href":"https:\/\/www.infomedia42.com\/orion\/wp-json\/wp\/v2\/types\/page"}],"author":[{"embeddable":true,"href":"https:\/\/www.infomedia42.com\/orion\/wp-json\/wp\/v2\/users\/1"}],"replies":[{"embeddable":true,"href":"https:\/\/www.infomedia42.com\/orion\/wp-json\/wp\/v2\/comments?post=4281"}],"version-history":[{"count":2,"href":"https:\/\/www.infomedia42.com\/orion\/wp-json\/wp\/v2\/pages\/4281\/revisions"}],"predecessor-version":[{"id":4284,"href":"https:\/\/www.infomedia42.com\/orion\/wp-json\/wp\/v2\/pages\/4281\/revisions\/4284"}],"wp:attachment":[{"href":"https:\/\/www.infomedia42.com\/orion\/wp-json\/wp\/v2\/media?parent=4281"}],"curies":[{"name":"wp","href":"https:\/\/api.w.org\/{rel}","templated":true}]}}