{"id":4287,"date":"2025-11-13T10:54:41","date_gmt":"2025-11-13T09:54:41","guid":{"rendered":"https:\/\/www.infomedia42.com\/orion\/?page_id=4287"},"modified":"2025-11-13T11:33:55","modified_gmt":"2025-11-13T10:33:55","slug":"mises_a_jour_linux","status":"publish","type":"page","link":"https:\/\/www.infomedia42.com\/orion\/mises_a_jour_linux\/","title":{"rendered":"Les mises \u00e0 jour Linux"},"content":{"rendered":"\n<p>Tout comme Windows a eu des num\u00e9ros de version (7,8,Windows 10 22H2, Windows 11 24H2, Windows 11 25H2), les solutions Linux ont elles aussi des num\u00e9ros de versions majeures qui vous renseignent sur le cycle de publication.<br><br>L&rsquo;installation d&rsquo;une version majeure apporte des changements significatifs et peut introduire des probl\u00e8mes de compatibilit\u00e9, elle peut \u00ab\u00a0casser du code\u00a0\u00bb et demander une mise \u00e0 jour des applications, c&rsquo;est donc une transition pouvant demander de l&rsquo;attention.<br>Pour une version donn\u00e9e, la dur\u00e9e garantie de livraison des mises \u00e0 jour d\u00e9pend selon qu&rsquo;il s&rsquo;agit s&rsquo;une version \u00ab\u00a0Standard\u00a0\u00bb ou d&rsquo;une version LTS (support \u00e0 long terme) et est g\u00e9n\u00e9ralement d\u00e9pendante de celle de la version de son syst\u00e8me d&rsquo;exploitation Linux de Base (UBUNTU ou DEBIAN pour les 4 distributions que nous avons retenu).<\/p>\n\n\n\n<p>Nous recommandons de n&rsquo;installer que des versions majeures dites LTS (Support long terme), dont on nous dit de plus que le passage \u00e0 la version majeure suivante est maintenant bien automatis\u00e9 et ne n\u00e9cessite pas d&rsquo;intervention en ligne de commande.<\/p>\n\n\n\n<p><br>Pour l&rsquo;exemple, int\u00e9ressons nous aux versions LTS de UBUNTU<br>UBUNTU 22.04 LTS et 24.04 LTS sont 2 \u00e9volutions majeures, la premi\u00e8re est parue en avril 2022 et le seconde en avril 2024.<br>Il y a une version LTS majeure d&rsquo;UBUNTU tous les 2 ans (les prochaines seront donc 26.04 et 28.04), et chaque version LTS majeure est support\u00e9e pendant 5 ans : en Avril 2029, la version actuelle LTS 24.04 ne sera plus support\u00e9e et il faudra installer une nouvelle version (probablement, la version 28.04). La dur\u00e9e peut \u00eatre port\u00e9e \u00e0 10 ans si on s&rsquo;inscrit \u00e0 la version 24.04 LTS PRO (gratuite pour les particuliers, payante pour les entreprises et les organisations).<\/p>\n\n\n\n<p>&#8211; Linux Mint 22 LTS  est support\u00e9e jusqu&rsquo;en avril 2029.<\/p>\n\n\n\n<p><br>&#8211; MX Linux 23.x est pr\u00e9vue pour avoir un support de s\u00e9curit\u00e9 jusqu&rsquo;en juin 2028.<\/p>\n\n\n\n<p><br>&#8211; Zorin OS 17 sera support\u00e9 jusqu&rsquo;en avril 2027. La version 18 en cours de publication sera support\u00e9e jusqu&rsquo;en avril 2029<\/p>\n","protected":false},"excerpt":{"rendered":"<p>Tout comme Windows a eu des num\u00e9ros de version (7,8,Windows 10 22H2, Windows 11 24H2, Windows 11 25H2), les solutions Linux ont elles aussi des num\u00e9ros de versions majeures qui vous renseignent sur le cycle de publication. L&rsquo;installation d&rsquo;une version majeure apporte des changements significatifs et peut introduire des probl\u00e8mes de compatibilit\u00e9, elle peut \u00ab\u00a0casser [&hellip;]<\/p>\n","protected":false},"author":1,"featured_media":0,"parent":0,"menu_order":0,"comment_status":"closed","ping_status":"closed","template":"","meta":{"footnotes":"","_links_to":"","_links_to_target":""},"class_list":["post-4287","page","type-page","status-publish","czr-hentry"],"yoast_head":"<!-- This site is optimized with the Yoast SEO plugin v27.6 - https:\/\/yoast.com\/product\/yoast-seo-wordpress\/ -->\n<title>Les mises \u00e0 jour Linux - InfoMedia-L&#039;informatique pour tous<\/title>\n<meta name=\"robots\" content=\"index, follow, max-snippet:-1, max-image-preview:large, max-video-preview:-1\" \/>\n<link rel=\"canonical\" href=\"https:\/\/www.infomedia42.com\/orion\/mises_a_jour_linux\/\" \/>\n<meta property=\"og:locale\" content=\"fr_FR\" \/>\n<meta property=\"og:type\" content=\"article\" \/>\n<meta property=\"og:title\" content=\"Les mises \u00e0 jour Linux - InfoMedia-L&#039;informatique pour tous\" \/>\n<meta property=\"og:description\" content=\"Tout comme Windows a eu des num\u00e9ros de version (7,8,Windows 10 22H2, Windows 11 24H2, Windows 11 25H2), les solutions Linux ont elles aussi des num\u00e9ros de versions majeures qui vous renseignent sur le cycle de publication. L&rsquo;installation d&rsquo;une version majeure apporte des changements significatifs et peut introduire des probl\u00e8mes de compatibilit\u00e9, elle peut \u00ab\u00a0casser [&hellip;]\" \/>\n<meta property=\"og:url\" content=\"https:\/\/www.infomedia42.com\/orion\/mises_a_jour_linux\/\" \/>\n<meta property=\"og:site_name\" content=\"InfoMedia-L&#039;informatique pour tous\" \/>\n<meta property=\"article:modified_time\" content=\"2025-11-13T10:33:55+00:00\" \/>\n<meta name=\"twitter:card\" content=\"summary_large_image\" \/>\n<meta name=\"twitter:label1\" content=\"Dur\u00e9e de lecture estim\u00e9e\" \/>\n\t<meta name=\"twitter:data1\" content=\"2 minutes\" \/>\n<script type=\"application\/ld+json\" class=\"yoast-schema-graph\">{\"@context\":\"https:\\\/\\\/schema.org\",\"@graph\":[{\"@type\":\"WebPage\",\"@id\":\"https:\\\/\\\/www.infomedia42.com\\\/orion\\\/mises_a_jour_linux\\\/\",\"url\":\"https:\\\/\\\/www.infomedia42.com\\\/orion\\\/mises_a_jour_linux\\\/\",\"name\":\"Les mises \u00e0 jour Linux - InfoMedia-L&#039;informatique pour tous\",\"isPartOf\":{\"@id\":\"https:\\\/\\\/www.infomedia42.com\\\/orion\\\/#website\"},\"datePublished\":\"2025-11-13T09:54:41+00:00\",\"dateModified\":\"2025-11-13T10:33:55+00:00\",\"breadcrumb\":{\"@id\":\"https:\\\/\\\/www.infomedia42.com\\\/orion\\\/mises_a_jour_linux\\\/#breadcrumb\"},\"inLanguage\":\"fr-FR\",\"potentialAction\":[{\"@type\":\"ReadAction\",\"target\":[\"https:\\\/\\\/www.infomedia42.com\\\/orion\\\/mises_a_jour_linux\\\/\"]}]},{\"@type\":\"BreadcrumbList\",\"@id\":\"https:\\\/\\\/www.infomedia42.com\\\/orion\\\/mises_a_jour_linux\\\/#breadcrumb\",\"itemListElement\":[{\"@type\":\"ListItem\",\"position\":1,\"name\":\"Accueil\",\"item\":\"https:\\\/\\\/www.infomedia42.com\\\/orion\\\/\"},{\"@type\":\"ListItem\",\"position\":2,\"name\":\"Les mises \u00e0 jour Linux\"}]},{\"@type\":\"WebSite\",\"@id\":\"https:\\\/\\\/www.infomedia42.com\\\/orion\\\/#website\",\"url\":\"https:\\\/\\\/www.infomedia42.com\\\/orion\\\/\",\"name\":\"InfoMedia-L&#039;informatique pour tous\",\"description\":\"Site de l&#039;association InfoMedia\",\"publisher\":{\"@id\":\"https:\\\/\\\/www.infomedia42.com\\\/orion\\\/#organization\"},\"potentialAction\":[{\"@type\":\"SearchAction\",\"target\":{\"@type\":\"EntryPoint\",\"urlTemplate\":\"https:\\\/\\\/www.infomedia42.com\\\/orion\\\/?s={search_term_string}\"},\"query-input\":{\"@type\":\"PropertyValueSpecification\",\"valueRequired\":true,\"valueName\":\"search_term_string\"}}],\"inLanguage\":\"fr-FR\"},{\"@type\":\"Organization\",\"@id\":\"https:\\\/\\\/www.infomedia42.com\\\/orion\\\/#organization\",\"name\":\"InfoMedia-L&#039;informatique pour tous\",\"url\":\"https:\\\/\\\/www.infomedia42.com\\\/orion\\\/\",\"logo\":{\"@type\":\"ImageObject\",\"inLanguage\":\"fr-FR\",\"@id\":\"https:\\\/\\\/www.infomedia42.com\\\/orion\\\/#\\\/schema\\\/logo\\\/image\\\/\",\"url\":\"https:\\\/\\\/www.infomedia42.com\\\/orion\\\/wp-content\\\/uploads\\\/2024\\\/01\\\/cropped-Logodyn3secondes.gif\",\"contentUrl\":\"https:\\\/\\\/www.infomedia42.com\\\/orion\\\/wp-content\\\/uploads\\\/2024\\\/01\\\/cropped-Logodyn3secondes.gif\",\"width\":290,\"height\":290,\"caption\":\"InfoMedia-L&#039;informatique pour tous\"},\"image\":{\"@id\":\"https:\\\/\\\/www.infomedia42.com\\\/orion\\\/#\\\/schema\\\/logo\\\/image\\\/\"}}]}<\/script>\n<!-- \/ Yoast SEO plugin. -->","yoast_head_json":{"title":"Les mises \u00e0 jour Linux - InfoMedia-L&#039;informatique pour tous","robots":{"index":"index","follow":"follow","max-snippet":"max-snippet:-1","max-image-preview":"max-image-preview:large","max-video-preview":"max-video-preview:-1"},"canonical":"https:\/\/www.infomedia42.com\/orion\/mises_a_jour_linux\/","og_locale":"fr_FR","og_type":"article","og_title":"Les mises \u00e0 jour Linux - InfoMedia-L&#039;informatique pour tous","og_description":"Tout comme Windows a eu des num\u00e9ros de version (7,8,Windows 10 22H2, Windows 11 24H2, Windows 11 25H2), les solutions Linux ont elles aussi des num\u00e9ros de versions majeures qui vous renseignent sur le cycle de publication. L&rsquo;installation d&rsquo;une version majeure apporte des changements significatifs et peut introduire des probl\u00e8mes de compatibilit\u00e9, elle peut \u00ab\u00a0casser [&hellip;]","og_url":"https:\/\/www.infomedia42.com\/orion\/mises_a_jour_linux\/","og_site_name":"InfoMedia-L&#039;informatique pour tous","article_modified_time":"2025-11-13T10:33:55+00:00","twitter_card":"summary_large_image","twitter_misc":{"Dur\u00e9e de lecture estim\u00e9e":"2 minutes"},"schema":{"@context":"https:\/\/schema.org","@graph":[{"@type":"WebPage","@id":"https:\/\/www.infomedia42.com\/orion\/mises_a_jour_linux\/","url":"https:\/\/www.infomedia42.com\/orion\/mises_a_jour_linux\/","name":"Les mises \u00e0 jour Linux - InfoMedia-L&#039;informatique pour tous","isPartOf":{"@id":"https:\/\/www.infomedia42.com\/orion\/#website"},"datePublished":"2025-11-13T09:54:41+00:00","dateModified":"2025-11-13T10:33:55+00:00","breadcrumb":{"@id":"https:\/\/www.infomedia42.com\/orion\/mises_a_jour_linux\/#breadcrumb"},"inLanguage":"fr-FR","potentialAction":[{"@type":"ReadAction","target":["https:\/\/www.infomedia42.com\/orion\/mises_a_jour_linux\/"]}]},{"@type":"BreadcrumbList","@id":"https:\/\/www.infomedia42.com\/orion\/mises_a_jour_linux\/#breadcrumb","itemListElement":[{"@type":"ListItem","position":1,"name":"Accueil","item":"https:\/\/www.infomedia42.com\/orion\/"},{"@type":"ListItem","position":2,"name":"Les mises \u00e0 jour Linux"}]},{"@type":"WebSite","@id":"https:\/\/www.infomedia42.com\/orion\/#website","url":"https:\/\/www.infomedia42.com\/orion\/","name":"InfoMedia-L&#039;informatique pour tous","description":"Site de l&#039;association InfoMedia","publisher":{"@id":"https:\/\/www.infomedia42.com\/orion\/#organization"},"potentialAction":[{"@type":"SearchAction","target":{"@type":"EntryPoint","urlTemplate":"https:\/\/www.infomedia42.com\/orion\/?s={search_term_string}"},"query-input":{"@type":"PropertyValueSpecification","valueRequired":true,"valueName":"search_term_string"}}],"inLanguage":"fr-FR"},{"@type":"Organization","@id":"https:\/\/www.infomedia42.com\/orion\/#organization","name":"InfoMedia-L&#039;informatique pour tous","url":"https:\/\/www.infomedia42.com\/orion\/","logo":{"@type":"ImageObject","inLanguage":"fr-FR","@id":"https:\/\/www.infomedia42.com\/orion\/#\/schema\/logo\/image\/","url":"https:\/\/www.infomedia42.com\/orion\/wp-content\/uploads\/2024\/01\/cropped-Logodyn3secondes.gif","contentUrl":"https:\/\/www.infomedia42.com\/orion\/wp-content\/uploads\/2024\/01\/cropped-Logodyn3secondes.gif","width":290,"height":290,"caption":"InfoMedia-L&#039;informatique pour tous"},"image":{"@id":"https:\/\/www.infomedia42.com\/orion\/#\/schema\/logo\/image\/"}}]}},"_links":{"self":[{"href":"https:\/\/www.infomedia42.com\/orion\/wp-json\/wp\/v2\/pages\/4287","targetHints":{"allow":["GET"]}}],"collection":[{"href":"https:\/\/www.infomedia42.com\/orion\/wp-json\/wp\/v2\/pages"}],"about":[{"href":"https:\/\/www.infomedia42.com\/orion\/wp-json\/wp\/v2\/types\/page"}],"author":[{"embeddable":true,"href":"https:\/\/www.infomedia42.com\/orion\/wp-json\/wp\/v2\/users\/1"}],"replies":[{"embeddable":true,"href":"https:\/\/www.infomedia42.com\/orion\/wp-json\/wp\/v2\/comments?post=4287"}],"version-history":[{"count":2,"href":"https:\/\/www.infomedia42.com\/orion\/wp-json\/wp\/v2\/pages\/4287\/revisions"}],"predecessor-version":[{"id":4289,"href":"https:\/\/www.infomedia42.com\/orion\/wp-json\/wp\/v2\/pages\/4287\/revisions\/4289"}],"wp:attachment":[{"href":"https:\/\/www.infomedia42.com\/orion\/wp-json\/wp\/v2\/media?parent=4287"}],"curies":[{"name":"wp","href":"https:\/\/api.w.org\/{rel}","templated":true}]}}