{"id":4774,"date":"2026-04-08T13:21:21","date_gmt":"2026-04-08T11:21:21","guid":{"rendered":"https:\/\/www.infomedia42.com\/orion\/?page_id=4774"},"modified":"2026-04-08T13:26:04","modified_gmt":"2026-04-08T11:26:04","slug":"installer-compte-microsoft-avec-windows-10","status":"publish","type":"page","link":"https:\/\/www.infomedia42.com\/orion\/installer-compte-microsoft-avec-windows-10\/","title":{"rendered":"Installer un compte Microsoft sur un PC Windows 10"},"content":{"rendered":"\n<p>Sur un PC sous Windows 10, si vous souhaitez l&rsquo;inscrire \u00e0 l&rsquo;ESU (Extended Security Update = Mises \u00e0 jour de s\u00e9curit\u00e9 \u00e9tendues) pour b\u00e9n\u00e9ficier des correctifs de s\u00e9curit\u00e9 Windows 10 jusqu&rsquo;au 13 octobre 2026, il faut lier un de vos \u00ab\u00a0comptes utilisateur administrateur Windows\u00a0\u00bb \u00e0 un \u00ab\u00a0compte Microsoft\u00a0\u00bb.<\/p>\n\n\n\n<p>Que ce soit pour cette raison ou pour une autre, nous vous proposons ici 2 m\u00e9thodes pour y arriver sans encombre, et sans aggraver votre crainte possible pour la s\u00e9curit\u00e9 de vos donn\u00e9es personnelles puisque <strong>nous n&rsquo;activerons pas les fonctionnalit\u00e9s li\u00e9es au stockage en ligne<\/strong>.<\/p>\n\n\n\n<h2 class=\"wp-block-heading has-luminous-vivid-amber-background-color has-background\">Un peu de vocabulaire <\/h2>\n\n\n\n<p>En r\u00e8gle g\u00e9n\u00e9rale, un PC a \u00e9t\u00e9 configur\u00e9 pour pouvoir \u00eatre utilis\u00e9 par plusieurs \u00ab\u00a0utilisateurs Windows\u00a0\u00bb. On dit que chacun a son \u00ab\u00a0compte utilisateur Windows\u00a0\u00bb.<br><em>Cas particulier : dans certains cas, \u00e0 la maison, il n&rsquo;y a qu&rsquo;un seul compte utilisateur Windows et parfois m\u00eame on a configur\u00e9 le PC pour qu&rsquo;il ne d\u00e9marre directement sans m\u00eame demander un mot de passe<\/em> <em>: c&rsquo;est plus rapide, mais n&rsquo;importe qui peut regarder dans vos fichiers ou vos courriels.<\/em><\/p>\n\n\n\n<p>Lorsqu&rsquo;il d\u00e9bute son travail sur un PC, un utilisateur Windows ouvre une \u00ab\u00a0session\u00a0\u00bb Windows personnelle en saisissant son identifiant (son nom d&rsquo;utilisateur Windows) et son mot de passe. Dans sa session, il retrouve son bureau, ses dossiers personnels (Bureau, Documents, Images, Vid\u00e9os, etc) et ses r\u00e9glages personnels (fond d &lsquo;\u00e9cran, taille du pointeur de la souris, etc).<\/p>\n\n\n\n<p>A l&rsquo;\u00e9tape 2, nous verrons qu&rsquo;un Compte Microsoft peut \u00eatre utilis\u00e9 en ligne seulement depuis n&rsquo;importe quel terminal sur internet.<br>Pourtant, sa vocation principale est de faciliter la mobilit\u00e9 des personnes qui ont plusieurs appareils (PC et t\u00e9l\u00e9phones): il ne devient vraiment int\u00e9ressant que si on le lie \u00e0 ces appareils et on utilise le OneDrive, le stockage cloud de Microsoft.<br><\/p>\n\n\n\n<p>Microsoft a cr\u00e9\u00e9 une utilit\u00e9 \u00ab\u00a0secondaire\u00a0\u00bb au \u00ab\u00a0compte Microsoft\u00a0\u00bb en le rendant obligatoire pour profiter des mises \u00e0 jour \u00e9tendues jusqu&rsquo;au 13 Octobre 2026 pour Windows 10.<\/p>\n\n\n\n<p>Dans l&rsquo;\u00e9tape 3, nous n&rsquo;allons volontairement pas traiter le probl\u00e8me de la mobilit\u00e9 (OneDrive) , nous allons juste faire le n\u00e9cessaire pour b\u00e9n\u00e9ficier des mises \u00e0 jour \u00e9tendues de Windows 10 : Cr\u00e9er un couple \u00ab\u00a0Compte Utilisateur Windows \/ Compte Microsoft\u00a0\u00bb<\/p>\n\n\n\n<p>Par abus de langage, vous direz peut \u00eatre que \u00ab\u00a0vous avez un compte Microsoft\u00a0\u00bb.<\/p>\n\n\n\n<p>&lsquo;<\/p>\n\n\n\n<h2 class=\"wp-block-heading has-luminous-vivid-amber-background-color has-background\">Etape 1 : v\u00e9rifier quand m\u00eame si votre compte utilisateur Windows n&rsquo;est pas d\u00e9j\u00e0 li\u00e9 \u00e0 un compte Microsoft.<\/h2>\n\n\n\n<p>Dans la vid\u00e9o ci-dessous, on vous montre comment v\u00e9rifier si l&rsquo; utilisateur windows que vous utilisez pour ouvrir une session n&rsquo;est pas d\u00e9j\u00e0 li\u00e9 \u00e0 un compte Microsoft.<br>En fin de vid\u00e9o, on vous montre que, compte Microsoft ou pas, tous les utilisateurs disposent d&rsquo;un dossier d\u00e9di\u00e9 dans le disque syst\u00e8me et m\u00eame qu&rsquo;il peuvent cr\u00e9er des dossiers en dehors de ce dossier personnel s&rsquo;ils le souhaitent.<\/p>\n\n\n\n<figure class=\"wp-block-embed is-type-video is-provider-youtube wp-block-embed-youtube wp-embed-aspect-16-9 wp-has-aspect-ratio\"><div class=\"wp-block-embed__wrapper\">\n<iframe loading=\"lazy\" title=\"compte microsoft ou compte local ?\" width=\"1140\" height=\"641\" src=\"https:\/\/www.youtube.com\/embed\/cxtyM9yjXhs?feature=oembed\" frameborder=\"0\" allow=\"accelerometer; autoplay; clipboard-write; encrypted-media; gyroscope; picture-in-picture; web-share\" referrerpolicy=\"strict-origin-when-cross-origin\" allowfullscreen><\/iframe>\n<\/div><\/figure>\n\n\n\n<p>&lsquo;<\/p>\n\n\n\n<h2 class=\"wp-block-heading has-luminous-vivid-amber-background-color has-background\">Etape 2 : \u00ab\u00a0ouvrir\u00a0\u00bb un compte Microsoft <br>(sans rien installer sur votre PC)<\/h2>\n\n\n\n<p>C&rsquo;est le pr\u00e9alable obligatoire, mais apr\u00e8s cette \u00e9tape, rien n&rsquo;aura \u00e9t\u00e9 modifi\u00e9 sur votre PC.<\/p>\n\n\n\n<ul class=\"wp-block-list\">\n<li>Vous disposerez d&rsquo;une adresse mail \u00ab\u00a0Microsoft\u00a0\u00bb (@outlook.??? , @live.??? , @hotmail.???) parfaitement op\u00e9rationnelle <strong>en ligne <\/strong>via le service Outlook.<\/li>\n\n\n\n<li>Depuis le navigateur de n&rsquo;importe quel terminal connect\u00e9 \u00e0 Internet, vous pourrez utiliser gratuitement les principales applications Microsoft (Word, Excel, Powerpoint.), mais rien ne sera install\u00e9 sur votre PC.<\/li>\n<\/ul>\n\n\n\n<p>&lsquo;<\/p>\n\n\n\n<figure class=\"wp-block-embed is-type-video is-provider-youtube wp-block-embed-youtube wp-embed-aspect-16-9 wp-has-aspect-ratio\"><div class=\"wp-block-embed__wrapper\">\n<iframe loading=\"lazy\" title=\"Ouvrir un compte Microsoft\" width=\"1140\" height=\"641\" src=\"https:\/\/www.youtube.com\/embed\/jEXCfYc-USA?feature=oembed\" frameborder=\"0\" allow=\"accelerometer; autoplay; clipboard-write; encrypted-media; gyroscope; picture-in-picture; web-share\" referrerpolicy=\"strict-origin-when-cross-origin\" allowfullscreen><\/iframe>\n<\/div><\/figure>\n\n\n\n<p>&lsquo;<\/p>\n\n\n\n<h2 class=\"wp-block-heading has-luminous-vivid-amber-background-color has-background\">Etape 3 : installer le compte Microsoft sur votre PC<\/h2>\n\n\n\n<h2 class=\"wp-block-heading\"><br>&lsquo;<\/h2>\n\n\n\n<h3 class=\"wp-block-heading\">Etape 3- variante 1 : lier un utilisateur Windows \u00ab\u00a0local\u00a0\u00bb existant d\u00e9j\u00e0 au compte Microsoft cr\u00e9\u00e9 \u00e0 l&rsquo;\u00e9tape 2<\/h3>\n\n\n\n<p>Si vous suivez ce mode op\u00e9ratoire depuis votre compte utilisateur Windows habituel, vous continuerez apr\u00e8s l&rsquo;\u00e9tape 3 \u00e0 vous connecter \u00e0 Windows avec le m\u00eame identifiant (le m\u00eame nom d&rsquo;utilisateur Windows). <br>Votre compte utilisateur sera bien \u00e9tiquet\u00e9 \u00ab\u00a0compte Microsoft\u00a0\u00bb, mais vous ne verrez aucun changement majeur: m\u00eame bureau, m\u00eames dossiers personnels (Documents, Images, Vid\u00e9eos ..)<\/p>\n\n\n\n<figure class=\"wp-block-embed is-type-video is-provider-youtube wp-block-embed-youtube wp-embed-aspect-16-9 wp-has-aspect-ratio\"><div class=\"wp-block-embed__wrapper\">\n<iframe loading=\"lazy\" title=\"Lier un utilisateur Windows local existant \u00e0 un compte microsoft\" width=\"1140\" height=\"641\" src=\"https:\/\/www.youtube.com\/embed\/j82hSjkCGRc?feature=oembed\" frameborder=\"0\" allow=\"accelerometer; autoplay; clipboard-write; encrypted-media; gyroscope; picture-in-picture; web-share\" referrerpolicy=\"strict-origin-when-cross-origin\" allowfullscreen><\/iframe>\n<\/div><\/figure>\n\n\n\n<p>&lsquo;<\/p>\n\n\n\n<h3 class=\"wp-block-heading\">Etape 3 &#8211; variante 2 : Cr\u00e9er un nouvel utilisateur Windows li\u00e9 \u00ab\u00a0d\u00e8s le d\u00e9but\u00a0\u00bb \u00e0 un compte Microsoft<\/h3>\n\n\n\n<p>Dans cette variante, nous allons cr\u00e9er un nouvel utilisateur Windows, qui disposera de son propre environnement (bureau, dossier documents, dossier images, dossier vid\u00e9os, etc) et de ses propres r\u00e9glages.<\/p>\n\n\n\n<p>Vous pourrez vous connecter \u00e0 Windows (\u00ab\u00a0ouvrir une session\u00a0\u00bb) avec un des comptes existant d\u00e9j\u00e0 sur votre PC ou avec ce nouveau compte.<\/p>\n\n\n\n<p>Vous pourriez par exemple vous y connecter p\u00e9riodiquement uniquement pour vous inscrire \u00e0 l&rsquo;ESU, puis mettre \u00e0 jour Windows 10 (au moins une fois tous les 60 jours quand m\u00eame).<\/p>\n\n\n\n<figure class=\"wp-block-embed is-type-video is-provider-youtube wp-block-embed-youtube wp-embed-aspect-16-9 wp-has-aspect-ratio\"><div class=\"wp-block-embed__wrapper\">\n<iframe loading=\"lazy\" title=\"Un nouveau compte Windows et Microsoft sur ce PC\" width=\"1140\" height=\"641\" src=\"https:\/\/www.youtube.com\/embed\/7KFaEm9pRLw?feature=oembed\" frameborder=\"0\" allow=\"accelerometer; autoplay; clipboard-write; encrypted-media; gyroscope; picture-in-picture; web-share\" referrerpolicy=\"strict-origin-when-cross-origin\" allowfullscreen><\/iframe>\n<\/div><\/figure>\n\n\n\n<p>&lsquo;<\/p>\n\n\n\n<h2 class=\"wp-block-heading has-luminous-vivid-amber-background-color has-background\">Etape 4 : Maintenant, connect\u00e9 avec votre compte (utilisateur Windows) Microsoft, vous pouvez, sur votre PC Windows 10 :<\/h2>\n\n\n\n<h3 class=\"wp-block-heading\">Vous inscrire \u00e0 l&rsquo;ESU (Extended Security Update = Mises \u00e0 jour \u00e9tendues de s\u00e9curit\u00e9) pour prot\u00e9ger votre PC jusqu&rsquo;au 16 octobre 2026 :<\/h3>\n\n\n\n<p><a href=\"https:\/\/www.infomedia42.com\/orion\/s-inscrire-a-l-esu\/\" target=\"_blank\" rel=\"noreferrer noopener\">https:\/\/www.infomedia42.com\/orion\/s-inscrire-a-l-esu\/<\/a><\/p>\n\n\n\n<h3 class=\"wp-block-heading\">Faire les mises \u00e0 jour de Windows10 :<\/h3>\n\n\n\n<p><a href=\"https:\/\/www.infomedia42.com\/orion\/windows-update-pour-les-debutants\/\" target=\"_blank\" rel=\"noreferrer noopener\"> https:\/\/www.infomedia42.com\/orion\/windows-update-pour-les-debutants\/<\/a><\/p>\n\n\n\n<h3 class=\"wp-block-heading\">Installer sur votre PC le client de messagerie Outlook pour lire, \u00e9crire et g\u00e9rer vos courriels sur votre PC<\/h3>\n\n\n\n<figure class=\"wp-block-embed is-type-video is-provider-youtube wp-block-embed-youtube wp-embed-aspect-16-9 wp-has-aspect-ratio\"><div class=\"wp-block-embed__wrapper\">\n<iframe loading=\"lazy\" title=\"Installer le client de messagerie Outlook sur son PC\" width=\"1140\" height=\"641\" src=\"https:\/\/www.youtube.com\/embed\/cMSF0jWQuFw?feature=oembed\" frameborder=\"0\" allow=\"accelerometer; autoplay; clipboard-write; encrypted-media; gyroscope; picture-in-picture; web-share\" referrerpolicy=\"strict-origin-when-cross-origin\" allowfullscreen><\/iframe>\n<\/div><\/figure>\n\n\n\n<p>&lsquo;<\/p>\n\n\n\n<h3 class=\"wp-block-heading\">Activer One Drive pour b\u00e9n\u00e9ficier du Cloud Microsoft<\/h3>\n\n\n\n<p><\/p>\n","protected":false},"excerpt":{"rendered":"<p>Sur un PC sous Windows 10, si vous souhaitez l&rsquo;inscrire \u00e0 l&rsquo;ESU (Extended Security Update = Mises \u00e0 jour de s\u00e9curit\u00e9 \u00e9tendues) pour b\u00e9n\u00e9ficier des correctifs de s\u00e9curit\u00e9 Windows 10 jusqu&rsquo;au 13 octobre 2026, il faut lier un de vos \u00ab\u00a0comptes utilisateur administrateur Windows\u00a0\u00bb \u00e0 un \u00ab\u00a0compte Microsoft\u00a0\u00bb. Que ce soit pour cette raison ou [&hellip;]<\/p>\n","protected":false},"author":1,"featured_media":0,"parent":0,"menu_order":0,"comment_status":"closed","ping_status":"closed","template":"","meta":{"footnotes":"","_links_to":"","_links_to_target":""},"class_list":["post-4774","page","type-page","status-publish","czr-hentry"],"yoast_head":"<!-- This site is optimized with the Yoast SEO plugin v27.3 - https:\/\/yoast.com\/product\/yoast-seo-wordpress\/ -->\n<title>Installer un compte Microsoft sur un PC Windows 10 - InfoMedia-L&#039;informatique pour tous<\/title>\n<meta name=\"robots\" content=\"index, follow, max-snippet:-1, max-image-preview:large, max-video-preview:-1\" \/>\n<link rel=\"canonical\" href=\"https:\/\/www.infomedia42.com\/orion\/installer-compte-microsoft-avec-windows-10\/\" \/>\n<meta property=\"og:locale\" content=\"fr_FR\" \/>\n<meta property=\"og:type\" content=\"article\" \/>\n<meta property=\"og:title\" content=\"Installer un compte Microsoft sur un PC Windows 10 - InfoMedia-L&#039;informatique pour tous\" \/>\n<meta property=\"og:description\" content=\"Sur un PC sous Windows 10, si vous souhaitez l&rsquo;inscrire \u00e0 l&rsquo;ESU (Extended Security Update = Mises \u00e0 jour de s\u00e9curit\u00e9 \u00e9tendues) pour b\u00e9n\u00e9ficier des correctifs de s\u00e9curit\u00e9 Windows 10 jusqu&rsquo;au 13 octobre 2026, il faut lier un de vos \u00ab\u00a0comptes utilisateur administrateur Windows\u00a0\u00bb \u00e0 un \u00ab\u00a0compte Microsoft\u00a0\u00bb. Que ce soit pour cette raison ou [&hellip;]\" \/>\n<meta property=\"og:url\" content=\"https:\/\/www.infomedia42.com\/orion\/installer-compte-microsoft-avec-windows-10\/\" \/>\n<meta property=\"og:site_name\" content=\"InfoMedia-L&#039;informatique pour tous\" \/>\n<meta property=\"article:modified_time\" content=\"2026-04-08T11:26:04+00:00\" \/>\n<meta name=\"twitter:card\" content=\"summary_large_image\" \/>\n<meta name=\"twitter:label1\" content=\"Dur\u00e9e de lecture estim\u00e9e\" \/>\n\t<meta name=\"twitter:data1\" content=\"5 minutes\" \/>\n<script type=\"application\/ld+json\" class=\"yoast-schema-graph\">{\"@context\":\"https:\\\/\\\/schema.org\",\"@graph\":[{\"@type\":\"WebPage\",\"@id\":\"https:\\\/\\\/www.infomedia42.com\\\/orion\\\/installer-compte-microsoft-avec-windows-10\\\/\",\"url\":\"https:\\\/\\\/www.infomedia42.com\\\/orion\\\/installer-compte-microsoft-avec-windows-10\\\/\",\"name\":\"Installer un compte Microsoft sur un PC Windows 10 - InfoMedia-L&#039;informatique pour tous\",\"isPartOf\":{\"@id\":\"https:\\\/\\\/www.infomedia42.com\\\/orion\\\/#website\"},\"datePublished\":\"2026-04-08T11:21:21+00:00\",\"dateModified\":\"2026-04-08T11:26:04+00:00\",\"breadcrumb\":{\"@id\":\"https:\\\/\\\/www.infomedia42.com\\\/orion\\\/installer-compte-microsoft-avec-windows-10\\\/#breadcrumb\"},\"inLanguage\":\"fr-FR\",\"potentialAction\":[{\"@type\":\"ReadAction\",\"target\":[\"https:\\\/\\\/www.infomedia42.com\\\/orion\\\/installer-compte-microsoft-avec-windows-10\\\/\"]}]},{\"@type\":\"BreadcrumbList\",\"@id\":\"https:\\\/\\\/www.infomedia42.com\\\/orion\\\/installer-compte-microsoft-avec-windows-10\\\/#breadcrumb\",\"itemListElement\":[{\"@type\":\"ListItem\",\"position\":1,\"name\":\"Accueil\",\"item\":\"https:\\\/\\\/www.infomedia42.com\\\/orion\\\/\"},{\"@type\":\"ListItem\",\"position\":2,\"name\":\"Installer un compte Microsoft sur un PC Windows 10\"}]},{\"@type\":\"WebSite\",\"@id\":\"https:\\\/\\\/www.infomedia42.com\\\/orion\\\/#website\",\"url\":\"https:\\\/\\\/www.infomedia42.com\\\/orion\\\/\",\"name\":\"InfoMedia-L&#039;informatique pour tous\",\"description\":\"Site de l&#039;association InfoMedia\",\"publisher\":{\"@id\":\"https:\\\/\\\/www.infomedia42.com\\\/orion\\\/#organization\"},\"potentialAction\":[{\"@type\":\"SearchAction\",\"target\":{\"@type\":\"EntryPoint\",\"urlTemplate\":\"https:\\\/\\\/www.infomedia42.com\\\/orion\\\/?s={search_term_string}\"},\"query-input\":{\"@type\":\"PropertyValueSpecification\",\"valueRequired\":true,\"valueName\":\"search_term_string\"}}],\"inLanguage\":\"fr-FR\"},{\"@type\":\"Organization\",\"@id\":\"https:\\\/\\\/www.infomedia42.com\\\/orion\\\/#organization\",\"name\":\"InfoMedia-L&#039;informatique pour tous\",\"url\":\"https:\\\/\\\/www.infomedia42.com\\\/orion\\\/\",\"logo\":{\"@type\":\"ImageObject\",\"inLanguage\":\"fr-FR\",\"@id\":\"https:\\\/\\\/www.infomedia42.com\\\/orion\\\/#\\\/schema\\\/logo\\\/image\\\/\",\"url\":\"https:\\\/\\\/www.infomedia42.com\\\/orion\\\/wp-content\\\/uploads\\\/2024\\\/01\\\/cropped-Logodyn3secondes.gif\",\"contentUrl\":\"https:\\\/\\\/www.infomedia42.com\\\/orion\\\/wp-content\\\/uploads\\\/2024\\\/01\\\/cropped-Logodyn3secondes.gif\",\"width\":290,\"height\":290,\"caption\":\"InfoMedia-L&#039;informatique pour tous\"},\"image\":{\"@id\":\"https:\\\/\\\/www.infomedia42.com\\\/orion\\\/#\\\/schema\\\/logo\\\/image\\\/\"}}]}<\/script>\n<!-- \/ Yoast SEO plugin. -->","yoast_head_json":{"title":"Installer un compte Microsoft sur un PC Windows 10 - InfoMedia-L&#039;informatique pour tous","robots":{"index":"index","follow":"follow","max-snippet":"max-snippet:-1","max-image-preview":"max-image-preview:large","max-video-preview":"max-video-preview:-1"},"canonical":"https:\/\/www.infomedia42.com\/orion\/installer-compte-microsoft-avec-windows-10\/","og_locale":"fr_FR","og_type":"article","og_title":"Installer un compte Microsoft sur un PC Windows 10 - InfoMedia-L&#039;informatique pour tous","og_description":"Sur un PC sous Windows 10, si vous souhaitez l&rsquo;inscrire \u00e0 l&rsquo;ESU (Extended Security Update = Mises \u00e0 jour de s\u00e9curit\u00e9 \u00e9tendues) pour b\u00e9n\u00e9ficier des correctifs de s\u00e9curit\u00e9 Windows 10 jusqu&rsquo;au 13 octobre 2026, il faut lier un de vos \u00ab\u00a0comptes utilisateur administrateur Windows\u00a0\u00bb \u00e0 un \u00ab\u00a0compte Microsoft\u00a0\u00bb. Que ce soit pour cette raison ou [&hellip;]","og_url":"https:\/\/www.infomedia42.com\/orion\/installer-compte-microsoft-avec-windows-10\/","og_site_name":"InfoMedia-L&#039;informatique pour tous","article_modified_time":"2026-04-08T11:26:04+00:00","twitter_card":"summary_large_image","twitter_misc":{"Dur\u00e9e de lecture estim\u00e9e":"5 minutes"},"schema":{"@context":"https:\/\/schema.org","@graph":[{"@type":"WebPage","@id":"https:\/\/www.infomedia42.com\/orion\/installer-compte-microsoft-avec-windows-10\/","url":"https:\/\/www.infomedia42.com\/orion\/installer-compte-microsoft-avec-windows-10\/","name":"Installer un compte Microsoft sur un PC Windows 10 - InfoMedia-L&#039;informatique pour tous","isPartOf":{"@id":"https:\/\/www.infomedia42.com\/orion\/#website"},"datePublished":"2026-04-08T11:21:21+00:00","dateModified":"2026-04-08T11:26:04+00:00","breadcrumb":{"@id":"https:\/\/www.infomedia42.com\/orion\/installer-compte-microsoft-avec-windows-10\/#breadcrumb"},"inLanguage":"fr-FR","potentialAction":[{"@type":"ReadAction","target":["https:\/\/www.infomedia42.com\/orion\/installer-compte-microsoft-avec-windows-10\/"]}]},{"@type":"BreadcrumbList","@id":"https:\/\/www.infomedia42.com\/orion\/installer-compte-microsoft-avec-windows-10\/#breadcrumb","itemListElement":[{"@type":"ListItem","position":1,"name":"Accueil","item":"https:\/\/www.infomedia42.com\/orion\/"},{"@type":"ListItem","position":2,"name":"Installer un compte Microsoft sur un PC Windows 10"}]},{"@type":"WebSite","@id":"https:\/\/www.infomedia42.com\/orion\/#website","url":"https:\/\/www.infomedia42.com\/orion\/","name":"InfoMedia-L&#039;informatique pour tous","description":"Site de l&#039;association InfoMedia","publisher":{"@id":"https:\/\/www.infomedia42.com\/orion\/#organization"},"potentialAction":[{"@type":"SearchAction","target":{"@type":"EntryPoint","urlTemplate":"https:\/\/www.infomedia42.com\/orion\/?s={search_term_string}"},"query-input":{"@type":"PropertyValueSpecification","valueRequired":true,"valueName":"search_term_string"}}],"inLanguage":"fr-FR"},{"@type":"Organization","@id":"https:\/\/www.infomedia42.com\/orion\/#organization","name":"InfoMedia-L&#039;informatique pour tous","url":"https:\/\/www.infomedia42.com\/orion\/","logo":{"@type":"ImageObject","inLanguage":"fr-FR","@id":"https:\/\/www.infomedia42.com\/orion\/#\/schema\/logo\/image\/","url":"https:\/\/www.infomedia42.com\/orion\/wp-content\/uploads\/2024\/01\/cropped-Logodyn3secondes.gif","contentUrl":"https:\/\/www.infomedia42.com\/orion\/wp-content\/uploads\/2024\/01\/cropped-Logodyn3secondes.gif","width":290,"height":290,"caption":"InfoMedia-L&#039;informatique pour tous"},"image":{"@id":"https:\/\/www.infomedia42.com\/orion\/#\/schema\/logo\/image\/"}}]}},"_links":{"self":[{"href":"https:\/\/www.infomedia42.com\/orion\/wp-json\/wp\/v2\/pages\/4774","targetHints":{"allow":["GET"]}}],"collection":[{"href":"https:\/\/www.infomedia42.com\/orion\/wp-json\/wp\/v2\/pages"}],"about":[{"href":"https:\/\/www.infomedia42.com\/orion\/wp-json\/wp\/v2\/types\/page"}],"author":[{"embeddable":true,"href":"https:\/\/www.infomedia42.com\/orion\/wp-json\/wp\/v2\/users\/1"}],"replies":[{"embeddable":true,"href":"https:\/\/www.infomedia42.com\/orion\/wp-json\/wp\/v2\/comments?post=4774"}],"version-history":[{"count":2,"href":"https:\/\/www.infomedia42.com\/orion\/wp-json\/wp\/v2\/pages\/4774\/revisions"}],"predecessor-version":[{"id":4777,"href":"https:\/\/www.infomedia42.com\/orion\/wp-json\/wp\/v2\/pages\/4774\/revisions\/4777"}],"wp:attachment":[{"href":"https:\/\/www.infomedia42.com\/orion\/wp-json\/wp\/v2\/media?parent=4774"}],"curies":[{"name":"wp","href":"https:\/\/api.w.org\/{rel}","templated":true}]}}