{"id":495,"date":"2022-05-16T14:45:30","date_gmt":"2022-05-16T12:45:30","guid":{"rendered":"https:\/\/www.infomedia42.com\/orion\/?page_id=495"},"modified":"2024-06-07T11:29:52","modified_gmt":"2024-06-07T09:29:52","slug":"evenements","status":"publish","type":"page","link":"https:\/\/www.infomedia42.com\/orion\/evenements\/","title":{"rendered":"Ev\u00e9nements"},"content":{"rendered":"\n<p>Quand les d\u00e9tails d&rsquo;organisation sont connus, chaque \u00e9v\u00e9nement fait l&rsquo;objet d&rsquo;un article en <a href=\"https:\/\/www.infomedia42.com\/orion\">page d&rsquo;accueil<\/a>.<\/p>\n\n\n\n<p><\/p>\n\n\n<span id=\"tablepress-9-description\" class=\"tablepress-table-description tablepress-table-description-id-9\">Voici les dates \u00e0 noter d\u00e8s \u00e0 pr\u00e9sent  ....<\/span>\n\n<table id=\"tablepress-9\" class=\"tablepress tablepress-id-9\" aria-describedby=\"tablepress-9-description\">\n<thead>\n<tr class=\"row-1\">\n\t<th class=\"column-1\">Date<\/th><th class=\"column-2\">Heure<\/th><th class=\"column-3\">Lieu<\/th><th class=\"column-4\">Objet<\/th><th class=\"column-5\">Remarques<\/th>\n<\/tr>\n<\/thead>\n<tbody class=\"row-striping row-hover\">\n<tr class=\"row-2\">\n\t<td class=\"column-1\">vendredi 17 avril 2026<\/td><td class=\"column-2\">16h30<\/td><td class=\"column-3\">Salle du haut du local InfoMedia de Saint Rambert<\/td><td class=\"column-4\">Conf\u00e9rence \"Intelligence Artificielle utile et gratuite pour tous\"<\/td><td class=\"column-5\"><a href='https:\/\/www.infomedia42.com\/orion\/l_intelligence_artificielle_utile_pour_tous\/'> Cliquez ici pour plus d'infos<\/td>\n<\/tr>\n<tr class=\"row-3\">\n\t<td class=\"column-1\">vendredi 22 mai 2026<\/td><td class=\"column-2\">16h30<\/td><td class=\"column-3\">Salle du haut du local InfoMedia de Saint Rambert<\/td><td class=\"column-4\">Patience, On vous pr\u00e9pare une 2\u00e8me \u00e9dition de la conf\u00e9rence \"Retouche photo en un clic gr\u00e2ce \u00e0 l'I.A.\"<\/td><td class=\"column-5\"><a href='https:\/\/www.infomedia42.com\/orion\/deuxieme-conference-retouche-photo-avec-ia\/'> Cliquez ici pour plus d'infos<\/td>\n<\/tr>\n<\/tbody>\n<\/table>\n<!-- #tablepress-9 from cache -->\n\n\n\n<p class=\"has-white-color has-text-color\"><\/p>\n\n\n\n<p class=\"has-white-color has-text-color\">Infomedia42.com &#8211; l&rsquo;informatique pour tous \u00e0 Andr\u00e9zieux-Bouth\u00e9on, Saint Just-Saint Rambert, Saint Marcellin en Forez<\/p>\n\n\n\n<p class=\"has-white-color has-text-color\">InfoMedia, votre association,  votre club,  pour l&rsquo;initiation \u00e0 l&rsquo;informatique et au multimedia : <br>Bureautique, Internet, facebook, Conception et impression 3D, num\u00e9risation, montage vid\u00e9o, retouche photo, club photo, MAC, Raspberry<\/p>\n\n\n\n<p class=\"has-white-color has-text-color\">infomedia42 agenda \u00e9v\u00e9nements<\/p>\n","protected":false},"excerpt":{"rendered":"<p>Quand les d\u00e9tails d&rsquo;organisation sont connus, chaque \u00e9v\u00e9nement fait l&rsquo;objet d&rsquo;un article en page d&rsquo;accueil. Infomedia42.com &#8211; l&rsquo;informatique pour tous \u00e0 Andr\u00e9zieux-Bouth\u00e9on, Saint Just-Saint Rambert, Saint Marcellin en Forez InfoMedia, votre association, votre club, pour l&rsquo;initiation \u00e0 l&rsquo;informatique et au multimedia : Bureautique, Internet, facebook, Conception et impression 3D, num\u00e9risation, montage vid\u00e9o, retouche photo, club [&hellip;]<\/p>\n","protected":false},"author":1,"featured_media":0,"parent":0,"menu_order":0,"comment_status":"closed","ping_status":"closed","template":"","meta":{"footnotes":"","_links_to":"","_links_to_target":""},"class_list":["post-495","page","type-page","status-publish","czr-hentry"],"yoast_head":"<!-- This site is optimized with the Yoast SEO plugin v27.5 - https:\/\/yoast.com\/product\/yoast-seo-wordpress\/ -->\n<title>Ev\u00e9nements - InfoMedia-L&#039;informatique pour tous<\/title>\n<meta name=\"description\" content=\"infomedia42 - InfoMedia-L&#039;informatique pour tous evenements - % agenda - Saint Just-Saint Rambert - Andr\u00e9zieux-Bouth\u00e9on - Saint Marcellin en Forez - Initiation informatique\" \/>\n<meta name=\"robots\" content=\"index, follow, max-snippet:-1, max-image-preview:large, max-video-preview:-1\" \/>\n<link rel=\"canonical\" href=\"https:\/\/www.infomedia42.com\/orion\/evenements\/\" \/>\n<meta property=\"og:locale\" content=\"fr_FR\" \/>\n<meta property=\"og:type\" content=\"article\" \/>\n<meta property=\"og:title\" content=\"Ev\u00e9nements - InfoMedia-L&#039;informatique pour tous\" \/>\n<meta property=\"og:description\" content=\"infomedia42 - InfoMedia-L&#039;informatique pour tous evenements - % agenda - Saint Just-Saint Rambert - Andr\u00e9zieux-Bouth\u00e9on - Saint Marcellin en Forez - Initiation informatique\" \/>\n<meta property=\"og:url\" content=\"https:\/\/www.infomedia42.com\/orion\/evenements\/\" \/>\n<meta property=\"og:site_name\" content=\"InfoMedia-L&#039;informatique pour tous\" \/>\n<meta property=\"article:modified_time\" content=\"2024-06-07T09:29:52+00:00\" \/>\n<meta name=\"twitter:card\" content=\"summary_large_image\" \/>\n<meta name=\"twitter:label1\" content=\"Dur\u00e9e de lecture estim\u00e9e\" \/>\n\t<meta name=\"twitter:data1\" content=\"1 minute\" \/>\n<script type=\"application\/ld+json\" class=\"yoast-schema-graph\">{\"@context\":\"https:\\\/\\\/schema.org\",\"@graph\":[{\"@type\":\"WebPage\",\"@id\":\"https:\\\/\\\/www.infomedia42.com\\\/orion\\\/evenements\\\/\",\"url\":\"https:\\\/\\\/www.infomedia42.com\\\/orion\\\/evenements\\\/\",\"name\":\"Ev\u00e9nements - InfoMedia-L&#039;informatique pour tous\",\"isPartOf\":{\"@id\":\"https:\\\/\\\/www.infomedia42.com\\\/orion\\\/#website\"},\"datePublished\":\"2022-05-16T12:45:30+00:00\",\"dateModified\":\"2024-06-07T09:29:52+00:00\",\"description\":\"infomedia42 - InfoMedia-L&#039;informatique pour tous evenements - % agenda - Saint Just-Saint Rambert - Andr\u00e9zieux-Bouth\u00e9on - Saint Marcellin en Forez - Initiation informatique\",\"breadcrumb\":{\"@id\":\"https:\\\/\\\/www.infomedia42.com\\\/orion\\\/evenements\\\/#breadcrumb\"},\"inLanguage\":\"fr-FR\",\"potentialAction\":[{\"@type\":\"ReadAction\",\"target\":[\"https:\\\/\\\/www.infomedia42.com\\\/orion\\\/evenements\\\/\"]}]},{\"@type\":\"BreadcrumbList\",\"@id\":\"https:\\\/\\\/www.infomedia42.com\\\/orion\\\/evenements\\\/#breadcrumb\",\"itemListElement\":[{\"@type\":\"ListItem\",\"position\":1,\"name\":\"Accueil\",\"item\":\"https:\\\/\\\/www.infomedia42.com\\\/orion\\\/\"},{\"@type\":\"ListItem\",\"position\":2,\"name\":\"Ev\u00e9nements\"}]},{\"@type\":\"WebSite\",\"@id\":\"https:\\\/\\\/www.infomedia42.com\\\/orion\\\/#website\",\"url\":\"https:\\\/\\\/www.infomedia42.com\\\/orion\\\/\",\"name\":\"InfoMedia-L&#039;informatique pour tous\",\"description\":\"Site de l&#039;association InfoMedia\",\"publisher\":{\"@id\":\"https:\\\/\\\/www.infomedia42.com\\\/orion\\\/#organization\"},\"potentialAction\":[{\"@type\":\"SearchAction\",\"target\":{\"@type\":\"EntryPoint\",\"urlTemplate\":\"https:\\\/\\\/www.infomedia42.com\\\/orion\\\/?s={search_term_string}\"},\"query-input\":{\"@type\":\"PropertyValueSpecification\",\"valueRequired\":true,\"valueName\":\"search_term_string\"}}],\"inLanguage\":\"fr-FR\"},{\"@type\":\"Organization\",\"@id\":\"https:\\\/\\\/www.infomedia42.com\\\/orion\\\/#organization\",\"name\":\"InfoMedia-L&#039;informatique pour tous\",\"url\":\"https:\\\/\\\/www.infomedia42.com\\\/orion\\\/\",\"logo\":{\"@type\":\"ImageObject\",\"inLanguage\":\"fr-FR\",\"@id\":\"https:\\\/\\\/www.infomedia42.com\\\/orion\\\/#\\\/schema\\\/logo\\\/image\\\/\",\"url\":\"https:\\\/\\\/www.infomedia42.com\\\/orion\\\/wp-content\\\/uploads\\\/2024\\\/01\\\/cropped-Logodyn3secondes.gif\",\"contentUrl\":\"https:\\\/\\\/www.infomedia42.com\\\/orion\\\/wp-content\\\/uploads\\\/2024\\\/01\\\/cropped-Logodyn3secondes.gif\",\"width\":290,\"height\":290,\"caption\":\"InfoMedia-L&#039;informatique pour tous\"},\"image\":{\"@id\":\"https:\\\/\\\/www.infomedia42.com\\\/orion\\\/#\\\/schema\\\/logo\\\/image\\\/\"}}]}<\/script>\n<!-- \/ Yoast SEO plugin. -->","yoast_head_json":{"title":"Ev\u00e9nements - InfoMedia-L&#039;informatique pour tous","description":"infomedia42 - InfoMedia-L&#039;informatique pour tous evenements - % agenda - Saint Just-Saint Rambert - Andr\u00e9zieux-Bouth\u00e9on - Saint Marcellin en Forez - Initiation informatique","robots":{"index":"index","follow":"follow","max-snippet":"max-snippet:-1","max-image-preview":"max-image-preview:large","max-video-preview":"max-video-preview:-1"},"canonical":"https:\/\/www.infomedia42.com\/orion\/evenements\/","og_locale":"fr_FR","og_type":"article","og_title":"Ev\u00e9nements - InfoMedia-L&#039;informatique pour tous","og_description":"infomedia42 - InfoMedia-L&#039;informatique pour tous evenements - % agenda - Saint Just-Saint Rambert - Andr\u00e9zieux-Bouth\u00e9on - Saint Marcellin en Forez - Initiation informatique","og_url":"https:\/\/www.infomedia42.com\/orion\/evenements\/","og_site_name":"InfoMedia-L&#039;informatique pour tous","article_modified_time":"2024-06-07T09:29:52+00:00","twitter_card":"summary_large_image","twitter_misc":{"Dur\u00e9e de lecture estim\u00e9e":"1 minute"},"schema":{"@context":"https:\/\/schema.org","@graph":[{"@type":"WebPage","@id":"https:\/\/www.infomedia42.com\/orion\/evenements\/","url":"https:\/\/www.infomedia42.com\/orion\/evenements\/","name":"Ev\u00e9nements - InfoMedia-L&#039;informatique pour tous","isPartOf":{"@id":"https:\/\/www.infomedia42.com\/orion\/#website"},"datePublished":"2022-05-16T12:45:30+00:00","dateModified":"2024-06-07T09:29:52+00:00","description":"infomedia42 - InfoMedia-L&#039;informatique pour tous evenements - % agenda - Saint Just-Saint Rambert - Andr\u00e9zieux-Bouth\u00e9on - Saint Marcellin en Forez - Initiation informatique","breadcrumb":{"@id":"https:\/\/www.infomedia42.com\/orion\/evenements\/#breadcrumb"},"inLanguage":"fr-FR","potentialAction":[{"@type":"ReadAction","target":["https:\/\/www.infomedia42.com\/orion\/evenements\/"]}]},{"@type":"BreadcrumbList","@id":"https:\/\/www.infomedia42.com\/orion\/evenements\/#breadcrumb","itemListElement":[{"@type":"ListItem","position":1,"name":"Accueil","item":"https:\/\/www.infomedia42.com\/orion\/"},{"@type":"ListItem","position":2,"name":"Ev\u00e9nements"}]},{"@type":"WebSite","@id":"https:\/\/www.infomedia42.com\/orion\/#website","url":"https:\/\/www.infomedia42.com\/orion\/","name":"InfoMedia-L&#039;informatique pour tous","description":"Site de l&#039;association InfoMedia","publisher":{"@id":"https:\/\/www.infomedia42.com\/orion\/#organization"},"potentialAction":[{"@type":"SearchAction","target":{"@type":"EntryPoint","urlTemplate":"https:\/\/www.infomedia42.com\/orion\/?s={search_term_string}"},"query-input":{"@type":"PropertyValueSpecification","valueRequired":true,"valueName":"search_term_string"}}],"inLanguage":"fr-FR"},{"@type":"Organization","@id":"https:\/\/www.infomedia42.com\/orion\/#organization","name":"InfoMedia-L&#039;informatique pour tous","url":"https:\/\/www.infomedia42.com\/orion\/","logo":{"@type":"ImageObject","inLanguage":"fr-FR","@id":"https:\/\/www.infomedia42.com\/orion\/#\/schema\/logo\/image\/","url":"https:\/\/www.infomedia42.com\/orion\/wp-content\/uploads\/2024\/01\/cropped-Logodyn3secondes.gif","contentUrl":"https:\/\/www.infomedia42.com\/orion\/wp-content\/uploads\/2024\/01\/cropped-Logodyn3secondes.gif","width":290,"height":290,"caption":"InfoMedia-L&#039;informatique pour tous"},"image":{"@id":"https:\/\/www.infomedia42.com\/orion\/#\/schema\/logo\/image\/"}}]}},"_links":{"self":[{"href":"https:\/\/www.infomedia42.com\/orion\/wp-json\/wp\/v2\/pages\/495","targetHints":{"allow":["GET"]}}],"collection":[{"href":"https:\/\/www.infomedia42.com\/orion\/wp-json\/wp\/v2\/pages"}],"about":[{"href":"https:\/\/www.infomedia42.com\/orion\/wp-json\/wp\/v2\/types\/page"}],"author":[{"embeddable":true,"href":"https:\/\/www.infomedia42.com\/orion\/wp-json\/wp\/v2\/users\/1"}],"replies":[{"embeddable":true,"href":"https:\/\/www.infomedia42.com\/orion\/wp-json\/wp\/v2\/comments?post=495"}],"version-history":[{"count":21,"href":"https:\/\/www.infomedia42.com\/orion\/wp-json\/wp\/v2\/pages\/495\/revisions"}],"predecessor-version":[{"id":3128,"href":"https:\/\/www.infomedia42.com\/orion\/wp-json\/wp\/v2\/pages\/495\/revisions\/3128"}],"wp:attachment":[{"href":"https:\/\/www.infomedia42.com\/orion\/wp-json\/wp\/v2\/media?parent=495"}],"curies":[{"name":"wp","href":"https:\/\/api.w.org\/{rel}","templated":true}]}}