{"id":744,"date":"2022-05-22T18:42:58","date_gmt":"2022-05-22T16:42:58","guid":{"rendered":"http:\/\/www.infomedia42.com\/orion\/?page_id=744"},"modified":"2024-02-01T12:26:23","modified_gmt":"2024-02-01T11:26:23","slug":"activites-en-atelier","status":"publish","type":"page","link":"https:\/\/www.infomedia42.com\/orion\/ateliers\/activites-en-atelier\/","title":{"rendered":"Activit\u00e9s en atelier"},"content":{"rendered":"\n<h3 class=\"wp-block-heading\">Les th\u00e8mes abord\u00e9s par nos ateliers sont:<\/h3>\n\n\n\n<h4 class=\"wp-block-heading\">Les bases de l\u2019informatique.<\/h4>\n\n\n\n<p>Le syst\u00e8me d\u2019exploitation Microsoft Windows.<\/p>\n\n\n\n<p>Le syst\u00e8me d\u2019exploitation Apple IOS.<\/p>\n\n\n\n<p>Les images Photos Vid\u00e9os.<\/p>\n\n\n\n<p>Utilisation d\u2019Internet<\/p>\n\n\n\n<p>Utilisation du courrier \u00e9lectronique<\/p>\n\n\n\n<h4 class=\"wp-block-heading\">Pratique de la photo<\/h4>\n\n\n\n<p>Apprentissage de la photographie, bases de la prise de vues <\/p>\n\n\n\n<p>Traitement des images (Photofiltre, Photoshop Elements, GIMP)<\/p>\n\n\n\n<p>Montage vid\u00e9o (Vid\u00e9o studio, Photorecit, Movie Maker)<\/p>\n\n\n\n<p>Num\u00e9risation.<\/p>\n\n\n\n<p>Apprendre \u00e0 num\u00e9riser (photos, diapo, film super 8, VHS)<\/p>\n\n\n\n<h4 class=\"wp-block-heading\">Bureautique.<\/h4>\n\n\n\n<p>Word, Excel, Access.<\/p>\n\n\n\n<h4 class=\"wp-block-heading\">Domotique.<\/h4>\n\n\n\n<p>Programmation et mise en \u0153uvre d\u2019automatismes avec RaspBerry<\/p>\n\n\n\n<h4 class=\"wp-block-heading\">G\u00e9n\u00e9alogie.<\/h4>\n\n\n\n<p>D\u00e9couvrez les sites et logiciels traitant de la g\u00e9n\u00e9alogie (G\u00e9n\u00e9anet \u2026.)<\/p>\n\n\n\n<h4 class=\"wp-block-heading\">Impression 3D.<\/h4>\n\n\n\n<p>Comment fonctionne une imprimante 3D<\/p>\n\n\n\n<p>Concevoir des objets en 3D<\/p>\n\n\n\n<hr class=\"wp-block-separator has-css-opacity is-style-wide\"\/>\n\n\n\n<table id=\"tablepress-13\" class=\"tablepress tablepress-id-13\">\n<thead>\n<tr class=\"row-1\">\n\t<th class=\"column-1\"><a href=\"http:\/\/www.infomedia42.com\/orion\/activites-en-atelier\/\">Liste des activit\u00e9s pratiqu\u00e9es en atelier<\/a><br \/>\n<a href=\"http:\/\/www.infomedia42.com\/orion\/ateliers\/liste-des-ateliers\/ateliers-andrezieux\/\">Ateliers au local d'Andr\u00e9zieux-Bouth\u00e9on<\/a><br \/>\n<a href=\"http:\/\/www.infomedia42.com\/orion\/ateliers\/liste-des-ateliers\/ateliers-saint-just-saint-rambert\/\">Ateliers au local de Saint Rambert<\/a><br \/>\n<a href=\"http:\/\/www.infomedia42.com\/orion\/ateliers\/liste-des-ateliers\/ateliers-saint-marcellin\/\">Ateliers au local de Saint Marcellin<\/a><\/th>\n<\/tr>\n<\/thead>\n<tbody class=\"row-striping row-hover\">\n<\/tbody>\n<\/table>\n<!-- #tablepress-13 from cache -->\n\n\n\n<p class=\"has-white-color has-text-color\">Infomedia42.com &#8211; l&rsquo;informatique pour tous \u00e0 Andr\u00e9zieux-Bouth\u00e9on, Saint Just-Saint Rambert, Saint Marcellin en Forez<\/p>\n\n\n\n<p class=\"has-white-color has-text-color\">InfoMedia, votre association,  votre club,  pour l&rsquo;initiation \u00e0 l&rsquo;informatique et au multimedia : <br>Bureautique, Internet, facebook, Conception et impression 3D, num\u00e9risation, montage vid\u00e9o, retouche photo, club photo, MAC, Raspberry<\/p>\n","protected":false},"excerpt":{"rendered":"<p>Les th\u00e8mes abord\u00e9s par nos ateliers sont: Les bases de l\u2019informatique. Le syst\u00e8me d\u2019exploitation Microsoft Windows. Le syst\u00e8me d\u2019exploitation Apple IOS. Les images Photos Vid\u00e9os. Utilisation d\u2019Internet Utilisation du courrier \u00e9lectronique Pratique de la photo Apprentissage de la photographie, bases de la prise de vues Traitement des images (Photofiltre, Photoshop Elements, GIMP) Montage vid\u00e9o (Vid\u00e9o [&hellip;]<\/p>\n","protected":false},"author":1,"featured_media":0,"parent":218,"menu_order":0,"comment_status":"closed","ping_status":"closed","template":"","meta":{"footnotes":"","_links_to":"","_links_to_target":""},"class_list":["post-744","page","type-page","status-publish","czr-hentry"],"yoast_head":"<!-- This site is optimized with the Yoast SEO plugin v27.5 - https:\/\/yoast.com\/product\/yoast-seo-wordpress\/ -->\n<title>Activit\u00e9s en atelier - InfoMedia-L&#039;informatique pour tous<\/title>\n<meta name=\"robots\" content=\"index, follow, max-snippet:-1, max-image-preview:large, max-video-preview:-1\" \/>\n<link rel=\"canonical\" href=\"https:\/\/www.infomedia42.com\/orion\/ateliers\/activites-en-atelier\/\" \/>\n<meta property=\"og:locale\" content=\"fr_FR\" \/>\n<meta property=\"og:type\" content=\"article\" \/>\n<meta property=\"og:title\" content=\"Activit\u00e9s en atelier - InfoMedia-L&#039;informatique pour tous\" \/>\n<meta property=\"og:description\" content=\"Les th\u00e8mes abord\u00e9s par nos ateliers sont: Les bases de l\u2019informatique. Le syst\u00e8me d\u2019exploitation Microsoft Windows. Le syst\u00e8me d\u2019exploitation Apple IOS. Les images Photos Vid\u00e9os. Utilisation d\u2019Internet Utilisation du courrier \u00e9lectronique Pratique de la photo Apprentissage de la photographie, bases de la prise de vues Traitement des images (Photofiltre, Photoshop Elements, GIMP) Montage vid\u00e9o (Vid\u00e9o [&hellip;]\" \/>\n<meta property=\"og:url\" content=\"https:\/\/www.infomedia42.com\/orion\/ateliers\/activites-en-atelier\/\" \/>\n<meta property=\"og:site_name\" content=\"InfoMedia-L&#039;informatique pour tous\" \/>\n<meta property=\"article:modified_time\" content=\"2024-02-01T11:26:23+00:00\" \/>\n<meta name=\"twitter:card\" content=\"summary_large_image\" \/>\n<meta name=\"twitter:label1\" content=\"Dur\u00e9e de lecture estim\u00e9e\" \/>\n\t<meta name=\"twitter:data1\" content=\"1 minute\" \/>\n<script type=\"application\/ld+json\" class=\"yoast-schema-graph\">{\"@context\":\"https:\\\/\\\/schema.org\",\"@graph\":[{\"@type\":\"WebPage\",\"@id\":\"https:\\\/\\\/www.infomedia42.com\\\/orion\\\/ateliers\\\/activites-en-atelier\\\/\",\"url\":\"https:\\\/\\\/www.infomedia42.com\\\/orion\\\/ateliers\\\/activites-en-atelier\\\/\",\"name\":\"Activit\u00e9s en atelier - InfoMedia-L&#039;informatique pour tous\",\"isPartOf\":{\"@id\":\"https:\\\/\\\/www.infomedia42.com\\\/orion\\\/#website\"},\"datePublished\":\"2022-05-22T16:42:58+00:00\",\"dateModified\":\"2024-02-01T11:26:23+00:00\",\"breadcrumb\":{\"@id\":\"https:\\\/\\\/www.infomedia42.com\\\/orion\\\/ateliers\\\/activites-en-atelier\\\/#breadcrumb\"},\"inLanguage\":\"fr-FR\",\"potentialAction\":[{\"@type\":\"ReadAction\",\"target\":[\"https:\\\/\\\/www.infomedia42.com\\\/orion\\\/ateliers\\\/activites-en-atelier\\\/\"]}]},{\"@type\":\"BreadcrumbList\",\"@id\":\"https:\\\/\\\/www.infomedia42.com\\\/orion\\\/ateliers\\\/activites-en-atelier\\\/#breadcrumb\",\"itemListElement\":[{\"@type\":\"ListItem\",\"position\":1,\"name\":\"Accueil\",\"item\":\"https:\\\/\\\/www.infomedia42.com\\\/orion\\\/\"},{\"@type\":\"ListItem\",\"position\":2,\"name\":\"Ateliers\",\"item\":\"https:\\\/\\\/www.infomedia42.com\\\/orion\\\/ateliers\\\/\"},{\"@type\":\"ListItem\",\"position\":3,\"name\":\"Activit\u00e9s en atelier\"}]},{\"@type\":\"WebSite\",\"@id\":\"https:\\\/\\\/www.infomedia42.com\\\/orion\\\/#website\",\"url\":\"https:\\\/\\\/www.infomedia42.com\\\/orion\\\/\",\"name\":\"InfoMedia-L&#039;informatique pour tous\",\"description\":\"Site de l&#039;association InfoMedia\",\"publisher\":{\"@id\":\"https:\\\/\\\/www.infomedia42.com\\\/orion\\\/#organization\"},\"potentialAction\":[{\"@type\":\"SearchAction\",\"target\":{\"@type\":\"EntryPoint\",\"urlTemplate\":\"https:\\\/\\\/www.infomedia42.com\\\/orion\\\/?s={search_term_string}\"},\"query-input\":{\"@type\":\"PropertyValueSpecification\",\"valueRequired\":true,\"valueName\":\"search_term_string\"}}],\"inLanguage\":\"fr-FR\"},{\"@type\":\"Organization\",\"@id\":\"https:\\\/\\\/www.infomedia42.com\\\/orion\\\/#organization\",\"name\":\"InfoMedia-L&#039;informatique pour tous\",\"url\":\"https:\\\/\\\/www.infomedia42.com\\\/orion\\\/\",\"logo\":{\"@type\":\"ImageObject\",\"inLanguage\":\"fr-FR\",\"@id\":\"https:\\\/\\\/www.infomedia42.com\\\/orion\\\/#\\\/schema\\\/logo\\\/image\\\/\",\"url\":\"https:\\\/\\\/www.infomedia42.com\\\/orion\\\/wp-content\\\/uploads\\\/2024\\\/01\\\/cropped-Logodyn3secondes.gif\",\"contentUrl\":\"https:\\\/\\\/www.infomedia42.com\\\/orion\\\/wp-content\\\/uploads\\\/2024\\\/01\\\/cropped-Logodyn3secondes.gif\",\"width\":290,\"height\":290,\"caption\":\"InfoMedia-L&#039;informatique pour tous\"},\"image\":{\"@id\":\"https:\\\/\\\/www.infomedia42.com\\\/orion\\\/#\\\/schema\\\/logo\\\/image\\\/\"}}]}<\/script>\n<!-- \/ Yoast SEO plugin. -->","yoast_head_json":{"title":"Activit\u00e9s en atelier - InfoMedia-L&#039;informatique pour tous","robots":{"index":"index","follow":"follow","max-snippet":"max-snippet:-1","max-image-preview":"max-image-preview:large","max-video-preview":"max-video-preview:-1"},"canonical":"https:\/\/www.infomedia42.com\/orion\/ateliers\/activites-en-atelier\/","og_locale":"fr_FR","og_type":"article","og_title":"Activit\u00e9s en atelier - InfoMedia-L&#039;informatique pour tous","og_description":"Les th\u00e8mes abord\u00e9s par nos ateliers sont: Les bases de l\u2019informatique. Le syst\u00e8me d\u2019exploitation Microsoft Windows. Le syst\u00e8me d\u2019exploitation Apple IOS. Les images Photos Vid\u00e9os. Utilisation d\u2019Internet Utilisation du courrier \u00e9lectronique Pratique de la photo Apprentissage de la photographie, bases de la prise de vues Traitement des images (Photofiltre, Photoshop Elements, GIMP) Montage vid\u00e9o (Vid\u00e9o [&hellip;]","og_url":"https:\/\/www.infomedia42.com\/orion\/ateliers\/activites-en-atelier\/","og_site_name":"InfoMedia-L&#039;informatique pour tous","article_modified_time":"2024-02-01T11:26:23+00:00","twitter_card":"summary_large_image","twitter_misc":{"Dur\u00e9e de lecture estim\u00e9e":"1 minute"},"schema":{"@context":"https:\/\/schema.org","@graph":[{"@type":"WebPage","@id":"https:\/\/www.infomedia42.com\/orion\/ateliers\/activites-en-atelier\/","url":"https:\/\/www.infomedia42.com\/orion\/ateliers\/activites-en-atelier\/","name":"Activit\u00e9s en atelier - InfoMedia-L&#039;informatique pour tous","isPartOf":{"@id":"https:\/\/www.infomedia42.com\/orion\/#website"},"datePublished":"2022-05-22T16:42:58+00:00","dateModified":"2024-02-01T11:26:23+00:00","breadcrumb":{"@id":"https:\/\/www.infomedia42.com\/orion\/ateliers\/activites-en-atelier\/#breadcrumb"},"inLanguage":"fr-FR","potentialAction":[{"@type":"ReadAction","target":["https:\/\/www.infomedia42.com\/orion\/ateliers\/activites-en-atelier\/"]}]},{"@type":"BreadcrumbList","@id":"https:\/\/www.infomedia42.com\/orion\/ateliers\/activites-en-atelier\/#breadcrumb","itemListElement":[{"@type":"ListItem","position":1,"name":"Accueil","item":"https:\/\/www.infomedia42.com\/orion\/"},{"@type":"ListItem","position":2,"name":"Ateliers","item":"https:\/\/www.infomedia42.com\/orion\/ateliers\/"},{"@type":"ListItem","position":3,"name":"Activit\u00e9s en atelier"}]},{"@type":"WebSite","@id":"https:\/\/www.infomedia42.com\/orion\/#website","url":"https:\/\/www.infomedia42.com\/orion\/","name":"InfoMedia-L&#039;informatique pour tous","description":"Site de l&#039;association InfoMedia","publisher":{"@id":"https:\/\/www.infomedia42.com\/orion\/#organization"},"potentialAction":[{"@type":"SearchAction","target":{"@type":"EntryPoint","urlTemplate":"https:\/\/www.infomedia42.com\/orion\/?s={search_term_string}"},"query-input":{"@type":"PropertyValueSpecification","valueRequired":true,"valueName":"search_term_string"}}],"inLanguage":"fr-FR"},{"@type":"Organization","@id":"https:\/\/www.infomedia42.com\/orion\/#organization","name":"InfoMedia-L&#039;informatique pour tous","url":"https:\/\/www.infomedia42.com\/orion\/","logo":{"@type":"ImageObject","inLanguage":"fr-FR","@id":"https:\/\/www.infomedia42.com\/orion\/#\/schema\/logo\/image\/","url":"https:\/\/www.infomedia42.com\/orion\/wp-content\/uploads\/2024\/01\/cropped-Logodyn3secondes.gif","contentUrl":"https:\/\/www.infomedia42.com\/orion\/wp-content\/uploads\/2024\/01\/cropped-Logodyn3secondes.gif","width":290,"height":290,"caption":"InfoMedia-L&#039;informatique pour tous"},"image":{"@id":"https:\/\/www.infomedia42.com\/orion\/#\/schema\/logo\/image\/"}}]}},"_links":{"self":[{"href":"https:\/\/www.infomedia42.com\/orion\/wp-json\/wp\/v2\/pages\/744","targetHints":{"allow":["GET"]}}],"collection":[{"href":"https:\/\/www.infomedia42.com\/orion\/wp-json\/wp\/v2\/pages"}],"about":[{"href":"https:\/\/www.infomedia42.com\/orion\/wp-json\/wp\/v2\/types\/page"}],"author":[{"embeddable":true,"href":"https:\/\/www.infomedia42.com\/orion\/wp-json\/wp\/v2\/users\/1"}],"replies":[{"embeddable":true,"href":"https:\/\/www.infomedia42.com\/orion\/wp-json\/wp\/v2\/comments?post=744"}],"version-history":[{"count":7,"href":"https:\/\/www.infomedia42.com\/orion\/wp-json\/wp\/v2\/pages\/744\/revisions"}],"predecessor-version":[{"id":3130,"href":"https:\/\/www.infomedia42.com\/orion\/wp-json\/wp\/v2\/pages\/744\/revisions\/3130"}],"up":[{"embeddable":true,"href":"https:\/\/www.infomedia42.com\/orion\/wp-json\/wp\/v2\/pages\/218"}],"wp:attachment":[{"href":"https:\/\/www.infomedia42.com\/orion\/wp-json\/wp\/v2\/media?parent=744"}],"curies":[{"name":"wp","href":"https:\/\/api.w.org\/{rel}","templated":true}]}}