{"id":763,"date":"2022-05-22T19:07:15","date_gmt":"2022-05-22T17:07:15","guid":{"rendered":"http:\/\/www.infomedia42.com\/orion\/?page_id=763"},"modified":"2024-02-01T12:38:36","modified_gmt":"2024-02-01T11:38:36","slug":"presentation","status":"publish","type":"page","link":"https:\/\/www.infomedia42.com\/orion\/qui-sommes-nous\/presentation\/","title":{"rendered":"Pr\u00e9sentation"},"content":{"rendered":"\n<p>L\u2019association InfoMedia (Association d&rsquo;Informatique et de Multim\u00e9dia d\u2019Andr\u00e9zieux-Bouth\u00e9on) a pour but de faciliter l\u2019acc\u00e8s \u00e0 l\u2019informatique<\/p>\n\n\n\n<blockquote class=\"wp-block-quote is-layout-flow wp-block-quote-is-layout-flow\">\n<p>InfoMedia, l\u2019informatique pour tous !<\/p>\n<\/blockquote>\n\n\n\n<p>Elle utilise des salles mises \u00e0 sa disposition par les communes d\u2019Andr\u00e9zieux-Bouth\u00e9on, Saint Just-Saint Rambert et Saint Marcellin en Forez.<\/p>\n\n\n\n<p>Son mode de fonctionnement est bas\u00e9 sur le travail en ateliers conviviaux et ludiques dans lesquels :<\/p>\n\n\n\n<blockquote class=\"wp-block-quote is-layout-flow wp-block-quote-is-layout-flow\">\n<p>Celui qui en sait un peu plus aide celui qui en a besoin<\/p>\n<\/blockquote>\n\n\n\n<p>Il n\u2019y a donc pas de professeur, pas d\u2019examen, pas de programme \u00e0 tenir, et pas de stress !<\/p>\n\n\n\n<p>Dans ce site internet sans pr\u00e9tention, vous trouverez le minimum n\u00e9cessaire pour nous conna\u00eetre, comprendre notre fonctionnement et, nous l\u2019esp\u00e9rons, vous donner envie de nous rejoindre.<\/p>\n\n\n\n<blockquote class=\"wp-block-quote is-layout-flow wp-block-quote-is-layout-flow\">\n<p>A Bient\u00f4t \u00e0 InfoMedia !<\/p>\n<\/blockquote>\n\n\n\n<table id=\"tablepress-12\" class=\"tablepress tablepress-id-12\">\n<thead>\n<tr class=\"row-1\">\n\t<th class=\"column-1\">Qui sommes nous ?<\/th><th class=\"column-2\"><a href=\"https:\/\/www.infomedia42.com\/orion\/qui-sommes-nous\/presentation\">Pr\u00e9sentation de l'association<\/a><br \/>\n<a href=\"https:\/\/www.infomedia42.com\/orion\/qui-sommes-nous\/offre-demploi\/\">Offre d'emploi<\/a><br \/>\n<a href=\"https:\/\/www.infomedia42.com\/orion\/qui-sommes-nous\/notre-conseil-d-administration\/\">Le conseil d'administration<\/a><br \/>\n<a href=\"https:\/\/www.infomedia42.com\/orion\/qui-sommes-nous\/satuts-et-reglement-interieur\/\">Statuts et r\u00e8glement int\u00e9rieur<\/a><br \/>\n<a href=\"https:\/\/www.infomedia42.com\/orion\/qui-sommes-nous\/contact\/\">Nous contacter<\/a><br \/>\n<br \/>\n<\/th>\n<\/tr>\n<\/thead>\n<tbody class=\"row-striping row-hover\">\n<\/tbody>\n<\/table>\n<!-- #tablepress-12 from cache -->\n\n\n\n<p class=\"has-white-color has-text-color has-link-color wp-elements-28ff4bd27c13c5b86325fec54bb3b3c2\">Infomedia42.com &#8211; l&rsquo;informatique pour tous \u00e0 Andr\u00e9zieux-Bouth\u00e9on, Saint Just-Saint Rambert, Saint Marcellin en Forez<br>InfoMedia, votre association, votre club, pour l&rsquo;initiation \u00e0 l&rsquo;informatique et au multimedia :<br>Bureautique, Internet, facebook, Conception et impression 3D, num\u00e9risation, montage vid\u00e9o, retouche photo, club photo, MAC, Raspberry, r\u00e9par caf\u00e9<\/p>\n","protected":false},"excerpt":{"rendered":"<p>L\u2019association InfoMedia (Association d&rsquo;Informatique et de Multim\u00e9dia d\u2019Andr\u00e9zieux-Bouth\u00e9on) a pour but de faciliter l\u2019acc\u00e8s \u00e0 l\u2019informatique InfoMedia, l\u2019informatique pour tous ! Elle utilise des salles mises \u00e0 sa disposition par les communes d\u2019Andr\u00e9zieux-Bouth\u00e9on, Saint Just-Saint Rambert et Saint Marcellin en Forez. Son mode de fonctionnement est bas\u00e9 sur le travail en ateliers conviviaux et ludiques [&hellip;]<\/p>\n","protected":false},"author":1,"featured_media":0,"parent":122,"menu_order":0,"comment_status":"closed","ping_status":"closed","template":"","meta":{"footnotes":"","_links_to":"","_links_to_target":""},"class_list":["post-763","page","type-page","status-publish","czr-hentry"],"yoast_head":"<!-- This site is optimized with the Yoast SEO plugin v27.3 - https:\/\/yoast.com\/product\/yoast-seo-wordpress\/ -->\n<title>Pr\u00e9sentation - InfoMedia-L&#039;informatique pour tous<\/title>\n<meta name=\"description\" content=\"Initiation informatique; Andr\u00e9zieux; Saint Just-Saint Rambert, Saint Marcellin\" \/>\n<meta name=\"robots\" content=\"index, follow, max-snippet:-1, max-image-preview:large, max-video-preview:-1\" \/>\n<link rel=\"canonical\" href=\"https:\/\/www.infomedia42.com\/orion\/qui-sommes-nous\/presentation\/\" \/>\n<meta property=\"og:locale\" content=\"fr_FR\" \/>\n<meta property=\"og:type\" content=\"article\" \/>\n<meta property=\"og:title\" content=\"Pr\u00e9sentation - InfoMedia-L&#039;informatique pour tous\" \/>\n<meta property=\"og:description\" content=\"Initiation informatique; Andr\u00e9zieux; Saint Just-Saint Rambert, Saint Marcellin\" \/>\n<meta property=\"og:url\" content=\"https:\/\/www.infomedia42.com\/orion\/qui-sommes-nous\/presentation\/\" \/>\n<meta property=\"og:site_name\" content=\"InfoMedia-L&#039;informatique pour tous\" \/>\n<meta property=\"article:modified_time\" content=\"2024-02-01T11:38:36+00:00\" \/>\n<meta name=\"twitter:card\" content=\"summary_large_image\" \/>\n<meta name=\"twitter:label1\" content=\"Dur\u00e9e de lecture estim\u00e9e\" \/>\n\t<meta name=\"twitter:data1\" content=\"1 minute\" \/>\n<script type=\"application\/ld+json\" class=\"yoast-schema-graph\">{\"@context\":\"https:\\\/\\\/schema.org\",\"@graph\":[{\"@type\":\"WebPage\",\"@id\":\"https:\\\/\\\/www.infomedia42.com\\\/orion\\\/qui-sommes-nous\\\/presentation\\\/\",\"url\":\"https:\\\/\\\/www.infomedia42.com\\\/orion\\\/qui-sommes-nous\\\/presentation\\\/\",\"name\":\"Pr\u00e9sentation - InfoMedia-L&#039;informatique pour tous\",\"isPartOf\":{\"@id\":\"https:\\\/\\\/www.infomedia42.com\\\/orion\\\/#website\"},\"datePublished\":\"2022-05-22T17:07:15+00:00\",\"dateModified\":\"2024-02-01T11:38:36+00:00\",\"description\":\"Initiation informatique; Andr\u00e9zieux; Saint Just-Saint Rambert, Saint Marcellin\",\"breadcrumb\":{\"@id\":\"https:\\\/\\\/www.infomedia42.com\\\/orion\\\/qui-sommes-nous\\\/presentation\\\/#breadcrumb\"},\"inLanguage\":\"fr-FR\",\"potentialAction\":[{\"@type\":\"ReadAction\",\"target\":[\"https:\\\/\\\/www.infomedia42.com\\\/orion\\\/qui-sommes-nous\\\/presentation\\\/\"]}]},{\"@type\":\"BreadcrumbList\",\"@id\":\"https:\\\/\\\/www.infomedia42.com\\\/orion\\\/qui-sommes-nous\\\/presentation\\\/#breadcrumb\",\"itemListElement\":[{\"@type\":\"ListItem\",\"position\":1,\"name\":\"Accueil\",\"item\":\"https:\\\/\\\/www.infomedia42.com\\\/orion\\\/\"},{\"@type\":\"ListItem\",\"position\":2,\"name\":\"Qui sommes nous\",\"item\":\"https:\\\/\\\/www.infomedia42.com\\\/orion\\\/qui-sommes-nous\\\/\"},{\"@type\":\"ListItem\",\"position\":3,\"name\":\"Pr\u00e9sentation\"}]},{\"@type\":\"WebSite\",\"@id\":\"https:\\\/\\\/www.infomedia42.com\\\/orion\\\/#website\",\"url\":\"https:\\\/\\\/www.infomedia42.com\\\/orion\\\/\",\"name\":\"InfoMedia-L&#039;informatique pour tous\",\"description\":\"Site de l&#039;association InfoMedia\",\"publisher\":{\"@id\":\"https:\\\/\\\/www.infomedia42.com\\\/orion\\\/#organization\"},\"potentialAction\":[{\"@type\":\"SearchAction\",\"target\":{\"@type\":\"EntryPoint\",\"urlTemplate\":\"https:\\\/\\\/www.infomedia42.com\\\/orion\\\/?s={search_term_string}\"},\"query-input\":{\"@type\":\"PropertyValueSpecification\",\"valueRequired\":true,\"valueName\":\"search_term_string\"}}],\"inLanguage\":\"fr-FR\"},{\"@type\":\"Organization\",\"@id\":\"https:\\\/\\\/www.infomedia42.com\\\/orion\\\/#organization\",\"name\":\"InfoMedia-L&#039;informatique pour tous\",\"url\":\"https:\\\/\\\/www.infomedia42.com\\\/orion\\\/\",\"logo\":{\"@type\":\"ImageObject\",\"inLanguage\":\"fr-FR\",\"@id\":\"https:\\\/\\\/www.infomedia42.com\\\/orion\\\/#\\\/schema\\\/logo\\\/image\\\/\",\"url\":\"https:\\\/\\\/www.infomedia42.com\\\/orion\\\/wp-content\\\/uploads\\\/2024\\\/01\\\/cropped-Logodyn3secondes.gif\",\"contentUrl\":\"https:\\\/\\\/www.infomedia42.com\\\/orion\\\/wp-content\\\/uploads\\\/2024\\\/01\\\/cropped-Logodyn3secondes.gif\",\"width\":290,\"height\":290,\"caption\":\"InfoMedia-L&#039;informatique pour tous\"},\"image\":{\"@id\":\"https:\\\/\\\/www.infomedia42.com\\\/orion\\\/#\\\/schema\\\/logo\\\/image\\\/\"}}]}<\/script>\n<!-- \/ Yoast SEO plugin. -->","yoast_head_json":{"title":"Pr\u00e9sentation - InfoMedia-L&#039;informatique pour tous","description":"Initiation informatique; Andr\u00e9zieux; Saint Just-Saint Rambert, Saint Marcellin","robots":{"index":"index","follow":"follow","max-snippet":"max-snippet:-1","max-image-preview":"max-image-preview:large","max-video-preview":"max-video-preview:-1"},"canonical":"https:\/\/www.infomedia42.com\/orion\/qui-sommes-nous\/presentation\/","og_locale":"fr_FR","og_type":"article","og_title":"Pr\u00e9sentation - InfoMedia-L&#039;informatique pour tous","og_description":"Initiation informatique; Andr\u00e9zieux; Saint Just-Saint Rambert, Saint Marcellin","og_url":"https:\/\/www.infomedia42.com\/orion\/qui-sommes-nous\/presentation\/","og_site_name":"InfoMedia-L&#039;informatique pour tous","article_modified_time":"2024-02-01T11:38:36+00:00","twitter_card":"summary_large_image","twitter_misc":{"Dur\u00e9e de lecture estim\u00e9e":"1 minute"},"schema":{"@context":"https:\/\/schema.org","@graph":[{"@type":"WebPage","@id":"https:\/\/www.infomedia42.com\/orion\/qui-sommes-nous\/presentation\/","url":"https:\/\/www.infomedia42.com\/orion\/qui-sommes-nous\/presentation\/","name":"Pr\u00e9sentation - InfoMedia-L&#039;informatique pour tous","isPartOf":{"@id":"https:\/\/www.infomedia42.com\/orion\/#website"},"datePublished":"2022-05-22T17:07:15+00:00","dateModified":"2024-02-01T11:38:36+00:00","description":"Initiation informatique; Andr\u00e9zieux; Saint Just-Saint Rambert, Saint Marcellin","breadcrumb":{"@id":"https:\/\/www.infomedia42.com\/orion\/qui-sommes-nous\/presentation\/#breadcrumb"},"inLanguage":"fr-FR","potentialAction":[{"@type":"ReadAction","target":["https:\/\/www.infomedia42.com\/orion\/qui-sommes-nous\/presentation\/"]}]},{"@type":"BreadcrumbList","@id":"https:\/\/www.infomedia42.com\/orion\/qui-sommes-nous\/presentation\/#breadcrumb","itemListElement":[{"@type":"ListItem","position":1,"name":"Accueil","item":"https:\/\/www.infomedia42.com\/orion\/"},{"@type":"ListItem","position":2,"name":"Qui sommes nous","item":"https:\/\/www.infomedia42.com\/orion\/qui-sommes-nous\/"},{"@type":"ListItem","position":3,"name":"Pr\u00e9sentation"}]},{"@type":"WebSite","@id":"https:\/\/www.infomedia42.com\/orion\/#website","url":"https:\/\/www.infomedia42.com\/orion\/","name":"InfoMedia-L&#039;informatique pour tous","description":"Site de l&#039;association InfoMedia","publisher":{"@id":"https:\/\/www.infomedia42.com\/orion\/#organization"},"potentialAction":[{"@type":"SearchAction","target":{"@type":"EntryPoint","urlTemplate":"https:\/\/www.infomedia42.com\/orion\/?s={search_term_string}"},"query-input":{"@type":"PropertyValueSpecification","valueRequired":true,"valueName":"search_term_string"}}],"inLanguage":"fr-FR"},{"@type":"Organization","@id":"https:\/\/www.infomedia42.com\/orion\/#organization","name":"InfoMedia-L&#039;informatique pour tous","url":"https:\/\/www.infomedia42.com\/orion\/","logo":{"@type":"ImageObject","inLanguage":"fr-FR","@id":"https:\/\/www.infomedia42.com\/orion\/#\/schema\/logo\/image\/","url":"https:\/\/www.infomedia42.com\/orion\/wp-content\/uploads\/2024\/01\/cropped-Logodyn3secondes.gif","contentUrl":"https:\/\/www.infomedia42.com\/orion\/wp-content\/uploads\/2024\/01\/cropped-Logodyn3secondes.gif","width":290,"height":290,"caption":"InfoMedia-L&#039;informatique pour tous"},"image":{"@id":"https:\/\/www.infomedia42.com\/orion\/#\/schema\/logo\/image\/"}}]}},"_links":{"self":[{"href":"https:\/\/www.infomedia42.com\/orion\/wp-json\/wp\/v2\/pages\/763","targetHints":{"allow":["GET"]}}],"collection":[{"href":"https:\/\/www.infomedia42.com\/orion\/wp-json\/wp\/v2\/pages"}],"about":[{"href":"https:\/\/www.infomedia42.com\/orion\/wp-json\/wp\/v2\/types\/page"}],"author":[{"embeddable":true,"href":"https:\/\/www.infomedia42.com\/orion\/wp-json\/wp\/v2\/users\/1"}],"replies":[{"embeddable":true,"href":"https:\/\/www.infomedia42.com\/orion\/wp-json\/wp\/v2\/comments?post=763"}],"version-history":[{"count":3,"href":"https:\/\/www.infomedia42.com\/orion\/wp-json\/wp\/v2\/pages\/763\/revisions"}],"predecessor-version":[{"id":3144,"href":"https:\/\/www.infomedia42.com\/orion\/wp-json\/wp\/v2\/pages\/763\/revisions\/3144"}],"up":[{"embeddable":true,"href":"https:\/\/www.infomedia42.com\/orion\/wp-json\/wp\/v2\/pages\/122"}],"wp:attachment":[{"href":"https:\/\/www.infomedia42.com\/orion\/wp-json\/wp\/v2\/media?parent=763"}],"curies":[{"name":"wp","href":"https:\/\/api.w.org\/{rel}","templated":true}]}}